{"id":7892,"date":"2026-01-28T16:07:41","date_gmt":"2026-01-28T16:07:41","guid":{"rendered":"https:\/\/pelartlabbenelux.com\/product\/creme-eclaircissante-pour-les-yeux-fluide-pour-un-soin-delicat-du-contour-des-yeux-laboratoire-pelart-de-lys-blanc-line-30-ml\/"},"modified":"2026-02-04T16:16:14","modified_gmt":"2026-02-04T16:16:14","slug":"creme-eclaircissante-pour-les-yeux-fluide-pour-un-soin-delicat-du-contour-des-yeux-laboratoire-pelart-de-lys-blanc-line-30-ml","status":"publish","type":"product","link":"https:\/\/pelartlabbenelux.com\/fr\/produit\/creme-eclaircissante-pour-les-yeux-fluide-pour-un-soin-delicat-du-contour-des-yeux-laboratoire-pelart-de-lys-blanc-line-30-ml\/","title":{"rendered":"Cr\u00e8me \u00e9claircissante pour les yeux-Fluide pour un soin d\u00e9licat du contour des yeux Laboratoire Pelart De Lys Blanc Line, 30 ml"},"content":{"rendered":"<p data-start=\"112\" data-end=\"297\">Une cr\u00e8me-fluide professionnelle pour \u00e9claircir et soigner la peau sensible du contour des yeux. La formule renforce les capillaires, am\u00e9liore la microcirculation et aide \u00e0 unifier le teint.<\/p>\n<p data-start=\"299\" data-end=\"559\">Les ingr\u00e9dients actifs inhibent la tyrosinase et r\u00e9duisent la synth\u00e8se de la m\u00e9lanine, ce qui contribue \u00e0 att\u00e9nuer les cernes et les signes de pigmentation. La cr\u00e8me fluide restaure la barri\u00e8re hydrolipidique, maintient une hydratation optimale, stimule la r\u00e9g\u00e9n\u00e9ration et ralentit le photodommage.<\/p>\n<p data-start=\"561\" data-end=\"700\"><strong data-start=\"561\" data-end=\"578\">Principaux b\u00e9n\u00e9fices :<\/strong><br data-start=\"578\" data-end=\"581\" \/>&#8211; \u00c9claircit la peau du contour des yeux<br data-start=\"617\" data-end=\"620\" \/>&#8211; Att\u00e9nue les cernes<br data-start=\"642\" data-end=\"645\" \/>&#8211; Renforce les vaisseaux sanguins<br data-start=\"672\" data-end=\"675\" \/>&#8211; Hydrate et prot\u00e8ge<\/p>\n<p data-start=\"702\" data-end=\"872\" data-is-last-node=\"\" data-is-only-node=\"\"><strong data-start=\"702\" data-end=\"725\">Mode d&#8217;emploi :<\/strong><br data-start=\"725\" data-end=\"728\" \/>Appliquez sur la peau nettoy\u00e9e des paupi\u00e8res par de l\u00e9gers tapotements de l&rsquo;int\u00e9rieur vers l&rsquo;ext\u00e9rieur de l&rsquo;\u0153il, deux fois par jour. Convient comme base de maquillage.<\/p>\n<p data-start=\"702\" data-end=\"872\" data-is-last-node=\"\" data-is-only-node=\"\"><span data-sheets-root=\"1\"><strong>Ingr\u00e9dients :<\/strong><br \/>\nAqua (Eau), Extraits : M\u00fbre, Busserole, Huiles : S\u00e9same, Onagre, Argousier, Ur\u00e9e, Poudre de riz, Allanto\u00efne, D-Panth\u00e9nol, Dim\u00e9thicone, Cyclopentasiloxane, Sodium Ascorbyl Phosphate, Glyc\u00e9rine, Ac\u00e9tate de tocoph\u00e9rol, Composition parfum\u00e9e<br \/>\n. <\/span><\/p>\n","protected":false},"excerpt":{"rendered":"<p>Une cr\u00e8me-fluide professionnelle pour \u00e9claircir et soigner la peau sensible du contour des yeux. La formule renforce les capillaires, am\u00e9liore la microcirculation et aide \u00e0 unifier le teint. Les ingr\u00e9dients actifs inhibent la tyrosinase et r\u00e9duisent la synth\u00e8se de la m\u00e9lanine, ce qui contribue \u00e0 att\u00e9nuer les cernes et les signes de pigmentation. La cr\u00e8me [&hellip;]<\/p>\n","protected":false},"featured_media":7893,"comment_status":"open","ping_status":"closed","template":"","meta":[],"product_brand":[62],"product_cat":[123],"product_tag":[],"class_list":{"0":"post-7892","1":"product","2":"type-product","3":"status-publish","4":"has-post-thumbnail","6":"product_brand-de-lys-blanc-line","7":"product_cat-de-lys-blanc-line-soins-de-la-peau-avec-pigmentation-a-base-de-lys","9":"first","10":"instock","11":"shipping-taxable","12":"purchasable","13":"product-type-simple"},"aioseo_notices":[],"_links":{"self":[{"href":"https:\/\/pelartlabbenelux.com\/fr\/wp-json\/wp\/v2\/product\/7892","targetHints":{"allow":["GET"]}}],"collection":[{"href":"https:\/\/pelartlabbenelux.com\/fr\/wp-json\/wp\/v2\/product"}],"about":[{"href":"https:\/\/pelartlabbenelux.com\/fr\/wp-json\/wp\/v2\/types\/product"}],"replies":[{"embeddable":true,"href":"https:\/\/pelartlabbenelux.com\/fr\/wp-json\/wp\/v2\/comments?post=7892"}],"version-history":[{"count":1,"href":"https:\/\/pelartlabbenelux.com\/fr\/wp-json\/wp\/v2\/product\/7892\/revisions"}],"predecessor-version":[{"id":7903,"href":"https:\/\/pelartlabbenelux.com\/fr\/wp-json\/wp\/v2\/product\/7892\/revisions\/7903"}],"wp:featuredmedia":[{"embeddable":true,"href":"https:\/\/pelartlabbenelux.com\/fr\/wp-json\/wp\/v2\/media\/7893"}],"wp:attachment":[{"href":"https:\/\/pelartlabbenelux.com\/fr\/wp-json\/wp\/v2\/media?parent=7892"}],"wp:term":[{"taxonomy":"product_brand","embeddable":true,"href":"https:\/\/pelartlabbenelux.com\/fr\/wp-json\/wp\/v2\/product_brand?post=7892"},{"taxonomy":"product_cat","embeddable":true,"href":"https:\/\/pelartlabbenelux.com\/fr\/wp-json\/wp\/v2\/product_cat?post=7892"},{"taxonomy":"product_tag","embeddable":true,"href":"https:\/\/pelartlabbenelux.com\/fr\/wp-json\/wp\/v2\/product_tag?post=7892"}],"curies":[{"name":"wp","href":"https:\/\/api.w.org\/{rel}","templated":true}]}}