{"id":7890,"date":"2026-01-28T16:07:41","date_gmt":"2026-01-28T16:07:41","guid":{"rendered":"https:\/\/pelartlabbenelux.com\/product\/serum-eclaircissant-melfade-j-pelart-laboratoire-de-lys-blanc-line-30-ml\/"},"modified":"2026-02-04T16:16:30","modified_gmt":"2026-02-04T16:16:30","slug":"serum-eclaircissant-melfade-j-pelart-laboratoire-de-lys-blanc-line-30-ml","status":"publish","type":"product","link":"https:\/\/pelartlabbenelux.com\/fr\/produit\/serum-eclaircissant-melfade-j-pelart-laboratoire-de-lys-blanc-line-30-ml\/","title":{"rendered":"S\u00e9rum \u00e9claircissant MELFADE-J Pelart Laboratoire De Lys Blanc Line, 30 ml"},"content":{"rendered":"<p data-start=\"78\" data-end=\"288\">S\u00e9rum professionnel \u00e9claircissant pour corriger les hyperpigmentations d&rsquo;origines diverses. Les principes actifs r\u00e9duisent efficacement les taches pigmentaires, r\u00e9tablissent le pH et le microbiome de la peau et renforcent la barri\u00e8re \u00e9pidermique.<\/p>\n<p data-start=\"290\" data-end=\"482\">La forme liposomale assure une diffusion s\u00fbre et profonde des ingr\u00e9dients actifs. Le s\u00e9rum a des effets antioxydants et hydratants, il unifie le teint de la peau et la rend plus lisse et plus \u00e9lastique.<\/p>\n<p data-start=\"484\" data-end=\"641\"><strong data-start=\"484\" data-end=\"501\">Principaux b\u00e9n\u00e9fices :<\/strong><br data-start=\"501\" data-end=\"504\" \/>&#8211; \u00c9claircit la pigmentation<br data-start=\"528\" data-end=\"531\" \/>&#8211; Unifie le teint<br data-start=\"548\" data-end=\"551\" \/>&#8211; Renforce la barri\u00e8re protectrice<br data-start=\"587\" data-end=\"590\" \/>&#8211; Hydrate et fournit une protection antioxydante<\/p>\n<p data-start=\"643\" data-end=\"835\" data-is-last-node=\"\" data-is-only-node=\"\"><strong data-start=\"643\" data-end=\"666\">Mode d&#8217;emploi :<\/strong><br data-start=\"666\" data-end=\"669\" \/>Appliquer sur le visage ou localement sur les zones pigment\u00e9es le soir avant de dormir. Utiliser en cure de 6 \u00e0 8 semaines en association avec la cr\u00e8me de la gamme. L&rsquo;utilisation du SPF est obligatoire.<\/p>\n<p data-start=\"643\" data-end=\"835\" data-is-last-node=\"\" data-is-only-node=\"\"><span data-sheets-root=\"1\"><strong>Ingr\u00e9dients :<\/strong> Aqua (Eau), Arbutin, L\u00e9cithine, Acide de lin, Ac\u00e9tate de tocoph\u00e9rol, Palmitate d&rsquo;ascorbyle, Glutathion, Glyc\u00e9rine, Niacinamide, Ascorbate de 3-Glyc\u00e9rol, L\u00e9cithine, Extrait de germes de raifort, Acide gallique diglucosyl, Copolym\u00e8re d&rsquo;acrylate d&rsquo;hydroxy\u00e9thyle\/acrylamidom\u00e9thyltaurate de sodium, Extrait de busserole, Caprylate de sorbitan, Propanediol, Acide benzo\u00efque, Composition parfum\u00e9e.<\/span><\/p>\n","protected":false},"excerpt":{"rendered":"<p>S\u00e9rum professionnel \u00e9claircissant pour corriger les hyperpigmentations d&rsquo;origines diverses. Les principes actifs r\u00e9duisent efficacement les taches pigmentaires, r\u00e9tablissent le pH et le microbiome de la peau et renforcent la barri\u00e8re \u00e9pidermique. La forme liposomale assure une diffusion s\u00fbre et profonde des ingr\u00e9dients actifs. Le s\u00e9rum a des effets antioxydants et hydratants, il unifie le teint [&hellip;]<\/p>\n","protected":false},"featured_media":7891,"comment_status":"open","ping_status":"closed","template":"","meta":[],"product_brand":[62],"product_cat":[123],"product_tag":[],"class_list":{"0":"post-7890","1":"product","2":"type-product","3":"status-publish","4":"has-post-thumbnail","6":"product_brand-de-lys-blanc-line","7":"product_cat-de-lys-blanc-line-soins-de-la-peau-avec-pigmentation-a-base-de-lys","9":"first","10":"instock","11":"shipping-taxable","12":"purchasable","13":"product-type-simple"},"aioseo_notices":[],"_links":{"self":[{"href":"https:\/\/pelartlabbenelux.com\/fr\/wp-json\/wp\/v2\/product\/7890","targetHints":{"allow":["GET"]}}],"collection":[{"href":"https:\/\/pelartlabbenelux.com\/fr\/wp-json\/wp\/v2\/product"}],"about":[{"href":"https:\/\/pelartlabbenelux.com\/fr\/wp-json\/wp\/v2\/types\/product"}],"replies":[{"embeddable":true,"href":"https:\/\/pelartlabbenelux.com\/fr\/wp-json\/wp\/v2\/comments?post=7890"}],"version-history":[{"count":1,"href":"https:\/\/pelartlabbenelux.com\/fr\/wp-json\/wp\/v2\/product\/7890\/revisions"}],"predecessor-version":[{"id":7904,"href":"https:\/\/pelartlabbenelux.com\/fr\/wp-json\/wp\/v2\/product\/7890\/revisions\/7904"}],"wp:featuredmedia":[{"embeddable":true,"href":"https:\/\/pelartlabbenelux.com\/fr\/wp-json\/wp\/v2\/media\/7891"}],"wp:attachment":[{"href":"https:\/\/pelartlabbenelux.com\/fr\/wp-json\/wp\/v2\/media?parent=7890"}],"wp:term":[{"taxonomy":"product_brand","embeddable":true,"href":"https:\/\/pelartlabbenelux.com\/fr\/wp-json\/wp\/v2\/product_brand?post=7890"},{"taxonomy":"product_cat","embeddable":true,"href":"https:\/\/pelartlabbenelux.com\/fr\/wp-json\/wp\/v2\/product_cat?post=7890"},{"taxonomy":"product_tag","embeddable":true,"href":"https:\/\/pelartlabbenelux.com\/fr\/wp-json\/wp\/v2\/product_tag?post=7890"}],"curies":[{"name":"wp","href":"https:\/\/api.w.org\/{rel}","templated":true}]}}