{"id":7888,"date":"2026-01-28T16:07:41","date_gmt":"2026-01-28T16:07:41","guid":{"rendered":"https:\/\/pelartlabbenelux.com\/product\/gel-masque-eclaircissant-de-lys-blanc-laboratoire-pelart-ligne-de-lys-blanc-250-ml\/"},"modified":"2026-02-04T16:16:45","modified_gmt":"2026-02-04T16:16:45","slug":"gel-masque-eclaircissant-de-lys-blanc-laboratoire-pelart-ligne-de-lys-blanc-250-ml","status":"publish","type":"product","link":"https:\/\/pelartlabbenelux.com\/fr\/produit\/gel-masque-eclaircissant-de-lys-blanc-laboratoire-pelart-ligne-de-lys-blanc-250-ml\/","title":{"rendered":"Gel-Masque Eclaircissant DE LYS BLANC Laboratoire Pelart Ligne De Lys Blanc, 250 ml"},"content":{"rendered":"<p data-start=\"0\" data-end=\"426\">Masque gel \u00e9claircissant ciblant les \u00e9tapes cl\u00e9s de la m\u00e9lanog\u00e9n\u00e8se. La formule inhibe l&rsquo;\u03b1-MSH &#8211; l&rsquo;hormone qui stimule la pigmentation &#8211; et neutralise les radicaux libres. Le complexe d&rsquo;arbutine, de palmitate d&rsquo;ascorbyle et d&rsquo;extrait de busserole procure un effet d\u00e9pigmentant prononc\u00e9 et s\u00fbr. Le syst\u00e8me liposomal \u00e0 base d&rsquo;extrait de germe de raifort exerce une action antioxydante et anti-inflammatoire, am\u00e9liorant la fermet\u00e9 et l&rsquo;\u00e9lasticit\u00e9 de la peau.<\/p>\n<p data-start=\"428\" data-end=\"597\"><strong data-start=\"428\" data-end=\"444\">Principaux effets :<\/strong><br data-start=\"444\" data-end=\"447\" \/>&#8211; \u00c9claircir et unifier le teint<br data-start=\"486\" data-end=\"489\" data-is-only-node=\"\" \/>&#8211; R\u00e9duire l&rsquo;apparence de la pigmentation<br data-start=\"530\" data-end=\"533\" \/>&#8211; Protection antioxydante<br data-start=\"557\" data-end=\"560\" \/>&#8211; Am\u00e9liorer la fermet\u00e9 et l&rsquo;\u00e9lasticit\u00e9 de la peau<\/p>\n<p data-start=\"599\" data-end=\"772\" data-is-last-node=\"\" data-is-only-node=\"\"><strong data-start=\"599\" data-end=\"614\">Mode d&#8217;emploi :<\/strong><br data-start=\"614\" data-end=\"617\" \/>Utiliser 2 \u00e0 5 fois par semaine. Appliquez sur la peau nettoy\u00e9e pendant 20 minutes, puis rincez \u00e0 l&rsquo;eau. Il est recommand\u00e9 de l&rsquo;utiliser en combinaison avec le s\u00e9rum 10044 et le booster 10092.<\/p>\n<p data-start=\"599\" data-end=\"772\" data-is-last-node=\"\" data-is-only-node=\"\"><span data-sheets-root=\"1\"><strong>Ingr\u00e9dients :<\/strong><br \/>\nAqua (Eau), Niacinamide, Arbutine, L\u00e9cithine, Acide de Lin, Ac\u00e9tate de Tocoph\u00e9rol, Palmitate d&rsquo;Ascorbyle, Glutathion, Glyc\u00e9rine, Ascorbate de 3-Glyc\u00e9rol, L\u00e9cithine, Extrait de germes de Raifort, Acide gallique diglucosyl, copolym\u00e8re d&rsquo;acrylate d&rsquo;hydroxy\u00e9thyle\/acrylamidom\u00e9thyltaurate de sodium, extrait de busserole, caprylate de sorbitan, propanediol, acide benzo\u00efque, composition parfum\u00e9e. <\/span><\/p>\n","protected":false},"excerpt":{"rendered":"<p>Masque gel \u00e9claircissant ciblant les \u00e9tapes cl\u00e9s de la m\u00e9lanog\u00e9n\u00e8se. La formule inhibe l&rsquo;\u03b1-MSH &#8211; l&rsquo;hormone qui stimule la pigmentation &#8211; et neutralise les radicaux libres. Le complexe d&rsquo;arbutine, de palmitate d&rsquo;ascorbyle et d&rsquo;extrait de busserole procure un effet d\u00e9pigmentant prononc\u00e9 et s\u00fbr. Le syst\u00e8me liposomal \u00e0 base d&rsquo;extrait de germe de raifort exerce une [&hellip;]<\/p>\n","protected":false},"featured_media":7889,"comment_status":"open","ping_status":"closed","template":"","meta":[],"product_brand":[62],"product_cat":[123],"product_tag":[],"class_list":{"0":"post-7888","1":"product","2":"type-product","3":"status-publish","4":"has-post-thumbnail","6":"product_brand-de-lys-blanc-line","7":"product_cat-de-lys-blanc-line-soins-de-la-peau-avec-pigmentation-a-base-de-lys","9":"first","10":"instock","11":"shipping-taxable","12":"purchasable","13":"product-type-simple"},"aioseo_notices":[],"_links":{"self":[{"href":"https:\/\/pelartlabbenelux.com\/fr\/wp-json\/wp\/v2\/product\/7888","targetHints":{"allow":["GET"]}}],"collection":[{"href":"https:\/\/pelartlabbenelux.com\/fr\/wp-json\/wp\/v2\/product"}],"about":[{"href":"https:\/\/pelartlabbenelux.com\/fr\/wp-json\/wp\/v2\/types\/product"}],"replies":[{"embeddable":true,"href":"https:\/\/pelartlabbenelux.com\/fr\/wp-json\/wp\/v2\/comments?post=7888"}],"version-history":[{"count":1,"href":"https:\/\/pelartlabbenelux.com\/fr\/wp-json\/wp\/v2\/product\/7888\/revisions"}],"predecessor-version":[{"id":7905,"href":"https:\/\/pelartlabbenelux.com\/fr\/wp-json\/wp\/v2\/product\/7888\/revisions\/7905"}],"wp:featuredmedia":[{"embeddable":true,"href":"https:\/\/pelartlabbenelux.com\/fr\/wp-json\/wp\/v2\/media\/7889"}],"wp:attachment":[{"href":"https:\/\/pelartlabbenelux.com\/fr\/wp-json\/wp\/v2\/media?parent=7888"}],"wp:term":[{"taxonomy":"product_brand","embeddable":true,"href":"https:\/\/pelartlabbenelux.com\/fr\/wp-json\/wp\/v2\/product_brand?post=7888"},{"taxonomy":"product_cat","embeddable":true,"href":"https:\/\/pelartlabbenelux.com\/fr\/wp-json\/wp\/v2\/product_cat?post=7888"},{"taxonomy":"product_tag","embeddable":true,"href":"https:\/\/pelartlabbenelux.com\/fr\/wp-json\/wp\/v2\/product_tag?post=7888"}],"curies":[{"name":"wp","href":"https:\/\/api.w.org\/{rel}","templated":true}]}}