{"id":7886,"date":"2026-01-28T16:07:41","date_gmt":"2026-01-28T16:07:41","guid":{"rendered":"https:\/\/pelartlabbenelux.com\/product\/creme-reparatrice-spf-30-de-lys-blanc-pour-les-peaux-pigmentees-ligne-de-lys-blanc-50-ml\/"},"modified":"2026-02-04T16:17:01","modified_gmt":"2026-02-04T16:17:01","slug":"creme-reparatrice-spf-30-de-lys-blanc-pour-les-peaux-pigmentees-ligne-de-lys-blanc-50-ml","status":"publish","type":"product","link":"https:\/\/pelartlabbenelux.com\/fr\/produit\/creme-reparatrice-spf-30-de-lys-blanc-pour-les-peaux-pigmentees-ligne-de-lys-blanc-50-ml\/","title":{"rendered":"Cr\u00e8me r\u00e9paratrice SPF 30 De Lys Blanc pour les peaux pigment\u00e9es Ligne De Lys Blanc, 50 ml"},"content":{"rendered":"<p data-start=\"0\" data-end=\"357\">La cr\u00e8me r\u00e9paratrice avec SPF 30 est con\u00e7ue pour les peaux pigment\u00e9es et irr\u00e9guli\u00e8res. Sa formule, \u00e0 base d&rsquo;extraits de plantes dont l&rsquo;arbutine de la busserole, exerce un effet d\u00e9pigmentant prononc\u00e9 en inhibant la tyrosinase et aide \u00e0 pr\u00e9venir la formation de nouvelles taches pigmentaires. La cr\u00e8me convient pour un \u00e9claircissement uniforme de la peau, y compris sur les zones pr\u00e9sentant des taches de rousseur.<\/p>\n<p data-start=\"359\" data-end=\"680\">Un syst\u00e8me \u00e9quilibr\u00e9 de filtres UVA\/UVB assure une protection solaire fiable et aide \u00e0 pr\u00e9venir le photovieillissement. La texture l\u00e9g\u00e8re p\u00e9n\u00e8tre rapidement, ne laisse pas de brillance grasse et donne \u00e0 la peau un aspect mat et soign\u00e9. Convient \u00e0 tous les types de peau et peut \u00eatre utilis\u00e9 comme base de maquillage pendant les p\u00e9riodes d&rsquo;exposition active au soleil.<\/p>\n<p data-start=\"682\" data-end=\"885\"><strong data-start=\"682\" data-end=\"698\">Principaux effets :<\/strong><br data-start=\"698\" data-end=\"701\" \/>&#8211; \u00e9claircissement et pr\u00e9vention de l&rsquo;hyperpigmentation<br data-start=\"750\" data-end=\"753\" \/>&#8211; protection contre les rayons UVA\/UVB<br data-start=\"788\" data-end=\"791\" \/>&#8211; uniformisation du teint<br data-start=\"814\" data-end=\"817\" \/>&#8211; pr\u00e9vention du photovieillissement<br data-start=\"843\" data-end=\"846\" \/>&#8211; effet matifiant sans lourdeur<\/p>\n<p data-start=\"887\" data-end=\"999\" data-is-last-node=\"\" data-is-only-node=\"\"><strong data-start=\"887\" data-end=\"902\">Mode d&#8217;emploi :<\/strong><br data-start=\"902\" data-end=\"905\" \/>Appliquez le matin sur une peau nettoy\u00e9e apr\u00e8s avoir utilis\u00e9 le gel nettoyant (10040) et le tonique (10041).<\/p>\n<p data-start=\"887\" data-end=\"999\" data-is-last-node=\"\" data-is-only-node=\"\"><span data-sheets-root=\"1\"><strong>Ingr\u00e9dients :<\/strong><br \/>\nAqua (Water), UVA\/UVB filter complex, Extracts : Busserole, Lys, Huiles : Olive, Germe de bl\u00e9, D-Panth\u00e9nol,<br \/>\nDimethicone, Alkyl Benzoate, Cyclopentasiloxane, Dimethiconol, Sodium Ascorbyl Phosphate, Glyc\u00e9rine, Sorbitan Caprylate, Propanediol, Acide Benzo\u00efque, Composition parfum\u00e9e. <\/span><\/p>\n","protected":false},"excerpt":{"rendered":"<p>La cr\u00e8me r\u00e9paratrice avec SPF 30 est con\u00e7ue pour les peaux pigment\u00e9es et irr\u00e9guli\u00e8res. Sa formule, \u00e0 base d&rsquo;extraits de plantes dont l&rsquo;arbutine de la busserole, exerce un effet d\u00e9pigmentant prononc\u00e9 en inhibant la tyrosinase et aide \u00e0 pr\u00e9venir la formation de nouvelles taches pigmentaires. La cr\u00e8me convient pour un \u00e9claircissement uniforme de la peau, [&hellip;]<\/p>\n","protected":false},"featured_media":7887,"comment_status":"open","ping_status":"closed","template":"","meta":[],"product_brand":[62],"product_cat":[123],"product_tag":[],"class_list":{"0":"post-7886","1":"product","2":"type-product","3":"status-publish","4":"has-post-thumbnail","6":"product_brand-de-lys-blanc-line","7":"product_cat-de-lys-blanc-line-soins-de-la-peau-avec-pigmentation-a-base-de-lys","9":"first","10":"instock","11":"shipping-taxable","12":"purchasable","13":"product-type-simple"},"aioseo_notices":[],"_links":{"self":[{"href":"https:\/\/pelartlabbenelux.com\/fr\/wp-json\/wp\/v2\/product\/7886","targetHints":{"allow":["GET"]}}],"collection":[{"href":"https:\/\/pelartlabbenelux.com\/fr\/wp-json\/wp\/v2\/product"}],"about":[{"href":"https:\/\/pelartlabbenelux.com\/fr\/wp-json\/wp\/v2\/types\/product"}],"replies":[{"embeddable":true,"href":"https:\/\/pelartlabbenelux.com\/fr\/wp-json\/wp\/v2\/comments?post=7886"}],"version-history":[{"count":1,"href":"https:\/\/pelartlabbenelux.com\/fr\/wp-json\/wp\/v2\/product\/7886\/revisions"}],"predecessor-version":[{"id":7906,"href":"https:\/\/pelartlabbenelux.com\/fr\/wp-json\/wp\/v2\/product\/7886\/revisions\/7906"}],"wp:featuredmedia":[{"embeddable":true,"href":"https:\/\/pelartlabbenelux.com\/fr\/wp-json\/wp\/v2\/media\/7887"}],"wp:attachment":[{"href":"https:\/\/pelartlabbenelux.com\/fr\/wp-json\/wp\/v2\/media?parent=7886"}],"wp:term":[{"taxonomy":"product_brand","embeddable":true,"href":"https:\/\/pelartlabbenelux.com\/fr\/wp-json\/wp\/v2\/product_brand?post=7886"},{"taxonomy":"product_cat","embeddable":true,"href":"https:\/\/pelartlabbenelux.com\/fr\/wp-json\/wp\/v2\/product_cat?post=7886"},{"taxonomy":"product_tag","embeddable":true,"href":"https:\/\/pelartlabbenelux.com\/fr\/wp-json\/wp\/v2\/product_tag?post=7886"}],"curies":[{"name":"wp","href":"https:\/\/api.w.org\/{rel}","templated":true}]}}