{"id":7884,"date":"2026-01-28T16:07:41","date_gmt":"2026-01-28T16:07:41","guid":{"rendered":"https:\/\/pelartlabbenelux.com\/product\/creme-anti-poches-et-anti-cernes-de-lys-blanc-line-30-ml\/"},"modified":"2026-02-04T16:18:14","modified_gmt":"2026-02-04T16:18:14","slug":"creme-anti-poches-et-anti-cernes-de-lys-blanc-line-30-ml","status":"publish","type":"product","link":"https:\/\/pelartlabbenelux.com\/fr\/produit\/creme-anti-poches-et-anti-cernes-de-lys-blanc-line-30-ml\/","title":{"rendered":"Cr\u00e8me anti-poches et anti-cernes De Lys Blanc Line, 30 ml"},"content":{"rendered":"<p data-start=\"84\" data-end=\"390\">La cr\u00e8me pour le contour des yeux est con\u00e7ue pour corriger les cernes, les poches et les premiers signes de vieillissement. Sa formule innovante, \u00e0 base de biopolysaccharides, de phospho- et sphingolipides, de bioflavono\u00efdes et de peptides, procure une hydratation et une nutrition intenses, am\u00e9liore la densit\u00e9 de la peau et aide \u00e0 lisser les rides d&rsquo;expression.<\/p>\n<p data-start=\"392\" data-end=\"665\">Le produit unifie le teint dans la zone p\u00e9rioculaire, r\u00e9duit l&rsquo;apparence des taches brunes, r\u00e9tablit l&rsquo;\u00e9quilibre hydro-lipidique et diminue la perte d&rsquo;eau trans\u00e9pidermique. Sa texture l\u00e9g\u00e8re p\u00e9n\u00e8tre rapidement et convient \u00e0 un usage quotidien, y compris comme base de maquillage.<\/p>\n<p data-start=\"667\" data-end=\"892\"><strong data-start=\"667\" data-end=\"683\">Effets cl\u00e9s :<\/strong><br data-start=\"683\" data-end=\"686\" \/>&#8211; Att\u00e9nue les cernes et les poches<br data-start=\"722\" data-end=\"725\" \/>&#8211; Unifie le teint du contour des yeux<br data-start=\"766\" data-end=\"769\" \/>&#8211; Hydrate et nourrit intens\u00e9ment<br data-start=\"813\" data-end=\"816\" \/>&#8211; Am\u00e9liore la fermet\u00e9 et la densit\u00e9 de la peau<br data-start=\"852\" data-end=\"855\" \/>&#8211; R\u00e9duit la perte d&rsquo;eau trans\u00e9pidermique<\/p>\n<p data-start=\"894\" data-end=\"1043\"><strong data-start=\"894\" data-end=\"909\">Mode d&#8217;emploi :<\/strong><br data-start=\"909\" data-end=\"912\" \/>Appliquez sur la peau nettoy\u00e9e des paupi\u00e8res par de l\u00e9gers tapotements de l&rsquo;int\u00e9rieur vers l&rsquo;ext\u00e9rieur de l&rsquo;\u0153il. Utilisez matin et soir.<\/p>\n<p data-start=\"894\" data-end=\"1043\"><span data-sheets-root=\"1\"><strong>Ingr\u00e9dients :<\/strong><br \/>\nAqua (Eau), Extrait de Marron d&rsquo;Inde, Prot\u00e9ine de Riz Hydrolys\u00e9e, Cyclopentasiloxane Dimethiconol, Propylheptyl Caprylate, Extrait d&rsquo;Algues, Hexyl\u00e8ne Glycol, Caprylyl Glycol, Gomme Xanthane, Gomme Rhizobium Hydrolys\u00e9e, Extrait de R\u00e9sine d&rsquo;Acacia S\u00e9n\u00e9galais, Methylglucoside-6-Phosphate, Lysine, Proline, Amidon de Ma\u00efs Hydrolys\u00e9, Huiles : Avocat, Jojoba, Olive, Dim\u00e9thicone, Acetyl Hexapeptide-8, Glyc\u00e9rine, Disodium Acetylglucosaminophosphate, Sodium Gluconate, Magnesium Sulfate, Acetyl<br \/>\nTetrapeptide-11, Acetyl Tetrapeptide-9, Rutine, Caf\u00e9ine, Escin, Sodium Hyaluronate, Tetranatrium Tetracarboxymethyl Narginin Chalcone, Epigallocatechin Gallate Glucoside, Sorbitan Caprylate, Propanediol, Benzoic Acid, Composition parfum\u00e9e. <\/span><\/p>\n","protected":false},"excerpt":{"rendered":"<p>La cr\u00e8me pour le contour des yeux est con\u00e7ue pour corriger les cernes, les poches et les premiers signes de vieillissement. Sa formule innovante, \u00e0 base de biopolysaccharides, de phospho- et sphingolipides, de bioflavono\u00efdes et de peptides, procure une hydratation et une nutrition intenses, am\u00e9liore la densit\u00e9 de la peau et aide \u00e0 lisser les [&hellip;]<\/p>\n","protected":false},"featured_media":7885,"comment_status":"open","ping_status":"closed","template":"","meta":[],"product_brand":[62],"product_cat":[123],"product_tag":[],"class_list":{"0":"post-7884","1":"product","2":"type-product","3":"status-publish","4":"has-post-thumbnail","6":"product_brand-de-lys-blanc-line","7":"product_cat-de-lys-blanc-line-soins-de-la-peau-avec-pigmentation-a-base-de-lys","9":"first","10":"instock","11":"shipping-taxable","12":"purchasable","13":"product-type-simple"},"aioseo_notices":[],"_links":{"self":[{"href":"https:\/\/pelartlabbenelux.com\/fr\/wp-json\/wp\/v2\/product\/7884","targetHints":{"allow":["GET"]}}],"collection":[{"href":"https:\/\/pelartlabbenelux.com\/fr\/wp-json\/wp\/v2\/product"}],"about":[{"href":"https:\/\/pelartlabbenelux.com\/fr\/wp-json\/wp\/v2\/types\/product"}],"replies":[{"embeddable":true,"href":"https:\/\/pelartlabbenelux.com\/fr\/wp-json\/wp\/v2\/comments?post=7884"}],"version-history":[{"count":1,"href":"https:\/\/pelartlabbenelux.com\/fr\/wp-json\/wp\/v2\/product\/7884\/revisions"}],"predecessor-version":[{"id":7909,"href":"https:\/\/pelartlabbenelux.com\/fr\/wp-json\/wp\/v2\/product\/7884\/revisions\/7909"}],"wp:featuredmedia":[{"embeddable":true,"href":"https:\/\/pelartlabbenelux.com\/fr\/wp-json\/wp\/v2\/media\/7885"}],"wp:attachment":[{"href":"https:\/\/pelartlabbenelux.com\/fr\/wp-json\/wp\/v2\/media?parent=7884"}],"wp:term":[{"taxonomy":"product_brand","embeddable":true,"href":"https:\/\/pelartlabbenelux.com\/fr\/wp-json\/wp\/v2\/product_brand?post=7884"},{"taxonomy":"product_cat","embeddable":true,"href":"https:\/\/pelartlabbenelux.com\/fr\/wp-json\/wp\/v2\/product_cat?post=7884"},{"taxonomy":"product_tag","embeddable":true,"href":"https:\/\/pelartlabbenelux.com\/fr\/wp-json\/wp\/v2\/product_tag?post=7884"}],"curies":[{"name":"wp","href":"https:\/\/api.w.org\/{rel}","templated":true}]}}