{"id":7881,"date":"2026-01-28T16:07:41","date_gmt":"2026-01-28T16:07:41","guid":{"rendered":"https:\/\/pelartlabbenelux.com\/product\/creme-protectrice-de-jour-spf-50-uv-protect-de-lys-blanc-line-100-ml\/"},"modified":"2026-02-04T16:17:15","modified_gmt":"2026-02-04T16:17:15","slug":"creme-protectrice-de-jour-spf-50-uv-protect-de-lys-blanc-line-100-ml","status":"publish","type":"product","link":"https:\/\/pelartlabbenelux.com\/fr\/produit\/creme-protectrice-de-jour-spf-50-uv-protect-de-lys-blanc-line-100-ml\/","title":{"rendered":"Cr\u00e8me protectrice de jour SPF 50+ UV Protect De Lys Blanc Line, 100 ml"},"content":{"rendered":"<p data-start=\"0\" data-end=\"312\">La cr\u00e8me protectrice de jour avec SPF 50+ offre un niveau \u00e9lev\u00e9 de protection contre les rayons UVA et UVB et convient aux peaux pr\u00e9sentant une pigmentation et une sensibilit\u00e9 accrue au soleil. La formule l\u00e9g\u00e8re s&rsquo;\u00e9tale uniform\u00e9ment, p\u00e9n\u00e8tre rapidement et ne laisse pas de film collant, garantissant une utilisation confortable tout au long de la journ\u00e9e.<\/p>\n<p data-start=\"314\" data-end=\"685\">L&rsquo;extrait d&rsquo;alo\u00e8s a des effets apaisants et anti-inflammatoires prononc\u00e9s, r\u00e9duisant les rougeurs apr\u00e8s l&rsquo;exposition au soleil et favorisant le r\u00e9tablissement de la peau. La cr\u00e8me aide \u00e0 maintenir une hydratation optimale, formant une barri\u00e8re protectrice et pr\u00e9venant les dommages cutan\u00e9s lors d&rsquo;une exposition intense au soleil. Elle convient \u00e0 tous les types de peau et peut \u00eatre utilis\u00e9e en milieu urbain, \u00e0 la plage ou \u00e0 la montagne.<\/p>\n<p data-start=\"687\" data-end=\"899\"><strong data-start=\"687\" data-end=\"703\">Effets cl\u00e9s :<\/strong><br data-start=\"703\" data-end=\"706\" \/>&#8211; Haute protection UVA\/UVB<br data-start=\"731\" data-end=\"734\" \/>&#8211; Pr\u00e9vention des photodommages et de la pigmentation<br data-start=\"778\" data-end=\"781\" \/>&#8211; R\u00e9duction des rougeurs et des irritations<br data-start=\"818\" data-end=\"821\" \/>&#8211; Hydratation et soutien de la barri\u00e8re cutan\u00e9e<br data-start=\"857\" data-end=\"860\" \/>&#8211; Application confortable et non collante<\/p>\n<p data-start=\"901\" data-end=\"1060\" data-is-last-node=\"\" data-is-only-node=\"\"><strong data-start=\"901\" data-end=\"916\">Mode d&#8217;emploi :<\/strong><br data-start=\"916\" data-end=\"919\" \/>Appliquez la quantit\u00e9 n\u00e9cessaire de cr\u00e8me sur la peau 20 \u00e0 30 minutes avant l&rsquo;exposition au soleil. Renouvelez l&rsquo;application plusieurs fois par jour lors d&rsquo;une exposition prolong\u00e9e au soleil.<\/p>\n<p data-start=\"901\" data-end=\"1060\" data-is-last-node=\"\" data-is-only-node=\"\"><span data-sheets-root=\"1\"><strong>Ingr\u00e9dients :<\/strong><br \/>\nAqua (Eau), Complexe de filtres physiques et chimiques, Huile d&rsquo;olive, Glyc\u00e9rine, Niacinamide, Cire d&rsquo;abeille, D-Panth\u00e9nol, Extraits : Camomille, Aloe, Caprylate de Sorbitan, Propanediol, Acide Benzo\u00efque, Ac\u00e9tate de Tocoph\u00e9rol, Hyaluronate de Sodium, BetaGlucan, Composition parfum\u00e9e. <\/span><\/p>\n","protected":false},"excerpt":{"rendered":"<p>La cr\u00e8me protectrice de jour avec SPF 50+ offre un niveau \u00e9lev\u00e9 de protection contre les rayons UVA et UVB et convient aux peaux pr\u00e9sentant une pigmentation et une sensibilit\u00e9 accrue au soleil. La formule l\u00e9g\u00e8re s&rsquo;\u00e9tale uniform\u00e9ment, p\u00e9n\u00e8tre rapidement et ne laisse pas de film collant, garantissant une utilisation confortable tout au long de [&hellip;]<\/p>\n","protected":false},"featured_media":7882,"comment_status":"open","ping_status":"closed","template":"","meta":[],"product_brand":[62],"product_cat":[123],"product_tag":[],"class_list":{"0":"post-7881","1":"product","2":"type-product","3":"status-publish","4":"has-post-thumbnail","6":"product_brand-de-lys-blanc-line","7":"product_cat-de-lys-blanc-line-soins-de-la-peau-avec-pigmentation-a-base-de-lys","9":"first","10":"instock","11":"shipping-taxable","12":"purchasable","13":"product-type-simple"},"aioseo_notices":[],"_links":{"self":[{"href":"https:\/\/pelartlabbenelux.com\/fr\/wp-json\/wp\/v2\/product\/7881","targetHints":{"allow":["GET"]}}],"collection":[{"href":"https:\/\/pelartlabbenelux.com\/fr\/wp-json\/wp\/v2\/product"}],"about":[{"href":"https:\/\/pelartlabbenelux.com\/fr\/wp-json\/wp\/v2\/types\/product"}],"replies":[{"embeddable":true,"href":"https:\/\/pelartlabbenelux.com\/fr\/wp-json\/wp\/v2\/comments?post=7881"}],"version-history":[{"count":1,"href":"https:\/\/pelartlabbenelux.com\/fr\/wp-json\/wp\/v2\/product\/7881\/revisions"}],"predecessor-version":[{"id":7907,"href":"https:\/\/pelartlabbenelux.com\/fr\/wp-json\/wp\/v2\/product\/7881\/revisions\/7907"}],"wp:featuredmedia":[{"embeddable":true,"href":"https:\/\/pelartlabbenelux.com\/fr\/wp-json\/wp\/v2\/media\/7882"}],"wp:attachment":[{"href":"https:\/\/pelartlabbenelux.com\/fr\/wp-json\/wp\/v2\/media?parent=7881"}],"wp:term":[{"taxonomy":"product_brand","embeddable":true,"href":"https:\/\/pelartlabbenelux.com\/fr\/wp-json\/wp\/v2\/product_brand?post=7881"},{"taxonomy":"product_cat","embeddable":true,"href":"https:\/\/pelartlabbenelux.com\/fr\/wp-json\/wp\/v2\/product_cat?post=7881"},{"taxonomy":"product_tag","embeddable":true,"href":"https:\/\/pelartlabbenelux.com\/fr\/wp-json\/wp\/v2\/product_tag?post=7881"}],"curies":[{"name":"wp","href":"https:\/\/api.w.org\/{rel}","templated":true}]}}