{"id":7880,"date":"2026-01-28T16:07:41","date_gmt":"2026-01-28T16:07:41","guid":{"rendered":"https:\/\/pelartlabbenelux.com\/product\/masque-gel-drainant-au-gallate-de-lys-blanc-line-100-ml\/"},"modified":"2026-02-04T16:18:34","modified_gmt":"2026-02-04T16:18:34","slug":"masque-gel-drainant-au-gallate-de-lys-blanc-line-100-ml","status":"publish","type":"product","link":"https:\/\/pelartlabbenelux.com\/fr\/produit\/masque-gel-drainant-au-gallate-de-lys-blanc-line-100-ml\/","title":{"rendered":"Masque Gel Drainant au Gallate De Lys Blanc Line, 100 ml"},"content":{"rendered":"<p data-start=\"68\" data-end=\"389\">Le masque gel drainant est con\u00e7u pour le soin intensif des peaux pr\u00e9sentant des signes de gonflement, de congestion et de perte de tonus. Sa formule, \u00e0 base d&rsquo;extraits d&rsquo;algues, de th\u00e9 vert, de bioflavono\u00efdes et de saponines, assure un drainage lymphatique et un effet d\u00e9toxifiant prononc\u00e9s, am\u00e9liore la microcirculation et renforce le tonus capillaire.<\/p>\n<p data-start=\"391\" data-end=\"697\">Les d\u00e9riv\u00e9s actifs du th\u00e9 vert et de la caf\u00e9ine stimulent les processus m\u00e9taboliques et contribuent \u00e0 r\u00e9duire les poches. Le gallate (Tetra-Carboxymethyl Naringenin Chalcone) a des propri\u00e9t\u00e9s veinotoniques, angioprotectrices, anti-inflammatoires et antioxydantes. Le masque convient aux soins du visage, du contour des yeux, du cou et du d\u00e9collet\u00e9.<\/p>\n<p data-start=\"699\" data-end=\"873\"><strong data-start=\"699\" data-end=\"715\">Principaux effets :<\/strong><br data-start=\"715\" data-end=\"718\" \/>&#8211; Fort effet de drainage lymphatique<br data-start=\"752\" data-end=\"755\" \/>&#8211; R\u00e9duit les poches et la congestion<br data-start=\"789\" data-end=\"792\" \/>&#8211; Am\u00e9liore le tonus capillaire<br data-start=\"817\" data-end=\"820\" \/>&#8211; D\u00e9toxifie la peau<br data-start=\"841\" data-end=\"844\" \/>&#8211; Am\u00e9liore la microcirculation<\/p>\n<p data-start=\"875\" data-end=\"1071\"><strong data-start=\"875\" data-end=\"890\">Mode d&#8217;emploi :<\/strong><br data-start=\"890\" data-end=\"893\" \/>Appliquer sur la peau nettoy\u00e9e du visage, y compris le contour des yeux, le cou et le d\u00e9collet\u00e9. Laissez agir pendant 15-20 minutes, rincez \u00e0 l&rsquo;eau et compl\u00e9tez votre soin avec la cr\u00e8me (art. 10048FE).<\/p>\n<p data-start=\"875\" data-end=\"1071\"><span data-sheets-root=\"1\"><strong>Ingr\u00e9dients :<\/strong><br \/>\nAqua (Eau), Extraits : Ruscus, Camomille, Myrtille, Calendula, Sophora, Calgan, Glyc\u00e9rine, Glyc\u00e9rol Glucoside, Hyaluronate de sodium, S\u00e9rine, Ur\u00e9e, Tr\u00e9halose, Algin, Caf\u00e9ine, Acetyl Hexapeptide-8, Phospholipides, Sphingolipides, Extrait d&rsquo;algues, Hexyl\u00e8ne Glycol, Caprylyl Glycol, Gomme Xanthane, D-Panth\u00e9nol, Escin, Propylheptyl Caprylate, Gomme de Rhizobium hydrolys\u00e9e, Extrait de r\u00e9sine d&rsquo;acacia s\u00e9n\u00e9galais, Hyaluronate de sodium, Acetyl Tetrapeptide-11, Acetyl Tetrapeptide-9, Rutine, Epigallocatechin Gallate Glucoside, Sorbitan Caprylate, Propanediol, Acide Benzo\u00efque, Composition parfum\u00e9e. <\/span><\/p>\n","protected":false},"excerpt":{"rendered":"<p>Le masque gel drainant est con\u00e7u pour le soin intensif des peaux pr\u00e9sentant des signes de gonflement, de congestion et de perte de tonus. Sa formule, \u00e0 base d&rsquo;extraits d&rsquo;algues, de th\u00e9 vert, de bioflavono\u00efdes et de saponines, assure un drainage lymphatique et un effet d\u00e9toxifiant prononc\u00e9s, am\u00e9liore la microcirculation et renforce le tonus capillaire. [&hellip;]<\/p>\n","protected":false},"featured_media":7883,"comment_status":"open","ping_status":"closed","template":"","meta":[],"product_brand":[62],"product_cat":[123],"product_tag":[],"class_list":{"0":"post-7880","1":"product","2":"type-product","3":"status-publish","4":"has-post-thumbnail","6":"product_brand-de-lys-blanc-line","7":"product_cat-de-lys-blanc-line-soins-de-la-peau-avec-pigmentation-a-base-de-lys","9":"first","10":"instock","11":"shipping-taxable","12":"purchasable","13":"product-type-simple"},"aioseo_notices":[],"_links":{"self":[{"href":"https:\/\/pelartlabbenelux.com\/fr\/wp-json\/wp\/v2\/product\/7880","targetHints":{"allow":["GET"]}}],"collection":[{"href":"https:\/\/pelartlabbenelux.com\/fr\/wp-json\/wp\/v2\/product"}],"about":[{"href":"https:\/\/pelartlabbenelux.com\/fr\/wp-json\/wp\/v2\/types\/product"}],"replies":[{"embeddable":true,"href":"https:\/\/pelartlabbenelux.com\/fr\/wp-json\/wp\/v2\/comments?post=7880"}],"version-history":[{"count":1,"href":"https:\/\/pelartlabbenelux.com\/fr\/wp-json\/wp\/v2\/product\/7880\/revisions"}],"predecessor-version":[{"id":7910,"href":"https:\/\/pelartlabbenelux.com\/fr\/wp-json\/wp\/v2\/product\/7880\/revisions\/7910"}],"wp:featuredmedia":[{"embeddable":true,"href":"https:\/\/pelartlabbenelux.com\/fr\/wp-json\/wp\/v2\/media\/7883"}],"wp:attachment":[{"href":"https:\/\/pelartlabbenelux.com\/fr\/wp-json\/wp\/v2\/media?parent=7880"}],"wp:term":[{"taxonomy":"product_brand","embeddable":true,"href":"https:\/\/pelartlabbenelux.com\/fr\/wp-json\/wp\/v2\/product_brand?post=7880"},{"taxonomy":"product_cat","embeddable":true,"href":"https:\/\/pelartlabbenelux.com\/fr\/wp-json\/wp\/v2\/product_cat?post=7880"},{"taxonomy":"product_tag","embeddable":true,"href":"https:\/\/pelartlabbenelux.com\/fr\/wp-json\/wp\/v2\/product_tag?post=7880"}],"curies":[{"name":"wp","href":"https:\/\/api.w.org\/{rel}","templated":true}]}}