{"id":7877,"date":"2026-01-28T16:07:41","date_gmt":"2026-01-28T16:07:41","guid":{"rendered":"https:\/\/pelartlabbenelux.com\/product\/bola-de-neve-creme-de-nuit-eclaircissante-a-lacide-ferulique-ligne-de-lys-blanc-50-ml\/"},"modified":"2026-02-04T16:19:07","modified_gmt":"2026-02-04T16:19:07","slug":"bola-de-neve-creme-de-nuit-eclaircissante-a-lacide-ferulique-ligne-de-lys-blanc-50-ml","status":"publish","type":"product","link":"https:\/\/pelartlabbenelux.com\/fr\/produit\/bola-de-neve-creme-de-nuit-eclaircissante-a-lacide-ferulique-ligne-de-lys-blanc-50-ml\/","title":{"rendered":"BOLA DE NEVE Cr\u00e8me de nuit \u00e9claircissante \u00e0 l&rsquo;acide ferulique Ligne De Lys Blanc, 50 ml"},"content":{"rendered":"<p data-start=\"68\" data-end=\"392\">La cr\u00e8me \u00e9claircissante de nuit est con\u00e7ue pour corriger la pigmentation, restaurer et hydrater intens\u00e9ment la peau pendant le repos nocturne. Sa formule \u00e0 base d&rsquo;extrait de racine de r\u00e9glisse aide \u00e0 unifier le teint, \u00e0 r\u00e9duire les signes d&rsquo;irritation et les poches, et \u00e0 soutenir les processus de r\u00e9g\u00e9n\u00e9ration. L&rsquo;huile de macadamia redonne \u00e0 la peau douceur et confort.<\/p>\n<p data-start=\"394\" data-end=\"785\">La cr\u00e8me contient du nonapeptide-1, qui inhibe la synth\u00e8se de la m\u00e9lanine et favorise un \u00e9claircissement uniforme de la peau. L&rsquo;acide f\u00e9rulique encapsul\u00e9, associ\u00e9 aux huiles de cannabis et de brocoli et \u00e0 la vitamine C sous quatre formes, exerce des effets antioxydants et anti-inflammatoires prononc\u00e9s, stimule la production de collag\u00e8ne et am\u00e9liore la qualit\u00e9 de la peau. Convient pour le soin du soir des hyperpigmentations d&rsquo;origines diverses.<\/p>\n<p data-start=\"787\" data-end=\"1019\"><strong data-start=\"787\" data-end=\"803\">Principaux effets :<\/strong><br data-start=\"803\" data-end=\"806\" \/>&#8211; \u00c9claircit et unifie le teint<br data-start=\"837\" data-end=\"840\" \/>&#8211; R\u00e9duit l&rsquo;apparence des taches brunes<br data-start=\"878\" data-end=\"881\" \/>&#8211; Restaure et hydrate la peau<br data-start=\"913\" data-end=\"916\" \/>&#8211; Fournit une protection antioxydante et soutient le collag\u00e8ne<br data-start=\"971\" data-end=\"974\" \/>&#8211; R\u00e9duit les signes d&rsquo;irritation et de bouffissure<\/p>\n<p data-start=\"1021\" data-end=\"1174\"><strong data-start=\"1021\" data-end=\"1036\">Mode d&#8217;emploi :<\/strong><br data-start=\"1036\" data-end=\"1039\" \/>Appliquer le soir sur la peau nettoy\u00e9e et s\u00e8che du visage. Recommand\u00e9 en combinaison avec une cr\u00e8me pour le contour des yeux (art. 10048FE ou 10043).<\/p>\n<p data-start=\"1021\" data-end=\"1174\"><span data-sheets-root=\"1\"><strong>Ingr\u00e9dients :<\/strong><br \/>\nAqua (eau), extrait de r\u00e9glisse, prot\u00e9ines de soja, brocoli, huiles : Macadamia, Jojoba, Amande, Olive, Amarante,<br \/>\nCeteareth-20, Pentylene Glycol, Ferulic Cytospheres, Bis-Glyceril Ascorbate, Glycerin, Dimethicone, Sodium Ascorbyl Phosphate, Diglucosyl Gallic Acid, Arbutine, Lysat de Cannabis Sativa, Acetyl Tetrapeptide-11, Acetyl Tetrapeptide-9, Ascorbyl Glucoside, Phenylethyl Resorcinol, Sorbitan Caprylate, Propanediol, Acide Benzo\u00efque, Composition parfum\u00e9e. <\/span><\/p>\n","protected":false},"excerpt":{"rendered":"<p>La cr\u00e8me \u00e9claircissante de nuit est con\u00e7ue pour corriger la pigmentation, restaurer et hydrater intens\u00e9ment la peau pendant le repos nocturne. Sa formule \u00e0 base d&rsquo;extrait de racine de r\u00e9glisse aide \u00e0 unifier le teint, \u00e0 r\u00e9duire les signes d&rsquo;irritation et les poches, et \u00e0 soutenir les processus de r\u00e9g\u00e9n\u00e9ration. L&rsquo;huile de macadamia redonne \u00e0 [&hellip;]<\/p>\n","protected":false},"featured_media":7878,"comment_status":"open","ping_status":"closed","template":"","meta":[],"product_brand":[62],"product_cat":[123],"product_tag":[],"class_list":{"0":"post-7877","1":"product","2":"type-product","3":"status-publish","4":"has-post-thumbnail","6":"product_brand-de-lys-blanc-line","7":"product_cat-de-lys-blanc-line-soins-de-la-peau-avec-pigmentation-a-base-de-lys","9":"first","10":"instock","11":"shipping-taxable","12":"purchasable","13":"product-type-simple"},"aioseo_notices":[],"_links":{"self":[{"href":"https:\/\/pelartlabbenelux.com\/fr\/wp-json\/wp\/v2\/product\/7877","targetHints":{"allow":["GET"]}}],"collection":[{"href":"https:\/\/pelartlabbenelux.com\/fr\/wp-json\/wp\/v2\/product"}],"about":[{"href":"https:\/\/pelartlabbenelux.com\/fr\/wp-json\/wp\/v2\/types\/product"}],"replies":[{"embeddable":true,"href":"https:\/\/pelartlabbenelux.com\/fr\/wp-json\/wp\/v2\/comments?post=7877"}],"version-history":[{"count":1,"href":"https:\/\/pelartlabbenelux.com\/fr\/wp-json\/wp\/v2\/product\/7877\/revisions"}],"predecessor-version":[{"id":7912,"href":"https:\/\/pelartlabbenelux.com\/fr\/wp-json\/wp\/v2\/product\/7877\/revisions\/7912"}],"wp:featuredmedia":[{"embeddable":true,"href":"https:\/\/pelartlabbenelux.com\/fr\/wp-json\/wp\/v2\/media\/7878"}],"wp:attachment":[{"href":"https:\/\/pelartlabbenelux.com\/fr\/wp-json\/wp\/v2\/media?parent=7877"}],"wp:term":[{"taxonomy":"product_brand","embeddable":true,"href":"https:\/\/pelartlabbenelux.com\/fr\/wp-json\/wp\/v2\/product_brand?post=7877"},{"taxonomy":"product_cat","embeddable":true,"href":"https:\/\/pelartlabbenelux.com\/fr\/wp-json\/wp\/v2\/product_cat?post=7877"},{"taxonomy":"product_tag","embeddable":true,"href":"https:\/\/pelartlabbenelux.com\/fr\/wp-json\/wp\/v2\/product_tag?post=7877"}],"curies":[{"name":"wp","href":"https:\/\/api.w.org\/{rel}","templated":true}]}}