{"id":7876,"date":"2026-01-28T16:07:41","date_gmt":"2026-01-28T16:07:41","guid":{"rendered":"https:\/\/pelartlabbenelux.com\/product\/peeling-ferulique-a-lhuile-de-cannabis-cyto-ferulic-de-lys-blanc-line-30-ml\/"},"modified":"2026-02-04T16:19:35","modified_gmt":"2026-02-04T16:19:35","slug":"peeling-ferulique-a-lhuile-de-cannabis-cyto-ferulic-de-lys-blanc-line-30-ml","status":"publish","type":"product","link":"https:\/\/pelartlabbenelux.com\/fr\/produit\/peeling-ferulique-a-lhuile-de-cannabis-cyto-ferulic-de-lys-blanc-line-30-ml\/","title":{"rendered":"Peeling ferulique \u00e0 l&rsquo;huile de cannabis CYTO Ferulic De Lys Blanc Line, 30 ml"},"content":{"rendered":"<p data-start=\"0\" data-end=\"357\">Le peeling Ferulic \u00e0 l&rsquo;acide f\u00e9rulique encapsul\u00e9 est con\u00e7u pour soigner la peau du visage et du corps tout au long de l&rsquo;ann\u00e9e. La formule renouvelle la peau en douceur, unifie le microrelief et favorise la fermet\u00e9 et l&rsquo;\u00e9lasticit\u00e9. Gr\u00e2ce \u00e0 son action antioxydante, le peeling stabilise les vitamines C et E, renforce la protection de la peau contre l&rsquo;exposition aux UV et r\u00e9duit les signes du photovieillissement.<\/p>\n<p data-start=\"359\" data-end=\"673\">Le complexe multi-acide renforce l&rsquo;action de l&rsquo;acide f\u00e9rulique, ce qui lui conf\u00e8re des effets anti-inflammatoires, antiseptiques et r\u00e9g\u00e9n\u00e9rants. L&rsquo;huile de cannabis et les composants hydratants soutiennent la barri\u00e8re cutan\u00e9e, r\u00e9duisent les irritations et rendent le produit adapt\u00e9 aux peaux s\u00e8ches et sensibles sans risque de r\u00e9activit\u00e9 prononc\u00e9e.<\/p>\n<p data-start=\"675\" data-end=\"914\"><strong>Effets cl\u00e9s :<\/strong><br data-start=\"687\" data-end=\"690\" \/>&#8211; renouvellement en douceur et lissage de la texture de la peau<br data-start=\"736\" data-end=\"739\" \/>&#8211; protection antioxydante et pr\u00e9vention du photovieillissement<br data-start=\"792\" data-end=\"795\" \/>&#8211; augmentation de la fermet\u00e9 et de l&rsquo;\u00e9lasticit\u00e9<br data-start=\"830\" data-end=\"833\" \/>&#8211; r\u00e9duction des poches et des cernes<br data-start=\"874\" data-end=\"877\" \/>&#8211; utilisation tout au long de l&rsquo;ann\u00e9e sans irritation<\/p>\n<p data-start=\"916\" data-end=\"1008\" data-is-last-node=\"\" data-is-only-node=\"\"><strong>Mode d&#8217;emploi :<\/strong><br data-start=\"927\" data-end=\"930\" \/>A utiliser dans le cadre des soins \u00e0 domicile ou des soins professionnels conform\u00e9ment au protocole de la proc\u00e9dure.<\/p>\n<p data-start=\"916\" data-end=\"1008\" data-is-last-node=\"\" data-is-only-node=\"\"><span data-sheets-root=\"1\"><strong>Ingr\u00e9dients :<\/strong><br \/>\nAqua (Eau), Ferulic Cytospheres, Acids : Ferulic, Azelaic, Kojic, Extraits : Busserole, M\u00fbrier \u00e0 papier, Bis-Glyceril Ascorbate, Glyc\u00e9rine, Glycerol Glucoside, Huiles : Cannabis, Avocat, Arbutine, Extrait de graines de Vigna Aconitifolia, Sodium Cocoyl Glutamate, D-Panth\u00e9nol, Sorbitan Caprylate, Propanediol, Acide Benzo\u00efque, Acide Hyaluronique. <\/span><\/p>\n","protected":false},"excerpt":{"rendered":"<p>Le peeling Ferulic \u00e0 l&rsquo;acide f\u00e9rulique encapsul\u00e9 est con\u00e7u pour soigner la peau du visage et du corps tout au long de l&rsquo;ann\u00e9e. La formule renouvelle la peau en douceur, unifie le microrelief et favorise la fermet\u00e9 et l&rsquo;\u00e9lasticit\u00e9. Gr\u00e2ce \u00e0 son action antioxydante, le peeling stabilise les vitamines C et E, renforce la protection [&hellip;]<\/p>\n","protected":false},"featured_media":7879,"comment_status":"open","ping_status":"closed","template":"","meta":[],"product_brand":[62],"product_cat":[123],"product_tag":[120],"class_list":{"0":"post-7876","1":"product","2":"type-product","3":"status-publish","4":"has-post-thumbnail","6":"product_brand-de-lys-blanc-line","7":"product_cat-de-lys-blanc-line-soins-de-la-peau-avec-pigmentation-a-base-de-lys","8":"product_tag-enregistrez-vous-en-tant-que-cosmetologue-pour-acheter-cet-article","10":"first","11":"instock","12":"shipping-taxable","13":"product-type-simple"},"aioseo_notices":[],"_links":{"self":[{"href":"https:\/\/pelartlabbenelux.com\/fr\/wp-json\/wp\/v2\/product\/7876","targetHints":{"allow":["GET"]}}],"collection":[{"href":"https:\/\/pelartlabbenelux.com\/fr\/wp-json\/wp\/v2\/product"}],"about":[{"href":"https:\/\/pelartlabbenelux.com\/fr\/wp-json\/wp\/v2\/types\/product"}],"replies":[{"embeddable":true,"href":"https:\/\/pelartlabbenelux.com\/fr\/wp-json\/wp\/v2\/comments?post=7876"}],"version-history":[{"count":1,"href":"https:\/\/pelartlabbenelux.com\/fr\/wp-json\/wp\/v2\/product\/7876\/revisions"}],"predecessor-version":[{"id":7913,"href":"https:\/\/pelartlabbenelux.com\/fr\/wp-json\/wp\/v2\/product\/7876\/revisions\/7913"}],"wp:featuredmedia":[{"embeddable":true,"href":"https:\/\/pelartlabbenelux.com\/fr\/wp-json\/wp\/v2\/media\/7879"}],"wp:attachment":[{"href":"https:\/\/pelartlabbenelux.com\/fr\/wp-json\/wp\/v2\/media?parent=7876"}],"wp:term":[{"taxonomy":"product_brand","embeddable":true,"href":"https:\/\/pelartlabbenelux.com\/fr\/wp-json\/wp\/v2\/product_brand?post=7876"},{"taxonomy":"product_cat","embeddable":true,"href":"https:\/\/pelartlabbenelux.com\/fr\/wp-json\/wp\/v2\/product_cat?post=7876"},{"taxonomy":"product_tag","embeddable":true,"href":"https:\/\/pelartlabbenelux.com\/fr\/wp-json\/wp\/v2\/product_tag?post=7876"}],"curies":[{"name":"wp","href":"https:\/\/api.w.org\/{rel}","templated":true}]}}