{"id":7872,"date":"2026-01-28T16:07:41","date_gmt":"2026-01-28T16:07:41","guid":{"rendered":"https:\/\/pelartlabbenelux.com\/product\/cyto-ferulic-resurfacer-pour-les-peaux-pigmentees-de-lys-blanc-line-30-ml\/"},"modified":"2026-02-04T16:17:36","modified_gmt":"2026-02-04T16:17:36","slug":"cyto-ferulic-resurfacer-pour-les-peaux-pigmentees-de-lys-blanc-line-30-ml","status":"publish","type":"product","link":"https:\/\/pelartlabbenelux.com\/fr\/produit\/cyto-ferulic-resurfacer-pour-les-peaux-pigmentees-de-lys-blanc-line-30-ml\/","title":{"rendered":"CYTO Ferulic Resurfacer pour les peaux pigment\u00e9es De Lys Blanc Line, 30 ml"},"content":{"rendered":"<p data-start=\"60\" data-end=\"377\">Ferulic Resurfacer est con\u00e7u pour la r\u00e9cup\u00e9ration de la peau apr\u00e8s les peelings et pour compl\u00e9ter les proc\u00e9dures professionnelles. Sa formule \u00e0 base d&rsquo;acide f\u00e9rulique encapsul\u00e9 et d&rsquo;huiles de cannabis et de brocoli exerce une action antioxydante prononc\u00e9e, prot\u00e9geant la peau des radicaux libres et r\u00e9duisant le risque de pigmentation post-inflammatoire.<\/p>\n<p data-start=\"379\" data-end=\"637\">Le produit aide \u00e0 am\u00e9liorer la fermet\u00e9 et l&rsquo;\u00e9lasticit\u00e9 de la peau, soutient l&rsquo;\u00e9quilibre hydrolipidique et ne provoque pas d&rsquo;irritation. Convient aux peaux s\u00e8ches et sensibles, y compris apr\u00e8s des proc\u00e9dures d&rsquo;exfoliation actives. Utilisez le produit en suivant scrupuleusement le protocole professionnel.<\/p>\n<p data-start=\"639\" data-end=\"842\"><strong>Effets cl\u00e9s :<\/strong><br data-start=\"651\" data-end=\"654\" \/>&#8211; protection antioxydante de la peau<br data-start=\"691\" data-end=\"694\" \/>&#8211; r\u00e9cup\u00e9ration apr\u00e8s les peelings<br data-start=\"719\" data-end=\"722\" \/>&#8211; pr\u00e9vention de la pigmentation ind\u00e9sirable<br data-start=\"759\" data-end=\"762\" \/>&#8211; am\u00e9lioration de la fermet\u00e9 et de l&rsquo;\u00e9lasticit\u00e9<br data-start=\"802\" data-end=\"805\" \/>&#8211; haute tol\u00e9rance pour les peaux sensibles<\/p>\n<p data-start=\"844\" data-end=\"932\" data-is-last-node=\"\" data-is-only-node=\"\"><strong>Mode d&#8217;emploi :<\/strong><br data-start=\"863\" data-end=\"866\" \/>Utiliser dans le cadre de soins professionnels conform\u00e9ment au protocole de proc\u00e9dure.<\/p>\n<p data-start=\"844\" data-end=\"932\" data-is-last-node=\"\" data-is-only-node=\"\"><span data-sheets-root=\"1\"><strong>Ingr\u00e9dients :<\/strong><br \/>\nDimethicone, Cyclopentasiloxane, Ferulic Cytospheres, Oils : Cannabis, Brocoli, Olive, Amande, Jojoba,<br \/>\nMacadamia, Avocat, Arbutine, Bis-Glyceril Ascorbate, Glyc\u00e9rine, Extraits de CO2 : Busserole, M\u00fbrier \u00e0 papier, Caprylate de sorbitan, Propanediol, Acide benzo\u00efque, Composition parfum\u00e9e. <\/span><\/p>\n","protected":false},"excerpt":{"rendered":"<p>Ferulic Resurfacer est con\u00e7u pour la r\u00e9cup\u00e9ration de la peau apr\u00e8s les peelings et pour compl\u00e9ter les proc\u00e9dures professionnelles. Sa formule \u00e0 base d&rsquo;acide f\u00e9rulique encapsul\u00e9 et d&rsquo;huiles de cannabis et de brocoli exerce une action antioxydante prononc\u00e9e, prot\u00e9geant la peau des radicaux libres et r\u00e9duisant le risque de pigmentation post-inflammatoire. Le produit aide \u00e0 [&hellip;]<\/p>\n","protected":false},"featured_media":7874,"comment_status":"open","ping_status":"closed","template":"","meta":[],"product_brand":[62],"product_cat":[123],"product_tag":[120],"class_list":{"0":"post-7872","1":"product","2":"type-product","3":"status-publish","4":"has-post-thumbnail","6":"product_brand-de-lys-blanc-line","7":"product_cat-de-lys-blanc-line-soins-de-la-peau-avec-pigmentation-a-base-de-lys","8":"product_tag-enregistrez-vous-en-tant-que-cosmetologue-pour-acheter-cet-article","10":"first","11":"instock","12":"shipping-taxable","13":"purchasable","14":"product-type-simple"},"aioseo_notices":[],"_links":{"self":[{"href":"https:\/\/pelartlabbenelux.com\/fr\/wp-json\/wp\/v2\/product\/7872","targetHints":{"allow":["GET"]}}],"collection":[{"href":"https:\/\/pelartlabbenelux.com\/fr\/wp-json\/wp\/v2\/product"}],"about":[{"href":"https:\/\/pelartlabbenelux.com\/fr\/wp-json\/wp\/v2\/types\/product"}],"replies":[{"embeddable":true,"href":"https:\/\/pelartlabbenelux.com\/fr\/wp-json\/wp\/v2\/comments?post=7872"}],"version-history":[{"count":1,"href":"https:\/\/pelartlabbenelux.com\/fr\/wp-json\/wp\/v2\/product\/7872\/revisions"}],"predecessor-version":[{"id":7908,"href":"https:\/\/pelartlabbenelux.com\/fr\/wp-json\/wp\/v2\/product\/7872\/revisions\/7908"}],"wp:featuredmedia":[{"embeddable":true,"href":"https:\/\/pelartlabbenelux.com\/fr\/wp-json\/wp\/v2\/media\/7874"}],"wp:attachment":[{"href":"https:\/\/pelartlabbenelux.com\/fr\/wp-json\/wp\/v2\/media?parent=7872"}],"wp:term":[{"taxonomy":"product_brand","embeddable":true,"href":"https:\/\/pelartlabbenelux.com\/fr\/wp-json\/wp\/v2\/product_brand?post=7872"},{"taxonomy":"product_cat","embeddable":true,"href":"https:\/\/pelartlabbenelux.com\/fr\/wp-json\/wp\/v2\/product_cat?post=7872"},{"taxonomy":"product_tag","embeddable":true,"href":"https:\/\/pelartlabbenelux.com\/fr\/wp-json\/wp\/v2\/product_tag?post=7872"}],"curies":[{"name":"wp","href":"https:\/\/api.w.org\/{rel}","templated":true}]}}