{"id":7869,"date":"2026-01-28T16:07:40","date_gmt":"2026-01-28T16:07:40","guid":{"rendered":"https:\/\/pelartlabbenelux.com\/product\/lotion-eclaircissante-pour-les-peaux-pigmentees-laboratoire-pelart-de-lys-blanc-line-250-ml\/"},"modified":"2026-02-04T16:14:57","modified_gmt":"2026-02-04T16:14:57","slug":"lotion-eclaircissante-pour-les-peaux-pigmentees-laboratoire-pelart-de-lys-blanc-line-250-ml","status":"publish","type":"product","link":"https:\/\/pelartlabbenelux.com\/fr\/produit\/lotion-eclaircissante-pour-les-peaux-pigmentees-laboratoire-pelart-de-lys-blanc-line-250-ml\/","title":{"rendered":"Lotion \u00e9claircissante pour les peaux pigment\u00e9es Laboratoire Pelart De Lys Blanc Line, 250 ml"},"content":{"rendered":"<p data-start=\"52\" data-end=\"434\">Un tonique professionnel \u00e9claircissant con\u00e7u pour les peaux pigment\u00e9es et irr\u00e9guli\u00e8res. Sa formule optimalement \u00e9quilibr\u00e9e unifie le pH de la peau, aide \u00e0 r\u00e9duire l&rsquo;apparence des taches pigmentaires d&rsquo;origines diverses et am\u00e9liore l&rsquo;absorption des principes actifs des produits de soins ult\u00e9rieurs.<\/p>\n<p data-start=\"436\" data-end=\"767\">Un complexe d&rsquo;extraits v\u00e9g\u00e9taux de lys blanc, de busserole, de m\u00fbre, de concombre et d&rsquo;aloe vera procure des effets rafra\u00eechissants, tonifiants et apaisants, am\u00e9liore le teint et maintient une hydratation optimale de la peau. Les acides amin\u00e9s et l&rsquo;huile d&rsquo;amande douce hydrosoluble aident \u00e0 pr\u00e9server l&rsquo;\u00e9quilibre hydrolipidique de la peau, pr\u00e9venant ainsi la d\u00e9shydratation et les tiraillements.<\/p>\n<p data-start=\"769\" data-end=\"1040\">Les acides kojique, lactique et citrique, associ\u00e9s \u00e0 la papa\u00efne, exfolient en douceur les cellules mortes de la peau, favorisant l&rsquo;\u00e9claircissement et l&rsquo;affinement de la texture. Le tonique \u00e9limine l&rsquo;aspect terne, l&rsquo;exc\u00e8s de brillance et les signes de fatigue, compl\u00e9tant le nettoyage et pr\u00e9parant la peau \u00e0 l&rsquo;application de la cr\u00e8me.<\/p>\n<p data-start=\"1042\" data-end=\"1218\"><strong data-start=\"1042\" data-end=\"1059\">Principaux b\u00e9n\u00e9fices :<\/strong><br data-start=\"1059\" data-end=\"1062\" \/>&#8211; \u00c9claircit et unifie le teint<br data-start=\"1093\" data-end=\"1096\" \/>&#8211; R\u00e9duit l&rsquo;apparence de la pigmentation<br data-start=\"1136\" data-end=\"1139\" \/>&#8211; R\u00e9tablit l&rsquo;\u00e9quilibre du pH<br data-start=\"1160\" data-end=\"1163\" \/>&#8211; Tonifie et rafra\u00eechit<br data-start=\"1184\" data-end=\"1187\" \/>&#8211; Maintient une hydratation optimale<\/p>\n<p data-start=\"1220\" data-end=\"1406\"><strong data-start=\"1220\" data-end=\"1243\">Mode d&#8217;emploi :<\/strong><br data-start=\"1243\" data-end=\"1246\" \/>Appliquer le tonique sur un coton et essuyer d\u00e9licatement le visage, le cou et le d\u00e9collet\u00e9. Utiliser deux fois par jour. Compl\u00e9tez la routine avec la cr\u00e8me recommand\u00e9e par un cosm\u00e9tologue.<\/p>\n<p data-start=\"1220\" data-end=\"1406\"><span data-sheets-root=\"1\"><strong>Ingr\u00e9dients :<\/strong><br \/>\nAqua (Eau), Extraits : Busserole, Lys, Concombre, M\u00fbrier, Aloe Vera, Hydrolat de Persil, Acides : Citrique, Kojique, Lactique, Papa\u00efne, Sodium Ascorbyl Phosphate, Ac\u00e9tate de Tocoph\u00e9rol, Huile d&rsquo;Amande Douce soluble dans l&rsquo;eau, Glycyrrhizinate de Dipotassium,<br \/>\nComposition parfum\u00e9e. <\/span><\/p>\n","protected":false},"excerpt":{"rendered":"<p>Un tonique professionnel \u00e9claircissant con\u00e7u pour les peaux pigment\u00e9es et irr\u00e9guli\u00e8res. Sa formule optimalement \u00e9quilibr\u00e9e unifie le pH de la peau, aide \u00e0 r\u00e9duire l&rsquo;apparence des taches pigmentaires d&rsquo;origines diverses et am\u00e9liore l&rsquo;absorption des principes actifs des produits de soins ult\u00e9rieurs. Un complexe d&rsquo;extraits v\u00e9g\u00e9taux de lys blanc, de busserole, de m\u00fbre, de concombre et [&hellip;]<\/p>\n","protected":false},"featured_media":7871,"comment_status":"open","ping_status":"closed","template":"","meta":[],"product_brand":[62],"product_cat":[123],"product_tag":[],"class_list":{"0":"post-7869","1":"product","2":"type-product","3":"status-publish","4":"has-post-thumbnail","6":"product_brand-de-lys-blanc-line","7":"product_cat-de-lys-blanc-line-soins-de-la-peau-avec-pigmentation-a-base-de-lys","9":"first","10":"instock","11":"shipping-taxable","12":"purchasable","13":"product-type-simple"},"aioseo_notices":[],"_links":{"self":[{"href":"https:\/\/pelartlabbenelux.com\/fr\/wp-json\/wp\/v2\/product\/7869","targetHints":{"allow":["GET"]}}],"collection":[{"href":"https:\/\/pelartlabbenelux.com\/fr\/wp-json\/wp\/v2\/product"}],"about":[{"href":"https:\/\/pelartlabbenelux.com\/fr\/wp-json\/wp\/v2\/types\/product"}],"replies":[{"embeddable":true,"href":"https:\/\/pelartlabbenelux.com\/fr\/wp-json\/wp\/v2\/comments?post=7869"}],"version-history":[{"count":1,"href":"https:\/\/pelartlabbenelux.com\/fr\/wp-json\/wp\/v2\/product\/7869\/revisions"}],"predecessor-version":[{"id":7900,"href":"https:\/\/pelartlabbenelux.com\/fr\/wp-json\/wp\/v2\/product\/7869\/revisions\/7900"}],"wp:featuredmedia":[{"embeddable":true,"href":"https:\/\/pelartlabbenelux.com\/fr\/wp-json\/wp\/v2\/media\/7871"}],"wp:attachment":[{"href":"https:\/\/pelartlabbenelux.com\/fr\/wp-json\/wp\/v2\/media?parent=7869"}],"wp:term":[{"taxonomy":"product_brand","embeddable":true,"href":"https:\/\/pelartlabbenelux.com\/fr\/wp-json\/wp\/v2\/product_brand?post=7869"},{"taxonomy":"product_cat","embeddable":true,"href":"https:\/\/pelartlabbenelux.com\/fr\/wp-json\/wp\/v2\/product_cat?post=7869"},{"taxonomy":"product_tag","embeddable":true,"href":"https:\/\/pelartlabbenelux.com\/fr\/wp-json\/wp\/v2\/product_tag?post=7869"}],"curies":[{"name":"wp","href":"https:\/\/api.w.org\/{rel}","templated":true}]}}