{"id":7868,"date":"2026-01-28T16:07:41","date_gmt":"2026-01-28T16:07:41","guid":{"rendered":"https:\/\/pelartlabbenelux.com\/product\/masque-anti-cernes-et-anti-poches-dark-circle-remover-de-lys-blanc-line-50-ml\/"},"modified":"2026-02-04T16:18:51","modified_gmt":"2026-02-04T16:18:51","slug":"masque-anti-cernes-et-anti-poches-dark-circle-remover-de-lys-blanc-line-50-ml","status":"publish","type":"product","link":"https:\/\/pelartlabbenelux.com\/fr\/produit\/masque-anti-cernes-et-anti-poches-dark-circle-remover-de-lys-blanc-line-50-ml\/","title":{"rendered":"Masque anti-cernes et anti-poches Dark Circle Remover De Lys Blanc Line, 50 ml"},"content":{"rendered":"<p data-start=\"91\" data-end=\"409\">Le masque pour le contour des yeux est con\u00e7u pour r\u00e9duire l&rsquo;apparence des cernes, des poches et des signes de fatigue. Sa formule, bas\u00e9e sur des biopolym\u00e8res naturels filmog\u00e8nes, cr\u00e9e une matrice micromol\u00e9culaire qui assure une lib\u00e9ration prolong\u00e9e des composants hydratants et r\u00e9duit la perte d&rsquo;eau trans\u00e9pidermique (TEWL) jusqu&rsquo;\u00e0 48 heures.<\/p>\n<p data-start=\"411\" data-end=\"644\">Le produit am\u00e9liore le drainage lymphatique des tissus de la paupi\u00e8re inf\u00e9rieure, r\u00e9duit les poches, augmente la fermet\u00e9 et la tonicit\u00e9 de la peau et a des effets anti-inflammatoires. Convient aux soins r\u00e9guliers et aux programmes professionnels de correction p\u00e9rioculaire.<\/p>\n<p data-start=\"646\" data-end=\"854\"><strong data-start=\"646\" data-end=\"662\">Effets cl\u00e9s :<\/strong><br data-start=\"662\" data-end=\"665\" \/>&#8211; Att\u00e9nue les cernes et les poches<br data-start=\"701\" data-end=\"704\" \/>&#8211; Assure une hydratation intense et prolong\u00e9e<br data-start=\"746\" data-end=\"749\" \/>&#8211; Am\u00e9liore la fermet\u00e9 et la tonicit\u00e9 de la peau<br data-start=\"782\" data-end=\"785\" \/>&#8211; Att\u00e9nue les signes de fatigue<br data-start=\"811\" data-end=\"814\" \/>&#8211; Soutient la fonction barri\u00e8re de la peau<\/p>\n<p data-start=\"856\" data-end=\"1015\"><strong data-start=\"856\" data-end=\"871\">Mode d&#8217;emploi :<\/strong><br data-start=\"871\" data-end=\"874\" \/>Appliquer sur le contour des yeux pendant 15 \u00e0 30 minutes, 1 \u00e0 3 fois par semaine. Rincez les r\u00e9sidus \u00e0 l&rsquo;eau, puis appliquez la cr\u00e8me (art. 10048FE).<\/p>\n<p data-start=\"856\" data-end=\"1015\"><span data-sheets-root=\"1\"><strong>Ingr\u00e9dients :<\/strong><br \/>\nAqua (Eau), Cyclopentasiloxane Dimethiconol, Propylheptyl Caprylate, Gomme de Rhizobium hydrolys\u00e9e, Extrait de r\u00e9sine d&rsquo;acacia s\u00e9n\u00e9galais, Extrait d&rsquo;algues, Hexyl\u00e8ne Glycol, Caprylyl Glycol, Gomme de Xanthane, Amidon de ma\u00efs hydrolys\u00e9, Hyaluronate de sodium, S\u00e9rine, Ur\u00e9e, Tr\u00e9halose, Algin, Phospholipides, Sphingolipides, Acetyl Hexapeptide-8, Acetyl Tetrapeptide-11, Acetyl Tetrapeptide-9, Escin, Sorbitan Caprylate, Propanediol, Acide Benzo\u00efque, Sodium Hyaluronate, Epigallocatechin Gallate Glucoside,<br \/>\nTetranatrium Tetracarboxymethyl Narginin Chalcone, Composition parfum\u00e9e. <\/span><\/p>\n","protected":false},"excerpt":{"rendered":"<p>Le masque pour le contour des yeux est con\u00e7u pour r\u00e9duire l&rsquo;apparence des cernes, des poches et des signes de fatigue. Sa formule, bas\u00e9e sur des biopolym\u00e8res naturels filmog\u00e8nes, cr\u00e9e une matrice micromol\u00e9culaire qui assure une lib\u00e9ration prolong\u00e9e des composants hydratants et r\u00e9duit la perte d&rsquo;eau trans\u00e9pidermique (TEWL) jusqu&rsquo;\u00e0 48 heures. Le produit am\u00e9liore le [&hellip;]<\/p>\n","protected":false},"featured_media":7870,"comment_status":"open","ping_status":"closed","template":"","meta":[],"product_brand":[62],"product_cat":[123],"product_tag":[],"class_list":{"0":"post-7868","1":"product","2":"type-product","3":"status-publish","4":"has-post-thumbnail","6":"product_brand-de-lys-blanc-line","7":"product_cat-de-lys-blanc-line-soins-de-la-peau-avec-pigmentation-a-base-de-lys","9":"first","10":"instock","11":"shipping-taxable","12":"purchasable","13":"product-type-simple"},"aioseo_notices":[],"_links":{"self":[{"href":"https:\/\/pelartlabbenelux.com\/fr\/wp-json\/wp\/v2\/product\/7868","targetHints":{"allow":["GET"]}}],"collection":[{"href":"https:\/\/pelartlabbenelux.com\/fr\/wp-json\/wp\/v2\/product"}],"about":[{"href":"https:\/\/pelartlabbenelux.com\/fr\/wp-json\/wp\/v2\/types\/product"}],"replies":[{"embeddable":true,"href":"https:\/\/pelartlabbenelux.com\/fr\/wp-json\/wp\/v2\/comments?post=7868"}],"version-history":[{"count":1,"href":"https:\/\/pelartlabbenelux.com\/fr\/wp-json\/wp\/v2\/product\/7868\/revisions"}],"predecessor-version":[{"id":7911,"href":"https:\/\/pelartlabbenelux.com\/fr\/wp-json\/wp\/v2\/product\/7868\/revisions\/7911"}],"wp:featuredmedia":[{"embeddable":true,"href":"https:\/\/pelartlabbenelux.com\/fr\/wp-json\/wp\/v2\/media\/7870"}],"wp:attachment":[{"href":"https:\/\/pelartlabbenelux.com\/fr\/wp-json\/wp\/v2\/media?parent=7868"}],"wp:term":[{"taxonomy":"product_brand","embeddable":true,"href":"https:\/\/pelartlabbenelux.com\/fr\/wp-json\/wp\/v2\/product_brand?post=7868"},{"taxonomy":"product_cat","embeddable":true,"href":"https:\/\/pelartlabbenelux.com\/fr\/wp-json\/wp\/v2\/product_cat?post=7868"},{"taxonomy":"product_tag","embeddable":true,"href":"https:\/\/pelartlabbenelux.com\/fr\/wp-json\/wp\/v2\/product_tag?post=7868"}],"curies":[{"name":"wp","href":"https:\/\/api.w.org\/{rel}","templated":true}]}}