{"id":7849,"date":"2026-01-28T16:09:27","date_gmt":"2026-01-28T16:09:27","guid":{"rendered":"https:\/\/pelartlabbenelux.com\/product\/creme-nourrissante-pour-les-mains-plaisir-body-series-100-ml\/"},"modified":"2026-02-04T16:11:11","modified_gmt":"2026-02-04T16:11:11","slug":"creme-nourrissante-pour-les-mains-plaisir-body-series-100-ml","status":"publish","type":"product","link":"https:\/\/pelartlabbenelux.com\/fr\/produit\/creme-nourrissante-pour-les-mains-plaisir-body-series-100-ml\/","title":{"rendered":"Cr\u00e8me nourrissante pour les mains PLAISIR Body Series, 100 ml"},"content":{"rendered":"<p data-start=\"0\" data-end=\"307\">La cr\u00e8me nourrissante pour les mains PLAISIR, \u00e0 la texture l\u00e9g\u00e8re et rapidement absorb\u00e9e, apporte un soin complet aux mains, en les hydratant intens\u00e9ment, en les adoucissant et en r\u00e9tablissant leurs fonctions protectrices. La formule soulage efficacement la s\u00e9cheresse, les tiraillements et l&rsquo;inconfort, en redonnant douceur et \u00e9lasticit\u00e9 \u00e0 la peau.<\/p>\n<p data-start=\"309\" data-end=\"549\">L&rsquo;ur\u00e9e retient activement l&rsquo;humidit\u00e9 dans l&rsquo;\u00e9piderme, pr\u00e9vient la d\u00e9shydratation et aide \u00e0 restaurer l&rsquo;\u00e9quilibre hydrolipidique naturel de la peau. Elle acc\u00e9l\u00e8re la cicatrisation des microfissures et des l\u00e9sions mineures, en renfor\u00e7ant la fonction de barri\u00e8re de la peau des mains.<\/p>\n<p data-start=\"551\" data-end=\"916\">L&rsquo;huile d&rsquo;avocat, riche en vitamines A, E et D, en magn\u00e9sium et en oligo-\u00e9l\u00e9ments, a de puissants effets antioxydants et anti-inflammatoires, ralentit les processus de vieillissement pr\u00e9matur\u00e9 et am\u00e9liore l&rsquo;\u00e9tat g\u00e9n\u00e9ral de la peau. Le niacinamide, le panth\u00e9nol et l&rsquo;acide hyaluronique renforcent l&rsquo;effet hydratant et r\u00e9parateur, laissant les mains douces, soign\u00e9es et prot\u00e9g\u00e9es des facteurs externes.<\/p>\n<p data-start=\"918\" data-end=\"1143\"><strong>Principaux b\u00e9n\u00e9fices :<\/strong><br data-start=\"931\" data-end=\"934\" \/>&#8211; hydratation intensive et durable<br data-start=\"972\" data-end=\"975\" \/>&#8211; restauration de la barri\u00e8re protectrice de la peau<br data-start=\"1021\" data-end=\"1024\" \/>&#8211; cicatrisation des microfissures et des zones s\u00e8ches<br data-start=\"1064\" data-end=\"1067\" \/>&#8211; pr\u00e9vention du vieillissement pr\u00e9matur\u00e9 des mains<br data-start=\"1111\" data-end=\"1114\" \/>&#8211; texture l\u00e9g\u00e8re et non grasse<\/p>\n<p data-start=\"1145\" data-end=\"1269\" data-is-last-node=\"\" data-is-only-node=\"\"><strong>Mode d&#8217;emploi :<\/strong><br data-start=\"1156\" data-end=\"1159\" \/>Appliquez une petite quantit\u00e9 de cr\u00e8me sur des mains propres en effectuant de l\u00e9gers mouvements de massage. Utiliser selon les besoins tout au long de la journ\u00e9e.<\/p>\n<p data-start=\"1145\" data-end=\"1269\" data-is-last-node=\"\" data-is-only-node=\"\"><span data-sheets-root=\"1\"><strong>Ingr\u00e9dients :<\/strong><br \/>\nAqua (Eau), Cetearyl Olivate, Sorbitan Olivate, Avocado Oil, Olive Oil, Urea, Glycerin, Niacinamide, D-Panthenol, Trehalose, Serine, Pentylene Glycol, Glycerol Polyacrylate, Algin, Caprylyl Glycol, Sodium Hyaluronate, Pullulan, Disodium Phosphate, Potassium Phosphate, Cetyl Stearyl Alcohol, Tocopheryl Acetate, Flaxseed Oil, Bisabolol, Fragrance Composition, Valine, Lysine, Serine, Sorbitan Caprylate, Propanediol, Benzoic Acid. <\/span><\/p>\n","protected":false},"excerpt":{"rendered":"<p>La cr\u00e8me nourrissante pour les mains PLAISIR, \u00e0 la texture l\u00e9g\u00e8re et rapidement absorb\u00e9e, apporte un soin complet aux mains, en les hydratant intens\u00e9ment, en les adoucissant et en r\u00e9tablissant leurs fonctions protectrices. La formule soulage efficacement la s\u00e9cheresse, les tiraillements et l&rsquo;inconfort, en redonnant douceur et \u00e9lasticit\u00e9 \u00e0 la peau. L&rsquo;ur\u00e9e retient activement l&rsquo;humidit\u00e9 [&hellip;]<\/p>\n","protected":false},"featured_media":7850,"comment_status":"open","ping_status":"closed","template":"","meta":[],"product_brand":[74],"product_cat":[122],"product_tag":[],"class_list":{"0":"post-7849","1":"product","2":"type-product","3":"status-publish","4":"has-post-thumbnail","6":"product_brand-body-series","7":"product_cat-produits-de-soins-corporels-body-line","9":"first","10":"instock","11":"shipping-taxable","12":"purchasable","13":"product-type-simple"},"aioseo_notices":[],"_links":{"self":[{"href":"https:\/\/pelartlabbenelux.com\/fr\/wp-json\/wp\/v2\/product\/7849","targetHints":{"allow":["GET"]}}],"collection":[{"href":"https:\/\/pelartlabbenelux.com\/fr\/wp-json\/wp\/v2\/product"}],"about":[{"href":"https:\/\/pelartlabbenelux.com\/fr\/wp-json\/wp\/v2\/types\/product"}],"replies":[{"embeddable":true,"href":"https:\/\/pelartlabbenelux.com\/fr\/wp-json\/wp\/v2\/comments?post=7849"}],"version-history":[{"count":1,"href":"https:\/\/pelartlabbenelux.com\/fr\/wp-json\/wp\/v2\/product\/7849\/revisions"}],"predecessor-version":[{"id":7866,"href":"https:\/\/pelartlabbenelux.com\/fr\/wp-json\/wp\/v2\/product\/7849\/revisions\/7866"}],"wp:featuredmedia":[{"embeddable":true,"href":"https:\/\/pelartlabbenelux.com\/fr\/wp-json\/wp\/v2\/media\/7850"}],"wp:attachment":[{"href":"https:\/\/pelartlabbenelux.com\/fr\/wp-json\/wp\/v2\/media?parent=7849"}],"wp:term":[{"taxonomy":"product_brand","embeddable":true,"href":"https:\/\/pelartlabbenelux.com\/fr\/wp-json\/wp\/v2\/product_brand?post=7849"},{"taxonomy":"product_cat","embeddable":true,"href":"https:\/\/pelartlabbenelux.com\/fr\/wp-json\/wp\/v2\/product_cat?post=7849"},{"taxonomy":"product_tag","embeddable":true,"href":"https:\/\/pelartlabbenelux.com\/fr\/wp-json\/wp\/v2\/product_tag?post=7849"}],"curies":[{"name":"wp","href":"https:\/\/api.w.org\/{rel}","templated":true}]}}