{"id":7847,"date":"2026-01-28T16:09:27","date_gmt":"2026-01-28T16:09:27","guid":{"rendered":"https:\/\/pelartlabbenelux.com\/product\/creme-reparatrice-pour-les-pieds-phyto-q-body-series-100-ml\/"},"modified":"2026-02-04T16:11:24","modified_gmt":"2026-02-04T16:11:24","slug":"creme-reparatrice-pour-les-pieds-phyto-q-body-series-100-ml","status":"publish","type":"product","link":"https:\/\/pelartlabbenelux.com\/fr\/produit\/creme-reparatrice-pour-les-pieds-phyto-q-body-series-100-ml\/","title":{"rendered":"Cr\u00e8me r\u00e9paratrice pour les pieds PHYTO-Q Body Series, 100 ml"},"content":{"rendered":"<p data-start=\"0\" data-end=\"266\">La cr\u00e8me r\u00e9paratrice pour les pieds PHYTO-Q est con\u00e7ue pour un soin complet des pieds sujets \u00e0 la s\u00e9cheresse, \u00e0 la rugosit\u00e9 et \u00e0 la transpiration excessive. La formule normalise l&rsquo;activit\u00e9 des glandes sudoripares, \u00e9limine efficacement les odeurs d\u00e9sagr\u00e9ables et maintient l&rsquo;\u00e9quilibre hydrolipidique optimal de la peau.<\/p>\n<p data-start=\"268\" data-end=\"522\">La cr\u00e8me stimule les processus m\u00e9taboliques et enzymatiques, exerce une action antiseptique et acc\u00e9l\u00e8re la cicatrisation des microdommages et des fissures. L&rsquo;ur\u00e9e et les huiles v\u00e9g\u00e9tales adoucissent intens\u00e9ment la peau, r\u00e9duisent les signes d&rsquo;hyperk\u00e9ratose et exfolient en douceur les cellules mortes.<\/p>\n<p data-start=\"524\" data-end=\"666\">Le produit rafra\u00eechit les pieds, ralentit les processus de vieillissement pr\u00e9matur\u00e9 et laisse la peau lisse, soign\u00e9e et confortable lors d&rsquo;une utilisation quotidienne.<\/p>\n<p data-start=\"668\" data-end=\"912\"><strong>Principaux b\u00e9n\u00e9fices :<\/strong><br data-start=\"681\" data-end=\"684\" \/>&#8211; normalisation de la transpiration et effet d\u00e9sodorisant<br data-start=\"734\" data-end=\"737\" \/>&#8211; adoucissement et hydratation intensifs de la peau<br data-start=\"787\" data-end=\"790\" \/>&#8211; r\u00e9duction des fissures et des signes d&rsquo;hyperk\u00e9ratose<br data-start=\"839\" data-end=\"842\" \/>&#8211; action antiseptique et cicatrisante<br data-start=\"873\" data-end=\"876\" \/>&#8211; sensation de fra\u00eecheur et de confort<\/p>\n<p data-start=\"914\" data-end=\"1020\" data-is-last-node=\"\" data-is-only-node=\"\"><strong>Mode d&#8217;emploi :<\/strong><br data-start=\"925\" data-end=\"928\" \/>Appliquez la cr\u00e8me sur les pieds propres en effectuant de l\u00e9gers mouvements de massage jusqu&rsquo;\u00e0 ce qu&rsquo;elle soit enti\u00e8rement absorb\u00e9e. Utiliser quotidiennement.<\/p>\n<p data-start=\"914\" data-end=\"1020\" data-is-last-node=\"\" data-is-only-node=\"\"><span data-sheets-root=\"1\"><strong>Ingr\u00e9dients :<\/strong><br \/>\nEau, ur\u00e9e, triglyc\u00e9ride caprylique\/caprique, huiles : Karit\u00e9, soja, alcool c\u00e9t\u00e9arylique, glyc\u00e9rine, olivate c\u00e9t\u00e9arylique, olivate de sorbitan, octyldod\u00e9canol, caprate de propylheptyle, glucoside de glyc\u00e9rol, poudre de riz, panth\u00e9nol, st\u00e9arate de glyc\u00e9ryle, c\u00e9t\u00e9areth-20, Cyclopentasiloxane, Dimethiconol, Ceteareth-12, Phenoxyethanol, Camphre, Methylparaben, Propylparaben, Cetyl palmitate, Phospholipides, L\u00e9cithine, Querc\u00e9tine, Glycolipides, St\u00e9rol de soja, Sphingolipides. <\/span><\/p>\n","protected":false},"excerpt":{"rendered":"<p>La cr\u00e8me r\u00e9paratrice pour les pieds PHYTO-Q est con\u00e7ue pour un soin complet des pieds sujets \u00e0 la s\u00e9cheresse, \u00e0 la rugosit\u00e9 et \u00e0 la transpiration excessive. La formule normalise l&rsquo;activit\u00e9 des glandes sudoripares, \u00e9limine efficacement les odeurs d\u00e9sagr\u00e9ables et maintient l&rsquo;\u00e9quilibre hydrolipidique optimal de la peau. La cr\u00e8me stimule les processus m\u00e9taboliques et enzymatiques, [&hellip;]<\/p>\n","protected":false},"featured_media":7848,"comment_status":"open","ping_status":"closed","template":"","meta":[],"product_brand":[74],"product_cat":[122],"product_tag":[],"class_list":{"0":"post-7847","1":"product","2":"type-product","3":"status-publish","4":"has-post-thumbnail","6":"product_brand-body-series","7":"product_cat-produits-de-soins-corporels-body-line","9":"first","10":"instock","11":"shipping-taxable","12":"purchasable","13":"product-type-simple"},"aioseo_notices":[],"_links":{"self":[{"href":"https:\/\/pelartlabbenelux.com\/fr\/wp-json\/wp\/v2\/product\/7847","targetHints":{"allow":["GET"]}}],"collection":[{"href":"https:\/\/pelartlabbenelux.com\/fr\/wp-json\/wp\/v2\/product"}],"about":[{"href":"https:\/\/pelartlabbenelux.com\/fr\/wp-json\/wp\/v2\/types\/product"}],"replies":[{"embeddable":true,"href":"https:\/\/pelartlabbenelux.com\/fr\/wp-json\/wp\/v2\/comments?post=7847"}],"version-history":[{"count":1,"href":"https:\/\/pelartlabbenelux.com\/fr\/wp-json\/wp\/v2\/product\/7847\/revisions"}],"predecessor-version":[{"id":7867,"href":"https:\/\/pelartlabbenelux.com\/fr\/wp-json\/wp\/v2\/product\/7847\/revisions\/7867"}],"wp:featuredmedia":[{"embeddable":true,"href":"https:\/\/pelartlabbenelux.com\/fr\/wp-json\/wp\/v2\/media\/7848"}],"wp:attachment":[{"href":"https:\/\/pelartlabbenelux.com\/fr\/wp-json\/wp\/v2\/media?parent=7847"}],"wp:term":[{"taxonomy":"product_brand","embeddable":true,"href":"https:\/\/pelartlabbenelux.com\/fr\/wp-json\/wp\/v2\/product_brand?post=7847"},{"taxonomy":"product_cat","embeddable":true,"href":"https:\/\/pelartlabbenelux.com\/fr\/wp-json\/wp\/v2\/product_cat?post=7847"},{"taxonomy":"product_tag","embeddable":true,"href":"https:\/\/pelartlabbenelux.com\/fr\/wp-json\/wp\/v2\/product_tag?post=7847"}],"curies":[{"name":"wp","href":"https:\/\/api.w.org\/{rel}","templated":true}]}}