{"id":7845,"date":"2026-01-28T16:09:05","date_gmt":"2026-01-28T16:09:05","guid":{"rendered":"https:\/\/pelartlabbenelux.com\/product\/complexe-relaxant-pour-le-corps-relax-body-series-30-ml\/"},"modified":"2026-02-04T16:08:47","modified_gmt":"2026-02-04T16:08:47","slug":"complexe-relaxant-pour-le-corps-relax-body-series-30-ml","status":"publish","type":"product","link":"https:\/\/pelartlabbenelux.com\/fr\/produit\/complexe-relaxant-pour-le-corps-relax-body-series-30-ml\/","title":{"rendered":"Complexe relaxant pour le corps RELAX Body Series, 30 ml"},"content":{"rendered":"<p data-start=\"0\" data-end=\"295\">Complexe relaxant professionnel pour le corps, con\u00e7u pour renforcer l&rsquo;efficacit\u00e9 des massages et des soins corporels. La formule a un effet relaxant, tonifiant et angioprotecteur prononc\u00e9, aide \u00e0 r\u00e9tablir l&rsquo;\u00e9quilibre \u00e9motionnel et physique et am\u00e9liore l&rsquo;\u00e9tat de la peau et des vaisseaux sanguins.<\/p>\n<p data-start=\"297\" data-end=\"742\">L&rsquo;huile de p\u00e9pins d&rsquo;orange nourrit la peau, r\u00e9duit les irritations et aide \u00e0 lutter contre les \u00e9ruptions cutan\u00e9es. L&rsquo;huile de patchouli hydrate intens\u00e9ment, stimule la r\u00e9g\u00e9n\u00e9ration et a un effet rajeunissant. L&rsquo;huile essentielle de bergamote a un effet anti-stress prononc\u00e9, aide \u00e0 r\u00e9duire les manifestations de fatigue chronique et am\u00e9liore le bien-\u00eatre g\u00e9n\u00e9ral. L&rsquo;huile essentielle de pamplemousse normalise le m\u00e9tabolisme des lipides, acc\u00e9l\u00e8re les processus m\u00e9taboliques, r\u00e9duit les gonflements et favorise le r\u00e9tablissement de la peau.<\/p>\n<p data-start=\"744\" data-end=\"892\">Le complexe est utilis\u00e9 comme additif actif pour la personnalisation des programmes de soins corporels et pour augmenter l&rsquo;efficacit\u00e9 des produits cosm\u00e9tiques.<\/p>\n<p data-start=\"894\" data-end=\"1162\"><strong>Principaux effets :<\/strong><br \/>\n&#8211; relaxation et soulagement des tensions musculaires et \u00e9motionnelles<br data-start=\"962\" data-end=\"965\" \/>&#8211; r\u00e9duction des gonflements et am\u00e9lioration de la microcirculation<br data-start=\"1024\" data-end=\"1027\" \/>&#8211; nutrition et restauration de la peau<br data-start=\"1068\" data-end=\"1071\" \/>&#8211; normalisation du m\u00e9tabolisme des lipides<br data-start=\"1106\" data-end=\"1109\" \/>&#8211; am\u00e9lioration de la tonicit\u00e9 de la peau et des fonctions protectrices<\/p>\n<p data-start=\"1164\" data-end=\"1302\" data-is-last-node=\"\" data-is-only-node=\"\"><strong>Mode d&#8217;emploi :<\/strong><br \/>\nUtiliser comme additif actif pour am\u00e9liorer les produits cosm\u00e9tiques. Dosage recommand\u00e9 &#8211; 5-10 gouttes, selon le protocole de la proc\u00e9dure.<\/p>\n<p data-start=\"1164\" data-end=\"1302\" data-is-last-node=\"\" data-is-only-node=\"\"><span data-sheets-root=\"1\"><strong>Ingr\u00e9dients :<\/strong><br \/>\nHuile de graines d&rsquo;orange, huile essentielle de patchouli, huile essentielle de bergamote, huile essentielle de pamplemousse. <\/span><\/p>\n","protected":false},"excerpt":{"rendered":"<p>Complexe relaxant professionnel pour le corps, con\u00e7u pour renforcer l&rsquo;efficacit\u00e9 des massages et des soins corporels. La formule a un effet relaxant, tonifiant et angioprotecteur prononc\u00e9, aide \u00e0 r\u00e9tablir l&rsquo;\u00e9quilibre \u00e9motionnel et physique et am\u00e9liore l&rsquo;\u00e9tat de la peau et des vaisseaux sanguins. L&rsquo;huile de p\u00e9pins d&rsquo;orange nourrit la peau, r\u00e9duit les irritations et aide [&hellip;]<\/p>\n","protected":false},"featured_media":7846,"comment_status":"open","ping_status":"closed","template":"","meta":[],"product_brand":[74],"product_cat":[122],"product_tag":[],"class_list":{"0":"post-7845","1":"product","2":"type-product","3":"status-publish","4":"has-post-thumbnail","6":"product_brand-body-series","7":"product_cat-produits-de-soins-corporels-body-line","9":"first","10":"instock","11":"shipping-taxable","12":"purchasable","13":"product-type-simple"},"aioseo_notices":[],"_links":{"self":[{"href":"https:\/\/pelartlabbenelux.com\/fr\/wp-json\/wp\/v2\/product\/7845","targetHints":{"allow":["GET"]}}],"collection":[{"href":"https:\/\/pelartlabbenelux.com\/fr\/wp-json\/wp\/v2\/product"}],"about":[{"href":"https:\/\/pelartlabbenelux.com\/fr\/wp-json\/wp\/v2\/types\/product"}],"replies":[{"embeddable":true,"href":"https:\/\/pelartlabbenelux.com\/fr\/wp-json\/wp\/v2\/comments?post=7845"}],"version-history":[{"count":1,"href":"https:\/\/pelartlabbenelux.com\/fr\/wp-json\/wp\/v2\/product\/7845\/revisions"}],"predecessor-version":[{"id":7859,"href":"https:\/\/pelartlabbenelux.com\/fr\/wp-json\/wp\/v2\/product\/7845\/revisions\/7859"}],"wp:featuredmedia":[{"embeddable":true,"href":"https:\/\/pelartlabbenelux.com\/fr\/wp-json\/wp\/v2\/media\/7846"}],"wp:attachment":[{"href":"https:\/\/pelartlabbenelux.com\/fr\/wp-json\/wp\/v2\/media?parent=7845"}],"wp:term":[{"taxonomy":"product_brand","embeddable":true,"href":"https:\/\/pelartlabbenelux.com\/fr\/wp-json\/wp\/v2\/product_brand?post=7845"},{"taxonomy":"product_cat","embeddable":true,"href":"https:\/\/pelartlabbenelux.com\/fr\/wp-json\/wp\/v2\/product_cat?post=7845"},{"taxonomy":"product_tag","embeddable":true,"href":"https:\/\/pelartlabbenelux.com\/fr\/wp-json\/wp\/v2\/product_tag?post=7845"}],"curies":[{"name":"wp","href":"https:\/\/api.w.org\/{rel}","templated":true}]}}