{"id":7843,"date":"2026-01-28T16:09:05","date_gmt":"2026-01-28T16:09:05","guid":{"rendered":"https:\/\/pelartlabbenelux.com\/product\/gommage-corporel-a-la-menthe-mentha-piperita-body-series-200-ml\/"},"modified":"2026-02-04T16:09:41","modified_gmt":"2026-02-04T16:09:41","slug":"gommage-corporel-a-la-menthe-mentha-piperita-body-series-200-ml","status":"publish","type":"product","link":"https:\/\/pelartlabbenelux.com\/fr\/produit\/gommage-corporel-a-la-menthe-mentha-piperita-body-series-200-ml\/","title":{"rendered":"Gommage corporel \u00e0 la menthe Mentha Piperita Body Series, 200 ml"},"content":{"rendered":"<p data-start=\"0\" data-end=\"294\">Gommage corporel au sel \u00e0 base d&rsquo;extrait de menthe poivr\u00e9e et d&rsquo;huile de p\u00e9pins de raisin, con\u00e7u pour un nettoyage intensif, une tonification et un renouvellement de la peau. Le sel marin combin\u00e9 \u00e0 des feuilles de menthe \u00e9cras\u00e9es \u044d\u0444\u0444\u0435\u043a\u0442\u0438\u0432\u043d\u043e \u00e9limine les cellules mortes, nettoie et resserre les pores, am\u00e9liore la fermet\u00e9 de la peau et normalise l&rsquo;activit\u00e9 des glandes s\u00e9bac\u00e9es.<\/p>\n<p data-start=\"296\" data-end=\"638\">L&rsquo;huile essentielle de menthe poivr\u00e9e exerce un effet rafra\u00eechissant et tonifiant prononc\u00e9, stimule la microcirculation, procure une sensation de fra\u00eecheur et de vitalit\u00e9 et am\u00e9liore le bien-\u00eatre \u00e9motionnel. Un complexe d&rsquo;huiles de romarin, de tilleul et de p\u00e9pins de raisin nourrit la peau, favorise son renouvellement et sa r\u00e9g\u00e9n\u00e9ration et gorge les cellules de vitamines et d&rsquo;oligo-\u00e9l\u00e9ments.<\/p>\n<p data-start=\"640\" data-end=\"854\">Le gommage procure un doux effet de massage, stimule la r\u00e9g\u00e9n\u00e9ration de la peau et am\u00e9liore la texture et le tonus de la peau. Recommand\u00e9 pour les peaux sujettes \u00e0 une production accrue de s\u00e9bum, ainsi que pour une utilisation dans les hammams et les bains romains.<\/p>\n<p data-start=\"856\" data-end=\"1097\"><strong>Principaux effets :<\/strong><br \/>\n&#8211; nettoyage en profondeur et exfoliation des cellules mortes<br data-start=\"920\" data-end=\"923\" \/>&#8211; tonification et am\u00e9lioration de la fermet\u00e9 de la peau<br data-start=\"958\" data-end=\"961\" \/>&#8211; normalisation de l&rsquo;activit\u00e9 des glandes s\u00e9bac\u00e9es<br data-start=\"1004\" data-end=\"1007\" \/>&#8211; stimulation de la microcirculation et du renouvellement de la peau<br data-start=\"1057\" data-end=\"1060\" \/>&#8211; sensation de fra\u00eecheur et de vitalit\u00e9<\/p>\n<p data-start=\"1099\" data-end=\"1295\" data-is-last-node=\"\" data-is-only-node=\"\"><strong>Mode d&#8217;emploi :<\/strong><br \/>\nAppliquez une petite quantit\u00e9 de gommage sur une peau humide et nettoy\u00e9e. Massez d\u00e9licatement en insistant sur les zones \u00e0 probl\u00e8mes, puis rincez \u00e0 l&rsquo;eau. Recommand\u00e9 pour les hammams et les bains romains.<\/p>\n<p data-start=\"1099\" data-end=\"1295\" data-is-last-node=\"\" data-is-only-node=\"\"><span data-sheets-root=\"1\"><strong>Ingr\u00e9dients :<\/strong><br \/>\nHuile de p\u00e9pins de raisin, huile de s\u00e9same, menthe poivr\u00e9e, sel marin, huile essentielle de menthe poivr\u00e9e, glucoside de coco, ol\u00e9ate de glyc\u00e9ryle, extrait CO2 de m\u00e9lisse, huile de romarin, huile de citron vert. <\/span><\/p>\n","protected":false},"excerpt":{"rendered":"<p>Gommage corporel au sel \u00e0 base d&rsquo;extrait de menthe poivr\u00e9e et d&rsquo;huile de p\u00e9pins de raisin, con\u00e7u pour un nettoyage intensif, une tonification et un renouvellement de la peau. Le sel marin combin\u00e9 \u00e0 des feuilles de menthe \u00e9cras\u00e9es \u044d\u0444\u0444\u0435\u043a\u0442\u0438\u0432\u043d\u043e \u00e9limine les cellules mortes, nettoie et resserre les pores, am\u00e9liore la fermet\u00e9 de la peau [&hellip;]<\/p>\n","protected":false},"featured_media":7844,"comment_status":"open","ping_status":"closed","template":"","meta":[],"product_brand":[74],"product_cat":[122],"product_tag":[],"class_list":{"0":"post-7843","1":"product","2":"type-product","3":"status-publish","4":"has-post-thumbnail","6":"product_brand-body-series","7":"product_cat-produits-de-soins-corporels-body-line","9":"first","10":"instock","11":"shipping-taxable","12":"purchasable","13":"product-type-simple"},"aioseo_notices":[],"_links":{"self":[{"href":"https:\/\/pelartlabbenelux.com\/fr\/wp-json\/wp\/v2\/product\/7843","targetHints":{"allow":["GET"]}}],"collection":[{"href":"https:\/\/pelartlabbenelux.com\/fr\/wp-json\/wp\/v2\/product"}],"about":[{"href":"https:\/\/pelartlabbenelux.com\/fr\/wp-json\/wp\/v2\/types\/product"}],"replies":[{"embeddable":true,"href":"https:\/\/pelartlabbenelux.com\/fr\/wp-json\/wp\/v2\/comments?post=7843"}],"version-history":[{"count":1,"href":"https:\/\/pelartlabbenelux.com\/fr\/wp-json\/wp\/v2\/product\/7843\/revisions"}],"predecessor-version":[{"id":7861,"href":"https:\/\/pelartlabbenelux.com\/fr\/wp-json\/wp\/v2\/product\/7843\/revisions\/7861"}],"wp:featuredmedia":[{"embeddable":true,"href":"https:\/\/pelartlabbenelux.com\/fr\/wp-json\/wp\/v2\/media\/7844"}],"wp:attachment":[{"href":"https:\/\/pelartlabbenelux.com\/fr\/wp-json\/wp\/v2\/media?parent=7843"}],"wp:term":[{"taxonomy":"product_brand","embeddable":true,"href":"https:\/\/pelartlabbenelux.com\/fr\/wp-json\/wp\/v2\/product_brand?post=7843"},{"taxonomy":"product_cat","embeddable":true,"href":"https:\/\/pelartlabbenelux.com\/fr\/wp-json\/wp\/v2\/product_cat?post=7843"},{"taxonomy":"product_tag","embeddable":true,"href":"https:\/\/pelartlabbenelux.com\/fr\/wp-json\/wp\/v2\/product_tag?post=7843"}],"curies":[{"name":"wp","href":"https:\/\/api.w.org\/{rel}","templated":true}]}}