{"id":7841,"date":"2026-01-28T16:09:05","date_gmt":"2026-01-28T16:09:05","guid":{"rendered":"https:\/\/pelartlabbenelux.com\/product\/gommage-corporel-a-la-passiflore-passiflora-edulis-body-series-200-ml\/"},"modified":"2026-02-04T16:10:01","modified_gmt":"2026-02-04T16:10:01","slug":"gommage-corporel-a-la-passiflore-passiflora-edulis-body-series-200-ml","status":"publish","type":"product","link":"https:\/\/pelartlabbenelux.com\/fr\/produit\/gommage-corporel-a-la-passiflore-passiflora-edulis-body-series-200-ml\/","title":{"rendered":"Gommage corporel \u00e0 la passiflore Passiflora Edulis Body Series, 200 ml"},"content":{"rendered":"<p data-start=\"0\" data-end=\"266\">Gommage corporel au sel avec de l&rsquo;extrait de passiflore et de l&rsquo;huile d&rsquo;avocat, con\u00e7u pour un nettoyage en profondeur, un renouvellement et un soin intensif de la peau. La formule exfolie efficacement les cellules mortes, lisse la texture et le teint de la peau, stimule la r\u00e9g\u00e9n\u00e9ration et am\u00e9liore l&rsquo;apparence g\u00e9n\u00e9rale.<\/p>\n<p data-start=\"268\" data-end=\"603\">La poudre de coquille de noix de coco renforce l&rsquo;action abrasive, favorisant une exfoliation plus prononc\u00e9e de la couche corn\u00e9e et am\u00e9liorant la p\u00e9n\u00e9tration des ingr\u00e9dients actifs. L&rsquo;huile d&rsquo;avocat offre de puissantes propri\u00e9t\u00e9s nourrissantes, hydratantes et r\u00e9paratrices, renforce la barri\u00e8re cutan\u00e9e et prot\u00e8ge la peau des agressions ext\u00e9rieures.<\/p>\n<p data-start=\"605\" data-end=\"828\">Le gommage est riche en vitamines et min\u00e9raux (sodium, potassium, calcium, zinc), convient aux programmes anti-\u00e2ge et de remodelage du corps, et aide \u00e0 restaurer l&rsquo;hydratation et la tonicit\u00e9 de la peau. Recommand\u00e9 pour une utilisation dans les hammams et les bains romains.<\/p>\n<p data-start=\"830\" data-end=\"1084\"><strong>Effets cl\u00e9s :<\/strong><br data-start=\"842\" data-end=\"845\" \/>&#8211; exfoliation intensive et nettoyage de la peau<br data-start=\"887\" data-end=\"890\" \/>&#8211; lissage de la texture et du teint de la peau<br data-start=\"926\" data-end=\"929\" \/>&#8211; stimulation de la r\u00e9g\u00e9n\u00e9ration et du renouvellement<br data-start=\"970\" data-end=\"973\" \/>&#8211; nutrition et hydratation en profondeur<br data-start=\"1005\" data-end=\"1008\" \/>&#8211; renforcement de la barri\u00e8re cutan\u00e9e et protection contre les facteurs environnementaux<\/p>\n<p data-start=\"1086\" data-end=\"1284\" data-is-last-node=\"\" data-is-only-node=\"\"><strong>Mode d&#8217;emploi :<\/strong><br data-start=\"1097\" data-end=\"1100\" \/>Appliquez une petite quantit\u00e9 de gommage sur une peau humide et nettoy\u00e9e. Massez d\u00e9licatement en insistant sur les zones \u00e0 probl\u00e8mes, puis rincez \u00e0 l&rsquo;eau. Recommand\u00e9 pour les hammams et les bains romains.<\/p>\n<p data-start=\"1086\" data-end=\"1284\" data-is-last-node=\"\" data-is-only-node=\"\"><span data-sheets-root=\"1\"><strong>Ingr\u00e9dients :<\/strong><br \/>\nHuile d&rsquo;avocat, huile de fruit de la passion, sel marin, poudre de coque de noix de coco, extrait de fruit de la passion, glucoside de coco, glyc\u00e9rine d&rsquo;ol\u00e9a, squalane. <\/span><\/p>\n","protected":false},"excerpt":{"rendered":"<p>Gommage corporel au sel avec de l&rsquo;extrait de passiflore et de l&rsquo;huile d&rsquo;avocat, con\u00e7u pour un nettoyage en profondeur, un renouvellement et un soin intensif de la peau. La formule exfolie efficacement les cellules mortes, lisse la texture et le teint de la peau, stimule la r\u00e9g\u00e9n\u00e9ration et am\u00e9liore l&rsquo;apparence g\u00e9n\u00e9rale. La poudre de coquille [&hellip;]<\/p>\n","protected":false},"featured_media":7842,"comment_status":"open","ping_status":"closed","template":"","meta":[],"product_brand":[74],"product_cat":[122],"product_tag":[],"class_list":{"0":"post-7841","1":"product","2":"type-product","3":"status-publish","4":"has-post-thumbnail","6":"product_brand-body-series","7":"product_cat-produits-de-soins-corporels-body-line","9":"first","10":"instock","11":"shipping-taxable","12":"purchasable","13":"product-type-simple"},"aioseo_notices":[],"_links":{"self":[{"href":"https:\/\/pelartlabbenelux.com\/fr\/wp-json\/wp\/v2\/product\/7841","targetHints":{"allow":["GET"]}}],"collection":[{"href":"https:\/\/pelartlabbenelux.com\/fr\/wp-json\/wp\/v2\/product"}],"about":[{"href":"https:\/\/pelartlabbenelux.com\/fr\/wp-json\/wp\/v2\/types\/product"}],"replies":[{"embeddable":true,"href":"https:\/\/pelartlabbenelux.com\/fr\/wp-json\/wp\/v2\/comments?post=7841"}],"version-history":[{"count":1,"href":"https:\/\/pelartlabbenelux.com\/fr\/wp-json\/wp\/v2\/product\/7841\/revisions"}],"predecessor-version":[{"id":7862,"href":"https:\/\/pelartlabbenelux.com\/fr\/wp-json\/wp\/v2\/product\/7841\/revisions\/7862"}],"wp:featuredmedia":[{"embeddable":true,"href":"https:\/\/pelartlabbenelux.com\/fr\/wp-json\/wp\/v2\/media\/7842"}],"wp:attachment":[{"href":"https:\/\/pelartlabbenelux.com\/fr\/wp-json\/wp\/v2\/media?parent=7841"}],"wp:term":[{"taxonomy":"product_brand","embeddable":true,"href":"https:\/\/pelartlabbenelux.com\/fr\/wp-json\/wp\/v2\/product_brand?post=7841"},{"taxonomy":"product_cat","embeddable":true,"href":"https:\/\/pelartlabbenelux.com\/fr\/wp-json\/wp\/v2\/product_cat?post=7841"},{"taxonomy":"product_tag","embeddable":true,"href":"https:\/\/pelartlabbenelux.com\/fr\/wp-json\/wp\/v2\/product_tag?post=7841"}],"curies":[{"name":"wp","href":"https:\/\/api.w.org\/{rel}","templated":true}]}}