{"id":7839,"date":"2026-01-28T16:09:27","date_gmt":"2026-01-28T16:09:27","guid":{"rendered":"https:\/\/pelartlabbenelux.com\/product\/gommage-corporel-aux-agrumes-nobilis-c-body-series-200-ml\/"},"modified":"2026-02-04T16:10:40","modified_gmt":"2026-02-04T16:10:40","slug":"gommage-corporel-aux-agrumes-nobilis-c-body-series-200-ml","status":"publish","type":"product","link":"https:\/\/pelartlabbenelux.com\/fr\/produit\/gommage-corporel-aux-agrumes-nobilis-c-body-series-200-ml\/","title":{"rendered":"Gommage corporel aux agrumes Nobilis C Body Series, 200 ml"},"content":{"rendered":"<p data-start=\"0\" data-end=\"276\">Gommage corporel au sel, \u00e0 l&rsquo;extrait de mandarine et \u00e0 l&rsquo;huile d&rsquo;olive, con\u00e7u pour un nettoyage intensif, un renouvellement et une tonification de la peau. La formule \u00e9limine efficacement les cellules mortes, lisse la texture et le teint de la peau, stimule la r\u00e9g\u00e9n\u00e9ration et pr\u00e9pare la peau aux soins ult\u00e9rieurs.<\/p>\n<p data-start=\"278\" data-end=\"609\">La poudre de p\u00e9pins de framboise renforce l&rsquo;exfoliation de la couche corn\u00e9e, am\u00e9liorant la p\u00e9n\u00e9tration des ingr\u00e9dients actifs et augmentant l&rsquo;efficacit\u00e9 des traitements de remodelage du corps et anti-\u00e2ge. L&rsquo;huile de mandarine poss\u00e8de des propri\u00e9t\u00e9s antiseptiques, anti-inflammatoires et antifongiques prononc\u00e9es, favorise la restauration des cellules cutan\u00e9es et am\u00e9liore la tonicit\u00e9 de la peau.<\/p>\n<p data-start=\"611\" data-end=\"900\">L&rsquo;huile d&rsquo;olive, riche en squal\u00e8ne et en vitamines A, D et E, hydrate la peau en profondeur, neutralise les radicaux libres, ralentit les processus de vieillissement et favorise le renouvellement de l&rsquo;\u00e9piderme. Le gommage laisse sur la peau une sensation de fra\u00eecheur, de douceur et de confort, ce qui le rend id\u00e9al pour une utilisation dans les hammams et les bains romains.<\/p>\n<p data-start=\"902\" data-end=\"1156\"><strong>Principaux effets :<\/strong><br data-start=\"914\" data-end=\"917\" \/>&#8211; nettoyage en profondeur et exfoliation active<br data-start=\"956\" data-end=\"959\" \/>&#8211; lissage de la texture et du teint de la peau<br data-start=\"995\" data-end=\"998\" \/>&#8211; protection antioxydante et effets anti-\u00e2ge<br data-start=\"1046\" data-end=\"1049\" \/>&#8211; am\u00e9lioration de la microcirculation et du teint de la peau<br data-start=\"1090\" data-end=\"1093\" \/>&#8211; pr\u00e9paration aux programmes anticellulite et de remodelage du corps<\/p>\n<p data-start=\"1158\" data-end=\"1356\" data-is-last-node=\"\" data-is-only-node=\"\"><strong>Mode d&#8217;emploi :<\/strong><br data-start=\"1169\" data-end=\"1172\" \/>Appliquez une petite quantit\u00e9 de gommage sur une peau humide et nettoy\u00e9e. Massez d\u00e9licatement en insistant sur les zones \u00e0 probl\u00e8mes, puis rincez \u00e0 l&rsquo;eau. Recommand\u00e9 pour les hammams et les bains romains.<\/p>\n<p data-start=\"1158\" data-end=\"1356\" data-is-last-node=\"\" data-is-only-node=\"\"><span data-sheets-root=\"1\"><strong>Ingr\u00e9dients :<\/strong><br \/>\nHuile d&rsquo;olive, huile de mandarine, sel marin, glucoside de coco, ol\u00e9ate de glyc\u00e9ryle, vitamine E, poudre de graines de framboise, huile de mandarine, huile essentielle de bergamote, extrait de mandarine.<\/span><\/p>\n","protected":false},"excerpt":{"rendered":"<p>Gommage corporel au sel, \u00e0 l&rsquo;extrait de mandarine et \u00e0 l&rsquo;huile d&rsquo;olive, con\u00e7u pour un nettoyage intensif, un renouvellement et une tonification de la peau. La formule \u00e9limine efficacement les cellules mortes, lisse la texture et le teint de la peau, stimule la r\u00e9g\u00e9n\u00e9ration et pr\u00e9pare la peau aux soins ult\u00e9rieurs. La poudre de p\u00e9pins [&hellip;]<\/p>\n","protected":false},"featured_media":7840,"comment_status":"open","ping_status":"closed","template":"","meta":[],"product_brand":[74],"product_cat":[122],"product_tag":[],"class_list":{"0":"post-7839","1":"product","2":"type-product","3":"status-publish","4":"has-post-thumbnail","6":"product_brand-body-series","7":"product_cat-produits-de-soins-corporels-body-line","9":"first","10":"instock","11":"shipping-taxable","12":"purchasable","13":"product-type-simple"},"aioseo_notices":[],"_links":{"self":[{"href":"https:\/\/pelartlabbenelux.com\/fr\/wp-json\/wp\/v2\/product\/7839","targetHints":{"allow":["GET"]}}],"collection":[{"href":"https:\/\/pelartlabbenelux.com\/fr\/wp-json\/wp\/v2\/product"}],"about":[{"href":"https:\/\/pelartlabbenelux.com\/fr\/wp-json\/wp\/v2\/types\/product"}],"replies":[{"embeddable":true,"href":"https:\/\/pelartlabbenelux.com\/fr\/wp-json\/wp\/v2\/comments?post=7839"}],"version-history":[{"count":1,"href":"https:\/\/pelartlabbenelux.com\/fr\/wp-json\/wp\/v2\/product\/7839\/revisions"}],"predecessor-version":[{"id":7864,"href":"https:\/\/pelartlabbenelux.com\/fr\/wp-json\/wp\/v2\/product\/7839\/revisions\/7864"}],"wp:featuredmedia":[{"embeddable":true,"href":"https:\/\/pelartlabbenelux.com\/fr\/wp-json\/wp\/v2\/media\/7840"}],"wp:attachment":[{"href":"https:\/\/pelartlabbenelux.com\/fr\/wp-json\/wp\/v2\/media?parent=7839"}],"wp:term":[{"taxonomy":"product_brand","embeddable":true,"href":"https:\/\/pelartlabbenelux.com\/fr\/wp-json\/wp\/v2\/product_brand?post=7839"},{"taxonomy":"product_cat","embeddable":true,"href":"https:\/\/pelartlabbenelux.com\/fr\/wp-json\/wp\/v2\/product_cat?post=7839"},{"taxonomy":"product_tag","embeddable":true,"href":"https:\/\/pelartlabbenelux.com\/fr\/wp-json\/wp\/v2\/product_tag?post=7839"}],"curies":[{"name":"wp","href":"https:\/\/api.w.org\/{rel}","templated":true}]}}