{"id":7837,"date":"2026-01-28T16:09:27","date_gmt":"2026-01-28T16:09:27","guid":{"rendered":"https:\/\/pelartlabbenelux.com\/product\/mousse-dhygiene-intime-avec-probiotique-femine-hygiene-body-series-180-ml\/"},"modified":"2026-02-04T16:10:55","modified_gmt":"2026-02-04T16:10:55","slug":"mousse-dhygiene-intime-avec-probiotique-femine-hygiene-body-series-180-ml","status":"publish","type":"product","link":"https:\/\/pelartlabbenelux.com\/fr\/produit\/mousse-dhygiene-intime-avec-probiotique-femine-hygiene-body-series-180-ml\/","title":{"rendered":"Mousse d&rsquo;hygi\u00e8ne intime avec probiotique FEMINE Hygiene Body Series, 180 ml"},"content":{"rendered":"<p data-start=\"0\" data-end=\"281\">Mousse douce pour l&rsquo;hygi\u00e8ne intime, formul\u00e9e pour maintenir le pH physiologique de la zone intime sensible, con\u00e7ue pour un usage quotidien. La formule nettoie en douceur, rafra\u00eechit et procure une sensation durable de propret\u00e9 et de confort, se rince compl\u00e8tement et ne provoque pas d&rsquo;irritation.<\/p>\n<p data-start=\"283\" data-end=\"572\">Contient le complexe probiotique Technobion, qui forme un \u00ab\u00a0bio-bouclier\u00a0\u00bb protecteur, am\u00e9liore la fonction de barri\u00e8re de la peau et des muqueuses, soutient la microflore naturelle et renforce l&rsquo;immunit\u00e9 locale. Le produit contribue \u00e0 r\u00e9duire les processus inflammatoires et a un effet pr\u00e9ventif.<\/p>\n<p data-start=\"574\" data-end=\"851\">L&rsquo;eau de lavande apaise la peau, r\u00e9duit les rougeurs et les irritations, tandis que l&rsquo;extrait de laminaire stimule la r\u00e9g\u00e9n\u00e9ration, acc\u00e9l\u00e8re la gu\u00e9rison des microdommages et hydrate la peau. La mousse convient aux soins quotidiens et permet un nettoyage en douceur sans s\u00e9cheresse ni tiraillement.<\/p>\n<p data-start=\"853\" data-end=\"1126\"><strong>Effets cl\u00e9s :<\/strong><br data-start=\"865\" data-end=\"868\" \/>&#8211; nettoyage en douceur tout en maintenant le pH physiologique<br data-start=\"921\" data-end=\"924\" \/>&#8211; soutien et protection de la microflore naturelle<br data-start=\"970\" data-end=\"973\" \/>&#8211; renforcement des fonctions de barri\u00e8re de la peau et des muqueuses<br data-start=\"1034\" data-end=\"1037\" \/>&#8211; r\u00e9duction de l&rsquo;irritation et de l&rsquo;inflammation<br data-start=\"1079\" data-end=\"1082\" \/>&#8211; sensation durable de fra\u00eecheur et de confort<\/p>\n<p data-start=\"1128\" data-end=\"1273\" data-is-last-node=\"\" data-is-only-node=\"\"><strong>Mode d&#8217;emploi :<\/strong><br data-start=\"1139\" data-end=\"1142\" \/>Appliquez une petite quantit\u00e9 de mousse sur la zone intime, faites mousser, puis rincez \u00e0 l&rsquo;eau. Convient pour un usage quotidien.<br data-start=\"1247\" data-end=\"1250\" \/>Pour un usage externe uniquement.<\/p>\n<p data-start=\"1128\" data-end=\"1273\" data-is-last-node=\"\" data-is-only-node=\"\"><span data-sheets-root=\"1\"><strong>Ingr\u00e9dients :<\/strong><br \/>\nEau purifi\u00e9e, Coco-B\u00e9taine, Glyc\u00e9rine, Lauryl\/Myristyl Methyl Glucamid, Hydrosol de Lavande, Extrait de Laminaire, Huile de Framboise, Complexe Probiotique Technobion BL, Acide Lactique, Acide Lactobionique, Polyquaternium-10, Composition Parfum\u00e9e, Caprylate de Sorbitan, 1,2-Propanediol, Acide Benzo\u00efque. <\/span><\/p>\n","protected":false},"excerpt":{"rendered":"<p>Mousse douce pour l&rsquo;hygi\u00e8ne intime, formul\u00e9e pour maintenir le pH physiologique de la zone intime sensible, con\u00e7ue pour un usage quotidien. La formule nettoie en douceur, rafra\u00eechit et procure une sensation durable de propret\u00e9 et de confort, se rince compl\u00e8tement et ne provoque pas d&rsquo;irritation. Contient le complexe probiotique Technobion, qui forme un \u00ab\u00a0bio-bouclier\u00a0\u00bb protecteur, [&hellip;]<\/p>\n","protected":false},"featured_media":7838,"comment_status":"open","ping_status":"closed","template":"","meta":[],"product_brand":[74],"product_cat":[122],"product_tag":[],"class_list":{"0":"post-7837","1":"product","2":"type-product","3":"status-publish","4":"has-post-thumbnail","6":"product_brand-body-series","7":"product_cat-produits-de-soins-corporels-body-line","9":"first","10":"instock","11":"shipping-taxable","12":"purchasable","13":"product-type-simple"},"aioseo_notices":[],"_links":{"self":[{"href":"https:\/\/pelartlabbenelux.com\/fr\/wp-json\/wp\/v2\/product\/7837","targetHints":{"allow":["GET"]}}],"collection":[{"href":"https:\/\/pelartlabbenelux.com\/fr\/wp-json\/wp\/v2\/product"}],"about":[{"href":"https:\/\/pelartlabbenelux.com\/fr\/wp-json\/wp\/v2\/types\/product"}],"replies":[{"embeddable":true,"href":"https:\/\/pelartlabbenelux.com\/fr\/wp-json\/wp\/v2\/comments?post=7837"}],"version-history":[{"count":1,"href":"https:\/\/pelartlabbenelux.com\/fr\/wp-json\/wp\/v2\/product\/7837\/revisions"}],"predecessor-version":[{"id":7865,"href":"https:\/\/pelartlabbenelux.com\/fr\/wp-json\/wp\/v2\/product\/7837\/revisions\/7865"}],"wp:featuredmedia":[{"embeddable":true,"href":"https:\/\/pelartlabbenelux.com\/fr\/wp-json\/wp\/v2\/media\/7838"}],"wp:attachment":[{"href":"https:\/\/pelartlabbenelux.com\/fr\/wp-json\/wp\/v2\/media?parent=7837"}],"wp:term":[{"taxonomy":"product_brand","embeddable":true,"href":"https:\/\/pelartlabbenelux.com\/fr\/wp-json\/wp\/v2\/product_brand?post=7837"},{"taxonomy":"product_cat","embeddable":true,"href":"https:\/\/pelartlabbenelux.com\/fr\/wp-json\/wp\/v2\/product_cat?post=7837"},{"taxonomy":"product_tag","embeddable":true,"href":"https:\/\/pelartlabbenelux.com\/fr\/wp-json\/wp\/v2\/product_tag?post=7837"}],"curies":[{"name":"wp","href":"https:\/\/api.w.org\/{rel}","templated":true}]}}