{"id":7835,"date":"2026-01-28T16:09:05","date_gmt":"2026-01-28T16:09:05","guid":{"rendered":"https:\/\/pelartlabbenelux.com\/product\/gommage-corporel-au-the-vert-matcha-body-series-200-ml\/"},"modified":"2026-02-04T16:10:25","modified_gmt":"2026-02-04T16:10:25","slug":"gommage-corporel-au-the-vert-matcha-body-series-200-ml","status":"publish","type":"product","link":"https:\/\/pelartlabbenelux.com\/fr\/produit\/gommage-corporel-au-the-vert-matcha-body-series-200-ml\/","title":{"rendered":"Gommage corporel au th\u00e9 vert Matcha Body Series, 200 ml"},"content":{"rendered":"<p data-start=\"0\" data-end=\"285\">Gommage corporel au sel avec de l&rsquo;extrait de th\u00e9 vert matcha, de l&rsquo;huile de jojoba et de l&rsquo;huile de chanvre, con\u00e7u pour nettoyer, renouveler et tonifier la peau en profondeur. La formule exfolie efficacement les cellules mortes, lisse la texture et le teint de la peau, stimule la r\u00e9g\u00e9n\u00e9ration et pr\u00e9pare la peau \u00e0 recevoir d&rsquo;autres soins.<\/p>\n<p data-start=\"287\" data-end=\"605\">L&rsquo;extrait de th\u00e9 vert Matcha offre une puissante protection antioxydante gr\u00e2ce \u00e0 sa teneur \u00e9lev\u00e9e en polyph\u00e9nols, en xanthines, en caf\u00e9ine et en th\u00e9obromine. Il a des effets anti-inflammatoires et anti-cellulite, am\u00e9liore la microcirculation, favorise l&rsquo;\u00e9limination des graisses sous-cutan\u00e9es et prot\u00e8ge la peau du photovieillissement et de l&rsquo;exposition aux UVB.<\/p>\n<p data-start=\"607\" data-end=\"885\">Les huiles de jojoba et de chanvre nourrissent et hydratent intens\u00e9ment la peau, maintiennent une hydratation optimale et am\u00e9liorent l&rsquo;\u00e9lasticit\u00e9 et le confort de la peau apr\u00e8s la proc\u00e9dure. Ce gommage est id\u00e9al pour les programmes de remodelage du corps, de lutte contre la cellulite et de tonification, ainsi que pour les hammams et les bains romains.<\/p>\n<p data-start=\"887\" data-end=\"1109\"><strong>Principaux effets :<\/strong><br data-start=\"899\" data-end=\"902\" \/>&#8211; nettoyage en profondeur et exfoliation<br data-start=\"934\" data-end=\"937\" \/>&#8211; protection antioxydante et pr\u00e9vention du photovieillissement<br data-start=\"987\" data-end=\"990\" \/>&#8211; am\u00e9lioration de la microcirculation et de la tonicit\u00e9 de la peau<br data-start=\"1031\" data-end=\"1034\" \/>&#8211; effet anticellulite<br data-start=\"1057\" data-end=\"1060\" \/>&#8211; alimentation et maintien de l&rsquo;hydratation de la peau<\/p>\n<p data-start=\"1111\" data-end=\"1309\" data-is-last-node=\"\" data-is-only-node=\"\"><strong>Mode d&#8217;emploi :<\/strong><br data-start=\"1122\" data-end=\"1125\" \/>Appliquez une petite quantit\u00e9 de gommage sur une peau humide et nettoy\u00e9e. Massez d\u00e9licatement en insistant sur les zones \u00e0 probl\u00e8mes, puis rincez \u00e0 l&rsquo;eau. Recommand\u00e9 pour les hammams et les bains romains.<\/p>\n<p data-start=\"1111\" data-end=\"1309\" data-is-last-node=\"\" data-is-only-node=\"\"><span data-sheets-root=\"1\"><strong>Ingr\u00e9dients :<\/strong><br \/>\nHuile de jojoba, extrait de th\u00e9 vert d&rsquo;olive, sel, hydrolat de Matcha, feuilles de th\u00e9 vert, huile de graines de chanvre, glucoside de coco, ol\u00e9ate de glyc\u00e9ryle, ac\u00e9tate de tocoph\u00e9ryle. <\/span><\/p>\n","protected":false},"excerpt":{"rendered":"<p>Gommage corporel au sel avec de l&rsquo;extrait de th\u00e9 vert matcha, de l&rsquo;huile de jojoba et de l&rsquo;huile de chanvre, con\u00e7u pour nettoyer, renouveler et tonifier la peau en profondeur. La formule exfolie efficacement les cellules mortes, lisse la texture et le teint de la peau, stimule la r\u00e9g\u00e9n\u00e9ration et pr\u00e9pare la peau \u00e0 recevoir [&hellip;]<\/p>\n","protected":false},"featured_media":7836,"comment_status":"open","ping_status":"closed","template":"","meta":[],"product_brand":[74],"product_cat":[122],"product_tag":[],"class_list":{"0":"post-7835","1":"product","2":"type-product","3":"status-publish","4":"has-post-thumbnail","6":"product_brand-body-series","7":"product_cat-produits-de-soins-corporels-body-line","9":"first","10":"instock","11":"shipping-taxable","12":"purchasable","13":"product-type-simple"},"aioseo_notices":[],"_links":{"self":[{"href":"https:\/\/pelartlabbenelux.com\/fr\/wp-json\/wp\/v2\/product\/7835","targetHints":{"allow":["GET"]}}],"collection":[{"href":"https:\/\/pelartlabbenelux.com\/fr\/wp-json\/wp\/v2\/product"}],"about":[{"href":"https:\/\/pelartlabbenelux.com\/fr\/wp-json\/wp\/v2\/types\/product"}],"replies":[{"embeddable":true,"href":"https:\/\/pelartlabbenelux.com\/fr\/wp-json\/wp\/v2\/comments?post=7835"}],"version-history":[{"count":1,"href":"https:\/\/pelartlabbenelux.com\/fr\/wp-json\/wp\/v2\/product\/7835\/revisions"}],"predecessor-version":[{"id":7863,"href":"https:\/\/pelartlabbenelux.com\/fr\/wp-json\/wp\/v2\/product\/7835\/revisions\/7863"}],"wp:featuredmedia":[{"embeddable":true,"href":"https:\/\/pelartlabbenelux.com\/fr\/wp-json\/wp\/v2\/media\/7836"}],"wp:attachment":[{"href":"https:\/\/pelartlabbenelux.com\/fr\/wp-json\/wp\/v2\/media?parent=7835"}],"wp:term":[{"taxonomy":"product_brand","embeddable":true,"href":"https:\/\/pelartlabbenelux.com\/fr\/wp-json\/wp\/v2\/product_brand?post=7835"},{"taxonomy":"product_cat","embeddable":true,"href":"https:\/\/pelartlabbenelux.com\/fr\/wp-json\/wp\/v2\/product_cat?post=7835"},{"taxonomy":"product_tag","embeddable":true,"href":"https:\/\/pelartlabbenelux.com\/fr\/wp-json\/wp\/v2\/product_tag?post=7835"}],"curies":[{"name":"wp","href":"https:\/\/api.w.org\/{rel}","templated":true}]}}