{"id":7833,"date":"2026-01-28T16:09:04","date_gmt":"2026-01-28T16:09:04","guid":{"rendered":"https:\/\/pelartlabbenelux.com\/product\/warming-cream-body-series-250-ml\/"},"modified":"2026-02-04T16:07:17","modified_gmt":"2026-02-04T16:07:17","slug":"warming-cream-body-series-250-ml","status":"publish","type":"product","link":"https:\/\/pelartlabbenelux.com\/fr\/produit\/warming-cream-body-series-250-ml\/","title":{"rendered":"Warming Cream Body Series, 250 ml"},"content":{"rendered":"<p data-start=\"0\" data-end=\"224\">Cr\u00e8me chauffante professionnelle pour les traitements corporels et les protocoles de massage. L&rsquo;effet chauffant actif de l&rsquo;extrait de poivre am\u00e9liore la microcirculation, acc\u00e9l\u00e8re le flux sanguin et active les processus m\u00e9taboliques dans les tissus.<\/p>\n<p data-start=\"226\" data-end=\"452\">La cr\u00e8me favorise la stimulation de la lipolyse et est utilis\u00e9e dans les programmes de remodelage du corps et pour r\u00e9duire l&rsquo;apparence de la cellulite. Elle am\u00e9liore la tonicit\u00e9 de la peau, r\u00e9duit la congestion et favorise l&rsquo;\u00e9limination de l&rsquo;exc\u00e8s de liquide et des toxines.<\/p>\n<p data-start=\"454\" data-end=\"697\">Le complexe de composants actifs a des effets anti-inflammatoires et l\u00e9g\u00e8rement analg\u00e9siques, augmente la fermet\u00e9 et la densit\u00e9 de la peau et la rend plus lisse et plus tonique. Convient aux massages manuels, \u00e0 la physioth\u00e9rapie et aux traitements anticellulite.<\/p>\n<p data-start=\"699\" data-end=\"927\"><strong>Principaux effets :<\/strong><br \/>\n&#8211; effet chauffant prononc\u00e9<br data-start=\"739\" data-end=\"742\" \/>&#8211; stimulation de la microcirculation et du drainage lymphatique<br data-start=\"798\" data-end=\"801\" \/>&#8211; activation de la lipolyse et des processus m\u00e9taboliques<br data-start=\"850\" data-end=\"853\" \/>&#8211; r\u00e9duction de l&rsquo;apparence de la cellulite<br data-start=\"888\" data-end=\"891\" \/>&#8211; augmentation de la fermet\u00e9 et de la tonicit\u00e9 de la peau<\/p>\n<p data-start=\"929\" data-end=\"1201\" data-is-last-node=\"\" data-is-only-node=\"\"><strong>Mode d&#8217;emploi :<\/strong><br \/>\nUtiliser en th\u00e9rapie manuelle pour les douleurs musculaires et articulaires, les n\u00e9vralgies et l&rsquo;ost\u00e9ochondrose. Dans les programmes anticellulite, appliquer localement ou sous enveloppements (cuisses, fesses). Ne pas appliquer sur la poitrine. Utilisation recommand\u00e9e en combinaison avec les produits 20016 et 20017.<\/p>\n<p data-start=\"929\" data-end=\"1201\" data-is-last-node=\"\" data-is-only-node=\"\"><span data-sheets-root=\"1\"><strong>Ingr\u00e9dients :<\/strong><br \/>\nHuile d&rsquo;olive, extrait de poivre, extrait de laminaire, huile de cumin noir, caf\u00e9ine, glyc\u00e9rine, nicotinate de benzyle, ac\u00e9tate de tocoph\u00e9ryle, palmitate de r\u00e9tinyle, allanto\u00efne, m\u00e9thylisothiazolinone. <\/span><\/p>\n","protected":false},"excerpt":{"rendered":"<p>Cr\u00e8me chauffante professionnelle pour les traitements corporels et les protocoles de massage. L&rsquo;effet chauffant actif de l&rsquo;extrait de poivre am\u00e9liore la microcirculation, acc\u00e9l\u00e8re le flux sanguin et active les processus m\u00e9taboliques dans les tissus. La cr\u00e8me favorise la stimulation de la lipolyse et est utilis\u00e9e dans les programmes de remodelage du corps et pour r\u00e9duire [&hellip;]<\/p>\n","protected":false},"featured_media":7834,"comment_status":"open","ping_status":"closed","template":"","meta":[],"product_brand":[74],"product_cat":[122],"product_tag":[],"class_list":{"0":"post-7833","1":"product","2":"type-product","3":"status-publish","4":"has-post-thumbnail","6":"product_brand-body-series","7":"product_cat-produits-de-soins-corporels-body-line","9":"first","10":"instock","11":"shipping-taxable","12":"purchasable","13":"product-type-simple"},"aioseo_notices":[],"_links":{"self":[{"href":"https:\/\/pelartlabbenelux.com\/fr\/wp-json\/wp\/v2\/product\/7833","targetHints":{"allow":["GET"]}}],"collection":[{"href":"https:\/\/pelartlabbenelux.com\/fr\/wp-json\/wp\/v2\/product"}],"about":[{"href":"https:\/\/pelartlabbenelux.com\/fr\/wp-json\/wp\/v2\/types\/product"}],"replies":[{"embeddable":true,"href":"https:\/\/pelartlabbenelux.com\/fr\/wp-json\/wp\/v2\/comments?post=7833"}],"version-history":[{"count":1,"href":"https:\/\/pelartlabbenelux.com\/fr\/wp-json\/wp\/v2\/product\/7833\/revisions"}],"predecessor-version":[{"id":7854,"href":"https:\/\/pelartlabbenelux.com\/fr\/wp-json\/wp\/v2\/product\/7833\/revisions\/7854"}],"wp:featuredmedia":[{"embeddable":true,"href":"https:\/\/pelartlabbenelux.com\/fr\/wp-json\/wp\/v2\/media\/7834"}],"wp:attachment":[{"href":"https:\/\/pelartlabbenelux.com\/fr\/wp-json\/wp\/v2\/media?parent=7833"}],"wp:term":[{"taxonomy":"product_brand","embeddable":true,"href":"https:\/\/pelartlabbenelux.com\/fr\/wp-json\/wp\/v2\/product_brand?post=7833"},{"taxonomy":"product_cat","embeddable":true,"href":"https:\/\/pelartlabbenelux.com\/fr\/wp-json\/wp\/v2\/product_cat?post=7833"},{"taxonomy":"product_tag","embeddable":true,"href":"https:\/\/pelartlabbenelux.com\/fr\/wp-json\/wp\/v2\/product_tag?post=7833"}],"curies":[{"name":"wp","href":"https:\/\/api.w.org\/{rel}","templated":true}]}}