{"id":7831,"date":"2026-01-28T16:09:05","date_gmt":"2026-01-28T16:09:05","guid":{"rendered":"https:\/\/pelartlabbenelux.com\/product\/complexe-de-drainage-lymphatique-pour-le-corps-lymphatic-drainage-body-series-30-ml\/"},"modified":"2026-02-04T16:08:33","modified_gmt":"2026-02-04T16:08:33","slug":"complexe-de-drainage-lymphatique-pour-le-corps-lymphatic-drainage-body-series-30-ml","status":"publish","type":"product","link":"https:\/\/pelartlabbenelux.com\/fr\/produit\/complexe-de-drainage-lymphatique-pour-le-corps-lymphatic-drainage-body-series-30-ml\/","title":{"rendered":"Complexe de drainage lymphatique pour le corps LYMPHATIC DRAINAGE Body Series, 30 ml"},"content":{"rendered":"<p data-start=\"0\" data-end=\"280\">Complexe professionnel de drainage lymphatique pour le corps, con\u00e7u pour renforcer l&rsquo;efficacit\u00e9 des massages et des soins corporels. La formule vise \u00e0 stimuler le drainage lymphatique, la d\u00e9sintoxication et la restauration de la peau, ainsi qu&rsquo;\u00e0 ralentir les processus de vieillissement pr\u00e9matur\u00e9.<\/p>\n<p data-start=\"282\" data-end=\"654\">L&rsquo;huile d&rsquo;avocat favorise l&rsquo;\u00e9limination des toxines, nourrit profond\u00e9ment la peau et favorise sa r\u00e9g\u00e9n\u00e9ration. Le beurre de cacao a des propri\u00e9t\u00e9s antioxydantes prononc\u00e9es, hydrate intens\u00e9ment, augmente la fermet\u00e9 et l&rsquo;\u00e9lasticit\u00e9 de la peau. L&rsquo;huile essentielle de citron tonifie, am\u00e9liore la texture de la peau, r\u00e9duit les gonflements, att\u00e9nue l&rsquo;apparence des motifs vasculaires et renforce l&rsquo;effet anticellulite.<\/p>\n<p data-start=\"656\" data-end=\"804\">Le complexe est utilis\u00e9 comme additif actif pour l&rsquo;ajustement individuel des programmes de soins corporels et pour augmenter l&rsquo;efficacit\u00e9 des produits cosm\u00e9tiques.<\/p>\n<p data-start=\"806\" data-end=\"1066\"><strong>Principaux effets :<\/strong><br \/>\n&#8211; stimulation du drainage lymphatique et de l&rsquo;\u00e9limination des toxines<br data-start=\"880\" data-end=\"883\" \/>&#8211; r\u00e9duction des gonflements et de la congestion<br data-start=\"921\" data-end=\"924\" \/>&#8211; augmentation de la fermet\u00e9 et de l&rsquo;\u00e9lasticit\u00e9 de la peau<br data-start=\"964\" data-end=\"967\" \/>&#8211; am\u00e9lioration de la texture et de la tonicit\u00e9 de la peau<br data-start=\"1005\" data-end=\"1008\" \/>&#8211; renforcement des effets anticellulite et rajeunissants<\/p>\n<p data-start=\"1068\" data-end=\"1206\" data-is-last-node=\"\" data-is-only-node=\"\"><strong>Mode d&#8217;emploi :<\/strong><br \/>\nUtiliser comme additif actif pour am\u00e9liorer les produits cosm\u00e9tiques. Dosage recommand\u00e9 &#8211; 5-10 gouttes, selon le protocole de la proc\u00e9dure.<\/p>\n<p data-start=\"1068\" data-end=\"1206\" data-is-last-node=\"\" data-is-only-node=\"\"><span data-sheets-root=\"1\"><strong>Ingr\u00e9dients :<\/strong><br \/>\nHuile d&rsquo;avocat, beurre de cacao, huile essentielle de citron. <\/span><\/p>\n","protected":false},"excerpt":{"rendered":"<p>Complexe professionnel de drainage lymphatique pour le corps, con\u00e7u pour renforcer l&rsquo;efficacit\u00e9 des massages et des soins corporels. La formule vise \u00e0 stimuler le drainage lymphatique, la d\u00e9sintoxication et la restauration de la peau, ainsi qu&rsquo;\u00e0 ralentir les processus de vieillissement pr\u00e9matur\u00e9. L&rsquo;huile d&rsquo;avocat favorise l&rsquo;\u00e9limination des toxines, nourrit profond\u00e9ment la peau et favorise sa [&hellip;]<\/p>\n","protected":false},"featured_media":7832,"comment_status":"open","ping_status":"closed","template":"","meta":[],"product_brand":[74],"product_cat":[122],"product_tag":[],"class_list":{"0":"post-7831","1":"product","2":"type-product","3":"status-publish","4":"has-post-thumbnail","6":"product_brand-body-series","7":"product_cat-produits-de-soins-corporels-body-line","9":"first","10":"instock","11":"shipping-taxable","12":"purchasable","13":"product-type-simple"},"aioseo_notices":[],"_links":{"self":[{"href":"https:\/\/pelartlabbenelux.com\/fr\/wp-json\/wp\/v2\/product\/7831","targetHints":{"allow":["GET"]}}],"collection":[{"href":"https:\/\/pelartlabbenelux.com\/fr\/wp-json\/wp\/v2\/product"}],"about":[{"href":"https:\/\/pelartlabbenelux.com\/fr\/wp-json\/wp\/v2\/types\/product"}],"replies":[{"embeddable":true,"href":"https:\/\/pelartlabbenelux.com\/fr\/wp-json\/wp\/v2\/comments?post=7831"}],"version-history":[{"count":1,"href":"https:\/\/pelartlabbenelux.com\/fr\/wp-json\/wp\/v2\/product\/7831\/revisions"}],"predecessor-version":[{"id":7858,"href":"https:\/\/pelartlabbenelux.com\/fr\/wp-json\/wp\/v2\/product\/7831\/revisions\/7858"}],"wp:featuredmedia":[{"embeddable":true,"href":"https:\/\/pelartlabbenelux.com\/fr\/wp-json\/wp\/v2\/media\/7832"}],"wp:attachment":[{"href":"https:\/\/pelartlabbenelux.com\/fr\/wp-json\/wp\/v2\/media?parent=7831"}],"wp:term":[{"taxonomy":"product_brand","embeddable":true,"href":"https:\/\/pelartlabbenelux.com\/fr\/wp-json\/wp\/v2\/product_brand?post=7831"},{"taxonomy":"product_cat","embeddable":true,"href":"https:\/\/pelartlabbenelux.com\/fr\/wp-json\/wp\/v2\/product_cat?post=7831"},{"taxonomy":"product_tag","embeddable":true,"href":"https:\/\/pelartlabbenelux.com\/fr\/wp-json\/wp\/v2\/product_tag?post=7831"}],"curies":[{"name":"wp","href":"https:\/\/api.w.org\/{rel}","templated":true}]}}