{"id":7829,"date":"2026-01-28T16:09:04","date_gmt":"2026-01-28T16:09:04","guid":{"rendered":"https:\/\/pelartlabbenelux.com\/product\/gel-rafraichissant-anti-cellulite-gel-rafraichissant-anti-cellulite-body-series-250-ml\/"},"modified":"2026-02-04T16:07:40","modified_gmt":"2026-02-04T16:07:40","slug":"gel-rafraichissant-anti-cellulite-gel-rafraichissant-anti-cellulite-body-series-250-ml","status":"publish","type":"product","link":"https:\/\/pelartlabbenelux.com\/fr\/produit\/gel-rafraichissant-anti-cellulite-gel-rafraichissant-anti-cellulite-body-series-250-ml\/","title":{"rendered":"Gel rafra\u00eechissant anti-cellulite Gel rafra\u00eechissant anti-cellulite Body Series, 250 ml"},"content":{"rendered":"<p data-start=\"0\" data-end=\"189\">Gel rafra\u00eechissant professionnel pour les traitements anticellulite et de drainage du corps. Procure un effet rafra\u00eechissant prononc\u00e9 et durable, tonifie les tissus et aide \u00e0 pr\u00e9venir la perte de fermet\u00e9 de la peau.<\/p>\n<p data-start=\"191\" data-end=\"458\">Le gel lutte activement contre l&rsquo;apparition de la cellulite, r\u00e9duit les irr\u00e9gularit\u00e9s et le volume des zones localement hypertrophi\u00e9es, stimule le drainage lymphatique et favorise l&rsquo;\u00e9limination de l&rsquo;exc\u00e8s de liquide. Il aide \u00e0 \u00e9liminer les congestions et les gonflements et renforce la paroi vasculaire.<\/p>\n<p data-start=\"460\" data-end=\"766\">A un effet r\u00e9sorbant, r\u00e9duit la sensation de fatigue et de lourdeur des jambes, rafra\u00eechit et apaise la peau. Stimule la lipolyse, hydrate la peau et ne laisse pas de film collant ou gras. La peau para\u00eet plus lisse, plus ferme et soign\u00e9e, avec une sensation prononc\u00e9e de confort et de fra\u00eecheur.<\/p>\n<p data-start=\"768\" data-end=\"1011\"><strong>Principaux effets :<\/strong><br \/>\n&#8211; effet rafra\u00eechissant et tonifiant prononc\u00e9<br data-start=\"819\" data-end=\"822\" \/>&#8211; r\u00e9duction de l&rsquo;apparence de la cellulite<br data-start=\"857\" data-end=\"860\" \/>&#8211; stimulation du drainage lymphatique et de l&rsquo;\u00e9limination des liquides<br data-start=\"917\" data-end=\"920\" \/>&#8211; r\u00e9duction du gonflement et de la lourdeur des jambes<br data-start=\"969\" data-end=\"972\" \/>&#8211; augmentation de la fermet\u00e9 et de la densit\u00e9 de la peau<\/p>\n<p data-start=\"1013\" data-end=\"1203\" data-is-last-node=\"\" data-is-only-node=\"\"><strong>Mode d&#8217;emploi :<\/strong><br \/>\nAppliquez une fine couche sur les zones \u00e0 probl\u00e8mes. Un massage pr\u00e9alable renforce l&rsquo;effet. Utilisez quotidiennement sur une peau s\u00e8che et nettoy\u00e9e. Il est recommand\u00e9 de l&rsquo;utiliser en combinaison avec les produits 20016 et 20017.<\/p>\n<p data-start=\"1013\" data-end=\"1203\" data-is-last-node=\"\" data-is-only-node=\"\"><span data-sheets-root=\"1\"><strong>Ingr\u00e9dients :<\/strong><br \/>\nAlcool \u00e9thylique, glyc\u00e9rine, camphre, menthol, eucalyptol, extrait de laminaire. <\/span><\/p>\n","protected":false},"excerpt":{"rendered":"<p>Gel rafra\u00eechissant professionnel pour les traitements anticellulite et de drainage du corps. Procure un effet rafra\u00eechissant prononc\u00e9 et durable, tonifie les tissus et aide \u00e0 pr\u00e9venir la perte de fermet\u00e9 de la peau. Le gel lutte activement contre l&rsquo;apparition de la cellulite, r\u00e9duit les irr\u00e9gularit\u00e9s et le volume des zones localement hypertrophi\u00e9es, stimule le drainage [&hellip;]<\/p>\n","protected":false},"featured_media":7830,"comment_status":"open","ping_status":"closed","template":"","meta":[],"product_brand":[74],"product_cat":[122],"product_tag":[],"class_list":{"0":"post-7829","1":"product","2":"type-product","3":"status-publish","4":"has-post-thumbnail","6":"product_brand-body-series","7":"product_cat-produits-de-soins-corporels-body-line","9":"first","10":"instock","11":"shipping-taxable","12":"purchasable","13":"product-type-simple"},"aioseo_notices":[],"_links":{"self":[{"href":"https:\/\/pelartlabbenelux.com\/fr\/wp-json\/wp\/v2\/product\/7829","targetHints":{"allow":["GET"]}}],"collection":[{"href":"https:\/\/pelartlabbenelux.com\/fr\/wp-json\/wp\/v2\/product"}],"about":[{"href":"https:\/\/pelartlabbenelux.com\/fr\/wp-json\/wp\/v2\/types\/product"}],"replies":[{"embeddable":true,"href":"https:\/\/pelartlabbenelux.com\/fr\/wp-json\/wp\/v2\/comments?post=7829"}],"version-history":[{"count":1,"href":"https:\/\/pelartlabbenelux.com\/fr\/wp-json\/wp\/v2\/product\/7829\/revisions"}],"predecessor-version":[{"id":7855,"href":"https:\/\/pelartlabbenelux.com\/fr\/wp-json\/wp\/v2\/product\/7829\/revisions\/7855"}],"wp:featuredmedia":[{"embeddable":true,"href":"https:\/\/pelartlabbenelux.com\/fr\/wp-json\/wp\/v2\/media\/7830"}],"wp:attachment":[{"href":"https:\/\/pelartlabbenelux.com\/fr\/wp-json\/wp\/v2\/media?parent=7829"}],"wp:term":[{"taxonomy":"product_brand","embeddable":true,"href":"https:\/\/pelartlabbenelux.com\/fr\/wp-json\/wp\/v2\/product_brand?post=7829"},{"taxonomy":"product_cat","embeddable":true,"href":"https:\/\/pelartlabbenelux.com\/fr\/wp-json\/wp\/v2\/product_cat?post=7829"},{"taxonomy":"product_tag","embeddable":true,"href":"https:\/\/pelartlabbenelux.com\/fr\/wp-json\/wp\/v2\/product_tag?post=7829"}],"curies":[{"name":"wp","href":"https:\/\/api.w.org\/{rel}","templated":true}]}}