{"id":7827,"date":"2026-01-28T16:09:04","date_gmt":"2026-01-28T16:09:04","guid":{"rendered":"https:\/\/pelartlabbenelux.com\/product\/huile-de-massage-pour-le-corps-body-series-750-ml\/"},"modified":"2026-02-04T16:06:17","modified_gmt":"2026-02-04T16:06:17","slug":"huile-de-massage-pour-le-corps-body-series-750-ml","status":"publish","type":"product","link":"https:\/\/pelartlabbenelux.com\/fr\/produit\/huile-de-massage-pour-le-corps-body-series-750-ml\/","title":{"rendered":"Huile de massage pour le corps Body Series, 750 ml"},"content":{"rendered":"<p data-start=\"0\" data-end=\"242\">Huile de massage professionnelle de base pour les soins de la peau du corps et pour les massages manuels et \u0430\u043f\u043f\u0430\u0440\u0430\u0442. Un complexe \u00e9quilibr\u00e9 d&rsquo;huiles v\u00e9g\u00e9tales poss\u00e8de des propri\u00e9t\u00e9s stimulantes et adaptog\u00e8nes, am\u00e9liore la tonicit\u00e9 de la peau et favorise les processus de r\u00e9g\u00e9n\u00e9ration.<\/p>\n<p data-start=\"244\" data-end=\"502\">L&rsquo;huile assure une excellente glisse, am\u00e9liore la microcirculation, favorise la d\u00e9toxification des tissus et r\u00e9tablit l&rsquo;\u00e9quilibre lipidique. Sa texture l\u00e9g\u00e8re et non com\u00e9dog\u00e8ne p\u00e9n\u00e8tre rapidement sans laisser de film gras, donnant \u00e0 la peau un aspect soign\u00e9 et soyeux.<\/p>\n<p data-start=\"504\" data-end=\"732\"><strong>Principaux effets :<\/strong><br \/>\n&#8211; am\u00e9lioration de la tonicit\u00e9 et de la fermet\u00e9 de la peau<br data-start=\"556\" data-end=\"559\" \/>&#8211; stimulation de la microcirculation et du drainage lymphatique<br data-start=\"615\" data-end=\"618\" \/>&#8211; d\u00e9sintoxication et r\u00e9cup\u00e9ration de la peau<br data-start=\"652\" data-end=\"655\" \/>&#8211; normalisation du m\u00e9tabolisme des lipides<br data-start=\"690\" data-end=\"693\" \/>&#8211; hydratation douce et peau soyeuse<\/p>\n<p data-start=\"734\" data-end=\"901\" data-is-last-node=\"\" data-is-only-node=\"\"><strong>Mode d&#8217;emploi :<\/strong><br \/>\nConvient pour le massage manuel et \u0430\u043f\u043f\u0430\u0440\u0430\u0442. Pour renforcer l&rsquo;effet de la proc\u00e9dure, il est recommand\u00e9 de l&rsquo;associer \u00e0 des additifs actifs (20016, 20017, 20018).<\/p>\n<p data-start=\"734\" data-end=\"901\" data-is-last-node=\"\" data-is-only-node=\"\"><span data-sheets-root=\"1\"><strong>Ingr\u00e9dients :<\/strong><br \/>\nHuiles : P\u00eache, p\u00e9pins de raisin, s\u00e9same, olive, citron ; composition parfum\u00e9e ; extraits : Aloe, Rose, Vitamine E. <\/span><\/p>\n","protected":false},"excerpt":{"rendered":"<p>Huile de massage professionnelle de base pour les soins de la peau du corps et pour les massages manuels et \u0430\u043f\u043f\u0430\u0440\u0430\u0442. Un complexe \u00e9quilibr\u00e9 d&rsquo;huiles v\u00e9g\u00e9tales poss\u00e8de des propri\u00e9t\u00e9s stimulantes et adaptog\u00e8nes, am\u00e9liore la tonicit\u00e9 de la peau et favorise les processus de r\u00e9g\u00e9n\u00e9ration. L&rsquo;huile assure une excellente glisse, am\u00e9liore la microcirculation, favorise la d\u00e9toxification [&hellip;]<\/p>\n","protected":false},"featured_media":7828,"comment_status":"open","ping_status":"closed","template":"","meta":[],"product_brand":[74],"product_cat":[122],"product_tag":[],"class_list":{"0":"post-7827","1":"product","2":"type-product","3":"status-publish","4":"has-post-thumbnail","6":"product_brand-body-series","7":"product_cat-produits-de-soins-corporels-body-line","9":"first","10":"instock","11":"shipping-taxable","12":"purchasable","13":"product-type-simple"},"aioseo_notices":[],"_links":{"self":[{"href":"https:\/\/pelartlabbenelux.com\/fr\/wp-json\/wp\/v2\/product\/7827","targetHints":{"allow":["GET"]}}],"collection":[{"href":"https:\/\/pelartlabbenelux.com\/fr\/wp-json\/wp\/v2\/product"}],"about":[{"href":"https:\/\/pelartlabbenelux.com\/fr\/wp-json\/wp\/v2\/types\/product"}],"replies":[{"embeddable":true,"href":"https:\/\/pelartlabbenelux.com\/fr\/wp-json\/wp\/v2\/comments?post=7827"}],"version-history":[{"count":1,"href":"https:\/\/pelartlabbenelux.com\/fr\/wp-json\/wp\/v2\/product\/7827\/revisions"}],"predecessor-version":[{"id":7851,"href":"https:\/\/pelartlabbenelux.com\/fr\/wp-json\/wp\/v2\/product\/7827\/revisions\/7851"}],"wp:featuredmedia":[{"embeddable":true,"href":"https:\/\/pelartlabbenelux.com\/fr\/wp-json\/wp\/v2\/media\/7828"}],"wp:attachment":[{"href":"https:\/\/pelartlabbenelux.com\/fr\/wp-json\/wp\/v2\/media?parent=7827"}],"wp:term":[{"taxonomy":"product_brand","embeddable":true,"href":"https:\/\/pelartlabbenelux.com\/fr\/wp-json\/wp\/v2\/product_brand?post=7827"},{"taxonomy":"product_cat","embeddable":true,"href":"https:\/\/pelartlabbenelux.com\/fr\/wp-json\/wp\/v2\/product_cat?post=7827"},{"taxonomy":"product_tag","embeddable":true,"href":"https:\/\/pelartlabbenelux.com\/fr\/wp-json\/wp\/v2\/product_tag?post=7827"}],"curies":[{"name":"wp","href":"https:\/\/api.w.org\/{rel}","templated":true}]}}