{"id":7825,"date":"2026-01-28T16:09:04","date_gmt":"2026-01-28T16:09:04","guid":{"rendered":"https:\/\/pelartlabbenelux.com\/product\/creme-hydratante-pour-le-corps-body-series-250-ml\/"},"modified":"2026-02-04T16:07:57","modified_gmt":"2026-02-04T16:07:57","slug":"creme-hydratante-pour-le-corps-body-series-250-ml","status":"publish","type":"product","link":"https:\/\/pelartlabbenelux.com\/fr\/produit\/creme-hydratante-pour-le-corps-body-series-250-ml\/","title":{"rendered":"Cr\u00e8me hydratante pour le corps Body Series, 250 ml"},"content":{"rendered":"<p data-start=\"0\" data-end=\"158\">Cr\u00e8me fluide hydratante professionnelle pour un soin complet de la peau du corps. A un effet tonifiant prononc\u00e9 et laisse sur la peau un l\u00e9ger et agr\u00e9able parfum floral.<\/p>\n<p data-start=\"160\" data-end=\"454\">La formule FucoGel \u00e0 base de composants naturels assure une hydratation intensive et durable. Le beurre de karit\u00e9 et l&rsquo;huile de coco augmentent la fermet\u00e9 de la peau, r\u00e9duisent les signes de rel\u00e2chement et contribuent \u00e0 une apparence visuellement rajeunie. Les prot\u00e9ines de lait rendent la peau lisse, douce et soyeuse au toucher.<\/p>\n<p data-start=\"456\" data-end=\"744\">La cr\u00e8me nourrit la peau en profondeur sans l&rsquo;alourdir ni laisser de film collant. Elle est id\u00e9ale pour le soin du d\u00e9collet\u00e9 et du buste, ainsi que pour compl\u00e9ter les proc\u00e9dures de massage cosm\u00e9tique. La vitamine E aide \u00e0 pr\u00e9venir la perte d&rsquo;hydratation, en maintenant l&rsquo;\u00e9lasticit\u00e9 et le confort de la peau tout au long de la journ\u00e9e.<\/p>\n<p data-start=\"746\" data-end=\"968\"><strong>Effets cl\u00e9s :<\/strong><br \/>\n&#8211; hydratation intensive et durable de la peau<br data-start=\"802\" data-end=\"805\" \/>&#8211; augmentation de la fermet\u00e9 et de l&rsquo;\u00e9lasticit\u00e9<br data-start=\"840\" data-end=\"843\" \/>&#8211; adoucissement et lissage du grain de peau<br data-start=\"884\" data-end=\"887\" \/>&#8211; effet tonifiant et rafra\u00eechissant<br data-start=\"917\" data-end=\"920\" \/>&#8211; protection contre la perte d&rsquo;hydratation et la s\u00e9cheresse<\/p>\n<p data-start=\"970\" data-end=\"1204\" data-is-last-node=\"\" data-is-only-node=\"\"><strong>Mode d&#8217;emploi :<\/strong><br \/>\nAppliquez sur la peau du corps deux fois par jour apr\u00e8s la douche, y compris sur le d\u00e9collet\u00e9 et le buste. Convient comme \u00e9tape finale des proc\u00e9dures de massage cosm\u00e9tique. Il est recommand\u00e9 de l&rsquo;utiliser en combinaison avec les produits 20016, 20017 et 20018.<\/p>\n<p data-start=\"970\" data-end=\"1204\" data-is-last-node=\"\" data-is-only-node=\"\"><span data-sheets-root=\"1\"><strong>Ingr\u00e9dients :<\/strong><br \/>\nHuile de coco, beurre de karit\u00e9, prot\u00e9ines de lait, FucoGel, D-Panth\u00e9nol, ac\u00e9tate de tocoph\u00e9ryle, allanto\u00efne, acide lactique, ur\u00e9e. <\/span><\/p>\n","protected":false},"excerpt":{"rendered":"<p>Cr\u00e8me fluide hydratante professionnelle pour un soin complet de la peau du corps. A un effet tonifiant prononc\u00e9 et laisse sur la peau un l\u00e9ger et agr\u00e9able parfum floral. La formule FucoGel \u00e0 base de composants naturels assure une hydratation intensive et durable. Le beurre de karit\u00e9 et l&rsquo;huile de coco augmentent la fermet\u00e9 de [&hellip;]<\/p>\n","protected":false},"featured_media":7826,"comment_status":"open","ping_status":"closed","template":"","meta":[],"product_brand":[74],"product_cat":[122],"product_tag":[],"class_list":{"0":"post-7825","1":"product","2":"type-product","3":"status-publish","4":"has-post-thumbnail","6":"product_brand-body-series","7":"product_cat-produits-de-soins-corporels-body-line","9":"first","10":"instock","11":"shipping-taxable","12":"purchasable","13":"product-type-simple"},"aioseo_notices":[],"_links":{"self":[{"href":"https:\/\/pelartlabbenelux.com\/fr\/wp-json\/wp\/v2\/product\/7825","targetHints":{"allow":["GET"]}}],"collection":[{"href":"https:\/\/pelartlabbenelux.com\/fr\/wp-json\/wp\/v2\/product"}],"about":[{"href":"https:\/\/pelartlabbenelux.com\/fr\/wp-json\/wp\/v2\/types\/product"}],"replies":[{"embeddable":true,"href":"https:\/\/pelartlabbenelux.com\/fr\/wp-json\/wp\/v2\/comments?post=7825"}],"version-history":[{"count":1,"href":"https:\/\/pelartlabbenelux.com\/fr\/wp-json\/wp\/v2\/product\/7825\/revisions"}],"predecessor-version":[{"id":7856,"href":"https:\/\/pelartlabbenelux.com\/fr\/wp-json\/wp\/v2\/product\/7825\/revisions\/7856"}],"wp:featuredmedia":[{"embeddable":true,"href":"https:\/\/pelartlabbenelux.com\/fr\/wp-json\/wp\/v2\/media\/7826"}],"wp:attachment":[{"href":"https:\/\/pelartlabbenelux.com\/fr\/wp-json\/wp\/v2\/media?parent=7825"}],"wp:term":[{"taxonomy":"product_brand","embeddable":true,"href":"https:\/\/pelartlabbenelux.com\/fr\/wp-json\/wp\/v2\/product_brand?post=7825"},{"taxonomy":"product_cat","embeddable":true,"href":"https:\/\/pelartlabbenelux.com\/fr\/wp-json\/wp\/v2\/product_cat?post=7825"},{"taxonomy":"product_tag","embeddable":true,"href":"https:\/\/pelartlabbenelux.com\/fr\/wp-json\/wp\/v2\/product_tag?post=7825"}],"curies":[{"name":"wp","href":"https:\/\/api.w.org\/{rel}","templated":true}]}}