{"id":7822,"date":"2026-01-28T16:09:04","date_gmt":"2026-01-28T16:09:04","guid":{"rendered":"https:\/\/pelartlabbenelux.com\/product\/creme-de-massage-pour-le-corps-body-series-250-ml\/"},"modified":"2026-02-04T16:06:37","modified_gmt":"2026-02-04T16:06:37","slug":"creme-de-massage-pour-le-corps-body-series-250-ml","status":"publish","type":"product","link":"https:\/\/pelartlabbenelux.com\/fr\/produit\/creme-de-massage-pour-le-corps-body-series-250-ml\/","title":{"rendered":"Cr\u00e8me de massage pour le corps Body Series, 250 ml"},"content":{"rendered":"<p data-start=\"0\" data-end=\"202\">Cr\u00e8me de massage professionnelle pour le soin de la peau du corps et pour l&rsquo;ex\u00e9cution de proc\u00e9dures de massage. Une texture plastique d\u00e9licate permet une glisse id\u00e9ale et un massage prolong\u00e9 sans consommation excessive de produit.<\/p>\n<p data-start=\"204\" data-end=\"548\">La cr\u00e8me am\u00e9liore le drainage lymphatique et la microcirculation, stimule les processus m\u00e9taboliques et favorise le r\u00e9tablissement de la peau. Une teneur \u00e9lev\u00e9e en huiles v\u00e9g\u00e9tales et en micro-\u00e9l\u00e9ments assure une hydratation, une alimentation et une r\u00e9g\u00e9n\u00e9ration intensives. Le beurre de cacao renforce les parois vasculaires et augmente leur \u00e9lasticit\u00e9, am\u00e9liorant ainsi l&rsquo;\u00e9tat g\u00e9n\u00e9ral de la peau.<\/p>\n<p data-start=\"550\" data-end=\"687\">Apr\u00e8s la proc\u00e9dure, la peau devient plus ferme, plus lisse et plus soyeuse ; les signes de s\u00e9cheresse, d&rsquo;irritation, de laxit\u00e9 et de vergetures sont r\u00e9duits.<\/p>\n<p data-start=\"689\" data-end=\"912\"><strong>Principaux effets :<\/strong><br \/>\n&#8211; am\u00e9lioration du drainage lymphatique et de la microcirculation<br data-start=\"758\" data-end=\"761\" \/>&#8211; augmentation de la fermet\u00e9 et de l&rsquo;\u00e9lasticit\u00e9 de la peau<br data-start=\"801\" data-end=\"804\" \/>&#8211; hydratation et nutrition en profondeur<br data-start=\"836\" data-end=\"839\" \/>&#8211; r\u00e9g\u00e9n\u00e9ration et r\u00e9cup\u00e9ration de la peau<br data-start=\"871\" data-end=\"874\" \/>&#8211; adoucissement et soulagement des irritations<\/p>\n<p data-start=\"914\" data-end=\"1155\" data-is-last-node=\"\" data-is-only-node=\"\"><strong>Mode d&#8217;emploi :<\/strong><br \/>\nUtiliser comme base de massage neutre selon le protocole de la proc\u00e9dure ou en combinaison avec des additifs actifs. Offre une excellente glisse et une consommation \u00e9conomique. Il est recommand\u00e9 de le combiner avec les additifs actifs 20016, 20017 ou 20018.<\/p>\n<p data-start=\"914\" data-end=\"1155\" data-is-last-node=\"\" data-is-only-node=\"\"><span data-sheets-root=\"1\"><strong>Ingr\u00e9dients :<\/strong><br \/>\nHuiles : Olive, karit\u00e9, p\u00e9pins de raisin, cacao, argousier ; palmitate d&rsquo;isopropyle, triglyc\u00e9ride caprylique, glyc\u00e9rine, D-Panth\u00e9nol, palmitate de r\u00e9tinyle, ac\u00e9tate de tocoph\u00e9ryle, l\u00e9cithine, allanto\u00efne, cire d&rsquo;abeille. <\/span><\/p>\n","protected":false},"excerpt":{"rendered":"<p>Cr\u00e8me de massage professionnelle pour le soin de la peau du corps et pour l&rsquo;ex\u00e9cution de proc\u00e9dures de massage. Une texture plastique d\u00e9licate permet une glisse id\u00e9ale et un massage prolong\u00e9 sans consommation excessive de produit. La cr\u00e8me am\u00e9liore le drainage lymphatique et la microcirculation, stimule les processus m\u00e9taboliques et favorise le r\u00e9tablissement de la [&hellip;]<\/p>\n","protected":false},"featured_media":7824,"comment_status":"open","ping_status":"closed","template":"","meta":[],"product_brand":[74],"product_cat":[122],"product_tag":[],"class_list":{"0":"post-7822","1":"product","2":"type-product","3":"status-publish","4":"has-post-thumbnail","6":"product_brand-body-series","7":"product_cat-produits-de-soins-corporels-body-line","9":"first","10":"instock","11":"shipping-taxable","12":"purchasable","13":"product-type-simple"},"aioseo_notices":[],"_links":{"self":[{"href":"https:\/\/pelartlabbenelux.com\/fr\/wp-json\/wp\/v2\/product\/7822","targetHints":{"allow":["GET"]}}],"collection":[{"href":"https:\/\/pelartlabbenelux.com\/fr\/wp-json\/wp\/v2\/product"}],"about":[{"href":"https:\/\/pelartlabbenelux.com\/fr\/wp-json\/wp\/v2\/types\/product"}],"replies":[{"embeddable":true,"href":"https:\/\/pelartlabbenelux.com\/fr\/wp-json\/wp\/v2\/comments?post=7822"}],"version-history":[{"count":1,"href":"https:\/\/pelartlabbenelux.com\/fr\/wp-json\/wp\/v2\/product\/7822\/revisions"}],"predecessor-version":[{"id":7852,"href":"https:\/\/pelartlabbenelux.com\/fr\/wp-json\/wp\/v2\/product\/7822\/revisions\/7852"}],"wp:featuredmedia":[{"embeddable":true,"href":"https:\/\/pelartlabbenelux.com\/fr\/wp-json\/wp\/v2\/media\/7824"}],"wp:attachment":[{"href":"https:\/\/pelartlabbenelux.com\/fr\/wp-json\/wp\/v2\/media?parent=7822"}],"wp:term":[{"taxonomy":"product_brand","embeddable":true,"href":"https:\/\/pelartlabbenelux.com\/fr\/wp-json\/wp\/v2\/product_brand?post=7822"},{"taxonomy":"product_cat","embeddable":true,"href":"https:\/\/pelartlabbenelux.com\/fr\/wp-json\/wp\/v2\/product_cat?post=7822"},{"taxonomy":"product_tag","embeddable":true,"href":"https:\/\/pelartlabbenelux.com\/fr\/wp-json\/wp\/v2\/product_tag?post=7822"}],"curies":[{"name":"wp","href":"https:\/\/api.w.org\/{rel}","templated":true}]}}