{"id":7821,"date":"2026-01-28T16:09:04","date_gmt":"2026-01-28T16:09:04","guid":{"rendered":"https:\/\/pelartlabbenelux.com\/product\/complexe-detox-pour-le-corps-detox-body-series-30-ml\/"},"modified":"2026-02-04T16:08:16","modified_gmt":"2026-02-04T16:08:16","slug":"complexe-detox-pour-le-corps-detox-body-series-30-ml","status":"publish","type":"product","link":"https:\/\/pelartlabbenelux.com\/fr\/produit\/complexe-detox-pour-le-corps-detox-body-series-30-ml\/","title":{"rendered":"Complexe d\u00e9tox pour le corps \u00ab\u00a0DETOX\u00a0\u00bb Body Series, 30 ml"},"content":{"rendered":"<p data-start=\"0\" data-end=\"265\">Complexe professionnel de d\u00e9sintoxication pour le corps, con\u00e7u pour renforcer l&rsquo;efficacit\u00e9 des massages et des soins corporels. La formule a des effets hydratants, r\u00e9g\u00e9n\u00e9rants et anti-\u0153d\u00e8mes, aide \u00e0 restaurer la barri\u00e8re lipidique de la peau et am\u00e9liore son \u00e9tat g\u00e9n\u00e9ral.<\/p>\n<p data-start=\"267\" data-end=\"545\">L&rsquo;extrait de gen\u00e9vrier a des propri\u00e9t\u00e9s drainantes et d\u00e9toxifiantes prononc\u00e9es, stimule le drainage lymphatique, r\u00e9duit les gonflements et diminue l&rsquo;apparence de la cellulite. L&rsquo;huile essentielle d&rsquo;eucalyptus a des effets anti-inflammatoires et l\u00e9g\u00e8rement analg\u00e9siques, ce qui augmente le confort pendant les proc\u00e9dures.<\/p>\n<p data-start=\"547\" data-end=\"705\">Le complexe peut \u00eatre utilis\u00e9 comme texture de massage active autonome ou comme additif pour renforcer l&rsquo;action des cr\u00e8mes et des huiles dans les protocoles de soins corporels professionnels.<\/p>\n<p data-start=\"707\" data-end=\"930\"><strong>Principaux effets :<\/strong><br \/>\n&#8211; d\u00e9sintoxication et drainage lymphatique<br data-start=\"759\" data-end=\"762\" \/>&#8211; r\u00e9duction des gonflements et de la congestion<br data-start=\"800\" data-end=\"803\" \/>&#8211; restauration de la barri\u00e8re lipidique de la peau<br data-start=\"844\" data-end=\"847\" \/>&#8211; am\u00e9lioration de la tonicit\u00e9 et de l&rsquo;\u00e9tat de la peau<br data-start=\"887\" data-end=\"890\" \/>&#8211; renforcement de l&rsquo;effet anticellulite<\/p>\n<p data-start=\"932\" data-end=\"1136\" data-is-last-node=\"\" data-is-only-node=\"\"><strong>Mode d&#8217;emploi :<\/strong><br \/>\nR\u00e9chauffez le produit dans la paume de vos mains. Utiliser comme texture de massage neutre selon le protocole ou comme additif actif pour am\u00e9liorer les produits cosm\u00e9tiques. Dosage recommand\u00e9 &#8211; 5-10 gouttes.<\/p>\n","protected":false},"excerpt":{"rendered":"<p>Complexe professionnel de d\u00e9sintoxication pour le corps, con\u00e7u pour renforcer l&rsquo;efficacit\u00e9 des massages et des soins corporels. La formule a des effets hydratants, r\u00e9g\u00e9n\u00e9rants et anti-\u0153d\u00e8mes, aide \u00e0 restaurer la barri\u00e8re lipidique de la peau et am\u00e9liore son \u00e9tat g\u00e9n\u00e9ral. L&rsquo;extrait de gen\u00e9vrier a des propri\u00e9t\u00e9s drainantes et d\u00e9toxifiantes prononc\u00e9es, stimule le drainage lymphatique, r\u00e9duit [&hellip;]<\/p>\n","protected":false},"featured_media":7823,"comment_status":"open","ping_status":"closed","template":"","meta":[],"product_brand":[74],"product_cat":[122],"product_tag":[],"class_list":{"0":"post-7821","1":"product","2":"type-product","3":"status-publish","4":"has-post-thumbnail","6":"product_brand-body-series","7":"product_cat-produits-de-soins-corporels-body-line","9":"first","10":"instock","11":"shipping-taxable","12":"purchasable","13":"product-type-simple"},"aioseo_notices":[],"_links":{"self":[{"href":"https:\/\/pelartlabbenelux.com\/fr\/wp-json\/wp\/v2\/product\/7821","targetHints":{"allow":["GET"]}}],"collection":[{"href":"https:\/\/pelartlabbenelux.com\/fr\/wp-json\/wp\/v2\/product"}],"about":[{"href":"https:\/\/pelartlabbenelux.com\/fr\/wp-json\/wp\/v2\/types\/product"}],"replies":[{"embeddable":true,"href":"https:\/\/pelartlabbenelux.com\/fr\/wp-json\/wp\/v2\/comments?post=7821"}],"version-history":[{"count":1,"href":"https:\/\/pelartlabbenelux.com\/fr\/wp-json\/wp\/v2\/product\/7821\/revisions"}],"predecessor-version":[{"id":7857,"href":"https:\/\/pelartlabbenelux.com\/fr\/wp-json\/wp\/v2\/product\/7821\/revisions\/7857"}],"wp:featuredmedia":[{"embeddable":true,"href":"https:\/\/pelartlabbenelux.com\/fr\/wp-json\/wp\/v2\/media\/7823"}],"wp:attachment":[{"href":"https:\/\/pelartlabbenelux.com\/fr\/wp-json\/wp\/v2\/media?parent=7821"}],"wp:term":[{"taxonomy":"product_brand","embeddable":true,"href":"https:\/\/pelartlabbenelux.com\/fr\/wp-json\/wp\/v2\/product_brand?post=7821"},{"taxonomy":"product_cat","embeddable":true,"href":"https:\/\/pelartlabbenelux.com\/fr\/wp-json\/wp\/v2\/product_cat?post=7821"},{"taxonomy":"product_tag","embeddable":true,"href":"https:\/\/pelartlabbenelux.com\/fr\/wp-json\/wp\/v2\/product_tag?post=7821"}],"curies":[{"name":"wp","href":"https:\/\/api.w.org\/{rel}","templated":true}]}}