{"id":7818,"date":"2026-01-28T16:09:04","date_gmt":"2026-01-28T16:09:04","guid":{"rendered":"https:\/\/pelartlabbenelux.com\/product\/acid-body-peeling-acid-body-peeling-body-series-250-ml\/"},"modified":"2026-02-04T16:07:02","modified_gmt":"2026-02-04T16:07:02","slug":"acid-body-peeling-acid-body-peeling-body-series-250-ml","status":"publish","type":"product","link":"https:\/\/pelartlabbenelux.com\/fr\/produit\/acid-body-peeling-acid-body-peeling-body-series-250-ml\/","title":{"rendered":"Acid body peeling Acid body peeling Body Series, 250 ml"},"content":{"rendered":"<p data-start=\"0\" data-end=\"230\">Peeling acide professionnel pour les soins de la peau du corps, con\u00e7u pour une exfoliation douce et efficace des cellules \u00e9pidermiques mortes. Le peeling nettoie d\u00e9licatement la peau, stimule la respiration cutan\u00e9e et la pr\u00e9pare aux soins ult\u00e9rieurs.<\/p>\n<p data-start=\"232\" data-end=\"512\">Le complexe d&rsquo;acides active la synth\u00e8se du collag\u00e8ne et de l&rsquo;\u00e9lastine, augmente la fermet\u00e9 et l&rsquo;\u00e9lasticit\u00e9 de la peau, uniformise le relief cutan\u00e9 et am\u00e9liore la microcirculation. Le peeling aide \u00e0 normaliser les processus m\u00e9taboliques, am\u00e9liore le teint et la texture de la peau, donnant \u00e0 la peau un aspect uniforme et soign\u00e9.<\/p>\n<p data-start=\"514\" data-end=\"698\">Le produit agit \u00e9galement comme un conducteur d&rsquo;ingr\u00e9dients actifs, r\u00e9duit la fragilit\u00e9 de la paroi vasculaire, diminue l&rsquo;augmentation de la perm\u00e9abilit\u00e9 capillaire et apporte une hydratation suppl\u00e9mentaire \u00e0 la peau.<\/p>\n<p data-start=\"700\" data-end=\"921\"><strong>Principaux effets :<\/strong><br \/>\n&#8211; exfoliation acide douce<br data-start=\"738\" data-end=\"741\" \/>&#8211; lissage du relief et du tonus de la peau<br data-start=\"776\" data-end=\"779\" \/>&#8211; augmentation de la fermet\u00e9 et de l&rsquo;\u00e9lasticit\u00e9<br data-start=\"814\" data-end=\"817\" data-is-only-node=\"\" \/>&#8211; stimulation de la microcirculation et des processus m\u00e9taboliques<br data-start=\"874\" data-end=\"877\" \/>&#8211; pr\u00e9paration de la peau pour d&rsquo;autres soins<\/p>\n<p data-start=\"923\" data-end=\"1198\"><strong>Mode d&#8217;emploi :<\/strong><br \/>\nAppliquez une fine couche sur la peau propre du corps en effectuant de l\u00e9gers mouvements circulaires. Laissez agir pendant 8 \u00e0 10 minutes. Rincez \u00e0 l&rsquo;eau fra\u00eeche ou enlevez le produit \u00e0 l&rsquo;aide de lingettes non tiss\u00e9es. De l\u00e9gers picotements et une hyper\u00e9mie mod\u00e9r\u00e9e sont possibles. Apr\u00e8s la proc\u00e9dure, il est recommand\u00e9 d&rsquo;appliquer la cr\u00e8me 20015.<\/p>\n<p data-start=\"1200\" data-end=\"1305\" data-is-last-node=\"\" data-is-only-node=\"\"><strong>Contre-indications :<\/strong> ne pas utiliser pendant la grossesse et l&rsquo;allaitement, ni en cas d&rsquo;alt\u00e9ration de l&rsquo;int\u00e9grit\u00e9 de la peau.<\/p>\n<p data-start=\"1200\" data-end=\"1305\" data-is-last-node=\"\" data-is-only-node=\"\"><span data-sheets-root=\"1\"><strong>Ingr\u00e9dients :<\/strong><br \/>\nAcide glycolique, acide lactique, acide citrique, acide malique, acide tartrique, acide glutamique, acide aspartique, extrait de camomille, b\u00eata-1,3-glucane, allanto\u00efne, D-panth\u00e9nol, extrait d&rsquo;hamam\u00e9lis, glycolate, Lactate, Citrate de sodium, Malate de sodium, Tartrate de sodium, Mannitol, Trom\u00e9thamine, Glycine, Arginine, Alanine, Lysine, Leucine, Valine, Isoleucine, Tyrosine, Histidine, Huile de ricin. <\/span><\/p>\n","protected":false},"excerpt":{"rendered":"<p>Peeling acide professionnel pour les soins de la peau du corps, con\u00e7u pour une exfoliation douce et efficace des cellules \u00e9pidermiques mortes. Le peeling nettoie d\u00e9licatement la peau, stimule la respiration cutan\u00e9e et la pr\u00e9pare aux soins ult\u00e9rieurs. Le complexe d&rsquo;acides active la synth\u00e8se du collag\u00e8ne et de l&rsquo;\u00e9lastine, augmente la fermet\u00e9 et l&rsquo;\u00e9lasticit\u00e9 de [&hellip;]<\/p>\n","protected":false},"featured_media":7820,"comment_status":"open","ping_status":"closed","template":"","meta":[],"product_brand":[74],"product_cat":[122],"product_tag":[],"class_list":{"0":"post-7818","1":"product","2":"type-product","3":"status-publish","4":"has-post-thumbnail","6":"product_brand-body-series","7":"product_cat-produits-de-soins-corporels-body-line","9":"first","10":"instock","11":"shipping-taxable","12":"purchasable","13":"product-type-simple"},"aioseo_notices":[],"_links":{"self":[{"href":"https:\/\/pelartlabbenelux.com\/fr\/wp-json\/wp\/v2\/product\/7818","targetHints":{"allow":["GET"]}}],"collection":[{"href":"https:\/\/pelartlabbenelux.com\/fr\/wp-json\/wp\/v2\/product"}],"about":[{"href":"https:\/\/pelartlabbenelux.com\/fr\/wp-json\/wp\/v2\/types\/product"}],"replies":[{"embeddable":true,"href":"https:\/\/pelartlabbenelux.com\/fr\/wp-json\/wp\/v2\/comments?post=7818"}],"version-history":[{"count":1,"href":"https:\/\/pelartlabbenelux.com\/fr\/wp-json\/wp\/v2\/product\/7818\/revisions"}],"predecessor-version":[{"id":7853,"href":"https:\/\/pelartlabbenelux.com\/fr\/wp-json\/wp\/v2\/product\/7818\/revisions\/7853"}],"wp:featuredmedia":[{"embeddable":true,"href":"https:\/\/pelartlabbenelux.com\/fr\/wp-json\/wp\/v2\/media\/7820"}],"wp:attachment":[{"href":"https:\/\/pelartlabbenelux.com\/fr\/wp-json\/wp\/v2\/media?parent=7818"}],"wp:term":[{"taxonomy":"product_brand","embeddable":true,"href":"https:\/\/pelartlabbenelux.com\/fr\/wp-json\/wp\/v2\/product_brand?post=7818"},{"taxonomy":"product_cat","embeddable":true,"href":"https:\/\/pelartlabbenelux.com\/fr\/wp-json\/wp\/v2\/product_cat?post=7818"},{"taxonomy":"product_tag","embeddable":true,"href":"https:\/\/pelartlabbenelux.com\/fr\/wp-json\/wp\/v2\/product_tag?post=7818"}],"curies":[{"name":"wp","href":"https:\/\/api.w.org\/{rel}","templated":true}]}}