{"id":7788,"date":"2026-01-28T16:09:27","date_gmt":"2026-01-28T16:09:27","guid":{"rendered":"https:\/\/pelartlabbenelux.com\/product\/serum-blanchissant-anti-pigmentaire-aparat-line-250-ml\/"},"modified":"2026-02-04T15:51:44","modified_gmt":"2026-02-04T15:51:44","slug":"serum-blanchissant-anti-pigmentaire-aparat-line-250-ml","status":"publish","type":"product","link":"https:\/\/pelartlabbenelux.com\/fr\/produit\/serum-blanchissant-anti-pigmentaire-aparat-line-250-ml\/","title":{"rendered":"S\u00e9rum blanchissant anti-pigmentaire Aparat Line, 250 ml"},"content":{"rendered":"<p data-start=\"162\" data-end=\"361\"><strong data-start=\"162\" data-end=\"198\">Anti-Pigment Serum Aparat Line &#8211;<\/strong> un s\u00e9rum blanchissant professionnel con\u00e7u pour les proc\u00e9dures cosm\u00e9tiques bas\u00e9es sur des appareils visant \u00e0 corriger l&rsquo;hyperpigmentation, \u00e0 unifier le teint de la peau et \u00e0 am\u00e9liorer la texture de la peau.<\/p>\n<p data-start=\"363\" data-end=\"652\">La formule r\u00e9duit la production de m\u00e9lanine dans les m\u00e9lanocytes et exfolie en douceur les cellules k\u00e9ratinis\u00e9es, favorisant l&rsquo;\u00e9claircissement des taches pigment\u00e9es et le renouvellement de la peau. Le niacinamide et l&rsquo;ac\u00e9tylglucosamine traitent efficacement l&rsquo;hyperpigmentation post-inflammatoire, le teint terne et la texture in\u00e9gale de la peau.<\/p>\n<p data-start=\"654\" data-end=\"877\">La glyc\u00e9rine aide \u00e0 maintenir un niveau d&rsquo;hydratation optimal, am\u00e9liore l&rsquo;\u00e9lasticit\u00e9 de la peau et prot\u00e8ge les cellules de la d\u00e9shydratation. Les huiles v\u00e9g\u00e9tales nourrissent la peau, r\u00e9duisent les rougeurs et la desquamation et donnent \u00e0 la peau un aspect sain et soign\u00e9.<\/p>\n<p data-start=\"879\" data-end=\"1143\">Les phospholipides restaurent la barri\u00e8re \u00e9pidermique, tandis que le hyaluronate de sodium stimule l&rsquo;activit\u00e9 des fibroblastes, ralentissant ainsi les changements cutan\u00e9s li\u00e9s \u00e0 l&rsquo;\u00e2ge. L&rsquo;allanto\u00efne et les enzymes favorisent la r\u00e9g\u00e9n\u00e9ration et le renouvellement en douceur de la peau, renfor\u00e7ant l&rsquo;efficacit\u00e9 des traitements \u00e0 base d&rsquo;appareils.<\/p>\n<p data-start=\"1145\" data-end=\"1405\"><strong data-start=\"1145\" data-end=\"1161\">Principaux effets :<\/strong><br \/>\n&#8211; \u00e9claircissement des taches pigmentaires et uniformisation du teint<br data-start=\"1218\" data-end=\"1221\" \/>&#8211; r\u00e9duction de la production de m\u00e9lanine<br data-start=\"1254\" data-end=\"1257\" \/>&#8211; hydratation et am\u00e9lioration de l&rsquo;\u00e9lasticit\u00e9 de la peau<br data-start=\"1297\" data-end=\"1300\" \/>&#8211; restauration de la barri\u00e8re protectrice de l&rsquo;\u00e9piderme<br data-start=\"1349\" data-end=\"1352\" \/>&#8211; am\u00e9lioration de l&rsquo;efficacit\u00e9 des proc\u00e9dures bas\u00e9es sur des appareils.<\/p>\n<p data-start=\"1407\" data-end=\"1686\" data-is-last-node=\"\" data-is-only-node=\"\"><strong data-start=\"1407\" data-end=\"1422\">Mode d&#8217;emploi :<\/strong><br \/>\nAppliquez le s\u00e9rum sur la peau nettoy\u00e9e du visage et effectuez la proc\u00e9dure en utilisant la technique s\u00e9lectionn\u00e9e. L&rsquo;efficacit\u00e9 de la sonophor\u00e8se et de l&rsquo;\u00e9lectroporation est significativement accrue apr\u00e8s l&rsquo;utilisation pr\u00e9alable d&rsquo;un peeling superficiel (articles 20000, 20001, 20002, 20005).<\/p>\n<p data-start=\"1407\" data-end=\"1686\" data-is-last-node=\"\" data-is-only-node=\"\"><span data-sheets-root=\"1\"><strong>Ingr\u00e9dients :<\/strong> <\/span><\/p>\n<p data-start=\"1407\" data-end=\"1686\" data-is-last-node=\"\" data-is-only-node=\"\"><span data-sheets-root=\"1\">Aqua (Eau), Niacinamide, Acetyl Glucosamine, Glyc\u00e9rine, Behenyl Alcohol, Shea Oil, Hydrogenated Castor Oil, Stearyl Alcohol, Protease, Subtilisin, Dipotassium Glycyrrhizinate, Licorice Extract, Papain, Carbomer, Hexanediol, Caprylyl Glycol, Algin, acide citrique, ascorbyl glucoside, butyl\u00e8ne glycol, phospholipides, hyaluronate de sodium, allanto\u00efne, hydroxyde de sodium, Acrylates\/C10-30 Alkyl Acrylate Crosspolymer, Sodium EDTA, Caprylate Sorbitan, Propanediol, Benzoic Acid. <\/span><\/p>\n","protected":false},"excerpt":{"rendered":"<p>Anti-Pigment Serum Aparat Line &#8211; un s\u00e9rum blanchissant professionnel con\u00e7u pour les proc\u00e9dures cosm\u00e9tiques bas\u00e9es sur des appareils visant \u00e0 corriger l&rsquo;hyperpigmentation, \u00e0 unifier le teint de la peau et \u00e0 am\u00e9liorer la texture de la peau. La formule r\u00e9duit la production de m\u00e9lanine dans les m\u00e9lanocytes et exfolie en douceur les cellules k\u00e9ratinis\u00e9es, favorisant [&hellip;]<\/p>\n","protected":false},"featured_media":7789,"comment_status":"open","ping_status":"closed","template":"","meta":[],"product_brand":[80],"product_cat":[121],"product_tag":[],"class_list":{"0":"post-7788","1":"product","2":"type-product","3":"status-publish","4":"has-post-thumbnail","6":"product_brand-aparat-line","7":"product_cat-apparat-line-esthetique-materielle","9":"first","10":"instock","11":"shipping-taxable","12":"product-type-simple"},"aioseo_notices":[],"_links":{"self":[{"href":"https:\/\/pelartlabbenelux.com\/fr\/wp-json\/wp\/v2\/product\/7788","targetHints":{"allow":["GET"]}}],"collection":[{"href":"https:\/\/pelartlabbenelux.com\/fr\/wp-json\/wp\/v2\/product"}],"about":[{"href":"https:\/\/pelartlabbenelux.com\/fr\/wp-json\/wp\/v2\/types\/product"}],"replies":[{"embeddable":true,"href":"https:\/\/pelartlabbenelux.com\/fr\/wp-json\/wp\/v2\/comments?post=7788"}],"version-history":[{"count":1,"href":"https:\/\/pelartlabbenelux.com\/fr\/wp-json\/wp\/v2\/product\/7788\/revisions"}],"predecessor-version":[{"id":7790,"href":"https:\/\/pelartlabbenelux.com\/fr\/wp-json\/wp\/v2\/product\/7788\/revisions\/7790"}],"wp:featuredmedia":[{"embeddable":true,"href":"https:\/\/pelartlabbenelux.com\/fr\/wp-json\/wp\/v2\/media\/7789"}],"wp:attachment":[{"href":"https:\/\/pelartlabbenelux.com\/fr\/wp-json\/wp\/v2\/media?parent=7788"}],"wp:term":[{"taxonomy":"product_brand","embeddable":true,"href":"https:\/\/pelartlabbenelux.com\/fr\/wp-json\/wp\/v2\/product_brand?post=7788"},{"taxonomy":"product_cat","embeddable":true,"href":"https:\/\/pelartlabbenelux.com\/fr\/wp-json\/wp\/v2\/product_cat?post=7788"},{"taxonomy":"product_tag","embeddable":true,"href":"https:\/\/pelartlabbenelux.com\/fr\/wp-json\/wp\/v2\/product_tag?post=7788"}],"curies":[{"name":"wp","href":"https:\/\/api.w.org\/{rel}","templated":true}]}}