{"id":7786,"date":"2026-01-28T16:09:27","date_gmt":"2026-01-28T16:09:27","guid":{"rendered":"https:\/\/pelartlabbenelux.com\/product\/serum-liftant-aparat-line-250-ml\/"},"modified":"2026-02-04T15:51:55","modified_gmt":"2026-02-04T15:51:55","slug":"serum-liftant-aparat-line-250-ml","status":"publish","type":"product","link":"https:\/\/pelartlabbenelux.com\/fr\/produit\/serum-liftant-aparat-line-250-ml\/","title":{"rendered":"S\u00e9rum liftant Aparat Line, 250 ml"},"content":{"rendered":"<p data-start=\"0\" data-end=\"266\"><strong data-start=\"0\" data-end=\"32\">Anti-Age Serum Aparat Line &#8211;<\/strong> un s\u00e9rum liftant pour la cosm\u00e9tologie bas\u00e9e sur les appareils, destin\u00e9 \u00e0 restaurer la fermet\u00e9 et la densit\u00e9 de la peau. Les ac\u00e9tyl t\u00e9trapeptides-9 et -11 stimulent le renouvellement de la matrice dermique, am\u00e9liorent la structure de la peau et produisent un effet anti-\u00e2ge prononc\u00e9.<\/p>\n<p data-start=\"268\" data-end=\"609\">Le D-panth\u00e9nol et l&rsquo;acide hyaluronique assurent une hydratation profonde et durable, augmentant l&rsquo;\u00e9lasticit\u00e9 de la peau et r\u00e9duisant l&rsquo;impact n\u00e9gatif des facteurs externes. La vitamine E et une forme stable de vitamine C (Ascorbyl Tetraiso Palmitate) ont des effets antioxydants et anti-inflammatoires, favorisent la synth\u00e8se du collag\u00e8ne et prot\u00e8gent la peau du photovieillissement.<\/p>\n<p data-start=\"611\" data-end=\"873\"><strong data-start=\"611\" data-end=\"627\">Effets cl\u00e9s :<\/strong><br \/>\n&#8211; effet lifting prononc\u00e9 et am\u00e9lioration de la fermet\u00e9 de la peau<br data-start=\"682\" data-end=\"685\" \/>&#8211; stimulation du renouvellement de la matrice dermique<br data-start=\"723\" data-end=\"726\" \/>&#8211; hydratation intensive et prolong\u00e9e<br data-start=\"761\" data-end=\"764\" \/>&#8211; protection antioxydante et pr\u00e9vention du photovieillissement<br data-start=\"817\" data-end=\"820\" \/>&#8211; am\u00e9lioration de l&rsquo;efficacit\u00e9 des traitements \u00e0 base d&rsquo;appareils.<\/p>\n<p data-start=\"875\" data-end=\"1154\" data-is-last-node=\"\" data-is-only-node=\"\"><strong data-start=\"875\" data-end=\"890\">Mode d&#8217;emploi :<\/strong><br \/>\nAppliquez le s\u00e9rum sur la peau nettoy\u00e9e du visage et effectuez la proc\u00e9dure en utilisant la technique s\u00e9lectionn\u00e9e. L&rsquo;efficacit\u00e9 de la sonophor\u00e8se et de l&rsquo;\u00e9lectroporation est significativement accrue apr\u00e8s l&rsquo;utilisation pr\u00e9alable d&rsquo;un peeling superficiel (articles 20000, 20001, 20002, 20005).<\/p>\n<p data-start=\"875\" data-end=\"1154\" data-is-last-node=\"\" data-is-only-node=\"\"><span data-sheets-root=\"1\"><strong>Ingr\u00e9dients :<br \/>\nAqua (Eau), D-Panth\u00e9nol, Extrait de feuilles de S\u00e9n\u00e9, Maltodextrine, Huile d&rsquo;Avocat, Hyaluronate de Sodium, Acrylidimethyltaurate\/Copolym\u00e8re d&rsquo;Ammonium, Triglyc\u00e9ride Caprylique\/Caprique, Tocoph\u00e9rol, Ascorbyl Tetraiso Palmitate, Extrait de pois moulus, Acetyl Tetrapeptide-11, Acetyl Tetrapeptide-9, Composition parfum\u00e9e, Caprylate Sorbitan, Propanediol, Acide Benzo\u00efque.<\/strong> <\/span><\/p>\n","protected":false},"excerpt":{"rendered":"<p>Anti-Age Serum Aparat Line &#8211; un s\u00e9rum liftant pour la cosm\u00e9tologie bas\u00e9e sur les appareils, destin\u00e9 \u00e0 restaurer la fermet\u00e9 et la densit\u00e9 de la peau. Les ac\u00e9tyl t\u00e9trapeptides-9 et -11 stimulent le renouvellement de la matrice dermique, am\u00e9liorent la structure de la peau et produisent un effet anti-\u00e2ge prononc\u00e9. Le D-panth\u00e9nol et l&rsquo;acide hyaluronique [&hellip;]<\/p>\n","protected":false},"featured_media":7787,"comment_status":"open","ping_status":"closed","template":"","meta":[],"product_brand":[80],"product_cat":[121],"product_tag":[],"class_list":{"0":"post-7786","1":"product","2":"type-product","3":"status-publish","4":"has-post-thumbnail","6":"product_brand-aparat-line","7":"product_cat-apparat-line-esthetique-materielle","9":"first","10":"instock","11":"shipping-taxable","12":"product-type-simple"},"aioseo_notices":[],"_links":{"self":[{"href":"https:\/\/pelartlabbenelux.com\/fr\/wp-json\/wp\/v2\/product\/7786","targetHints":{"allow":["GET"]}}],"collection":[{"href":"https:\/\/pelartlabbenelux.com\/fr\/wp-json\/wp\/v2\/product"}],"about":[{"href":"https:\/\/pelartlabbenelux.com\/fr\/wp-json\/wp\/v2\/types\/product"}],"replies":[{"embeddable":true,"href":"https:\/\/pelartlabbenelux.com\/fr\/wp-json\/wp\/v2\/comments?post=7786"}],"version-history":[{"count":1,"href":"https:\/\/pelartlabbenelux.com\/fr\/wp-json\/wp\/v2\/product\/7786\/revisions"}],"predecessor-version":[{"id":7791,"href":"https:\/\/pelartlabbenelux.com\/fr\/wp-json\/wp\/v2\/product\/7786\/revisions\/7791"}],"wp:featuredmedia":[{"embeddable":true,"href":"https:\/\/pelartlabbenelux.com\/fr\/wp-json\/wp\/v2\/media\/7787"}],"wp:attachment":[{"href":"https:\/\/pelartlabbenelux.com\/fr\/wp-json\/wp\/v2\/media?parent=7786"}],"wp:term":[{"taxonomy":"product_brand","embeddable":true,"href":"https:\/\/pelartlabbenelux.com\/fr\/wp-json\/wp\/v2\/product_brand?post=7786"},{"taxonomy":"product_cat","embeddable":true,"href":"https:\/\/pelartlabbenelux.com\/fr\/wp-json\/wp\/v2\/product_cat?post=7786"},{"taxonomy":"product_tag","embeddable":true,"href":"https:\/\/pelartlabbenelux.com\/fr\/wp-json\/wp\/v2\/product_tag?post=7786"}],"curies":[{"name":"wp","href":"https:\/\/api.w.org\/{rel}","templated":true}]}}