{"id":7784,"date":"2026-01-28T16:09:27","date_gmt":"2026-01-28T16:09:27","guid":{"rendered":"https:\/\/pelartlabbenelux.com\/product\/serum-anti-acne-pour-les-peaux-a-problemes-aparat-line-250-ml\/"},"modified":"2026-02-04T15:52:11","modified_gmt":"2026-02-04T15:52:11","slug":"serum-anti-acne-pour-les-peaux-a-problemes-aparat-line-250-ml","status":"publish","type":"product","link":"https:\/\/pelartlabbenelux.com\/fr\/produit\/serum-anti-acne-pour-les-peaux-a-problemes-aparat-line-250-ml\/","title":{"rendered":"S\u00e9rum anti-acn\u00e9 pour les peaux \u00e0 probl\u00e8mes Aparat Line, 250 ml"},"content":{"rendered":"<p data-start=\"0\" data-end=\"301\"><strong data-start=\"0\" data-end=\"33\">Anti-Acne Serum Aparat Line &#8211;<\/strong> un s\u00e9rum professionnel pour les peaux \u00e0 probl\u00e8mes visant \u00e0 corriger les principaux facteurs pathog\u00e8nes de l&rsquo;acn\u00e9. Le produit aide \u00e0 r\u00e9duire les \u00e9l\u00e9ments inflammatoires et les com\u00e9dons, nettoie d\u00e9licatement les pores et normalise l&rsquo;activit\u00e9 des glandes s\u00e9bac\u00e9es, am\u00e9liorant ainsi l&rsquo;\u00e9tat g\u00e9n\u00e9ral de la peau.<\/p>\n<p data-start=\"303\" data-end=\"619\">L&rsquo;acide salicylique exerce une action k\u00e9ratolytique et anti-inflammatoire, favorise l&rsquo;exfoliation des cellules mortes de la peau et pr\u00e9vient l&rsquo;obstruction des pores. Le niacinamide (2,5 %) renforce la barri\u00e8re hydrolipidique en stimulant la synth\u00e8se des c\u00e9ramides, r\u00e9duit les rougeurs, r\u00e9gule la production de s\u00e9bum et contribue \u00e0 augmenter la densit\u00e9 et l&rsquo;\u00e9lasticit\u00e9 de la peau.<\/p>\n<p data-start=\"621\" data-end=\"887\"><strong data-start=\"621\" data-end=\"637\">Effets cl\u00e9s :<\/strong><br \/>\n&#8211; r\u00e9duction des \u00e9l\u00e9ments inflammatoires et des com\u00e9dons<br data-start=\"688\" data-end=\"691\" \/>&#8211; action s\u00e9bor\u00e9gulatrice et anti-inflammatoire<br data-start=\"738\" data-end=\"741\" \/>&#8211; renforcement de la barri\u00e8re protectrice de la peau<br data-start=\"787\" data-end=\"790\" \/>&#8211; r\u00e9duction de la sensibilit\u00e9 et de l&rsquo;irritation<br data-start=\"831\" data-end=\"834\" \/>&#8211; am\u00e9lioration de la texture et de l&rsquo;\u00e9tat g\u00e9n\u00e9ral de la peau<\/p>\n<p data-start=\"889\" data-end=\"1135\" data-is-last-node=\"\" data-is-only-node=\"\"><strong data-start=\"889\" data-end=\"904\">Mode d&#8217;emploi :<\/strong><br \/>\nAppliquer sur la peau nettoy\u00e9e du visage et effectuer la proc\u00e9dure en utilisant la technique s\u00e9lectionn\u00e9e. L&rsquo;efficacit\u00e9 de la sonophor\u00e8se et de l&rsquo;\u00e9lectroporation est renforc\u00e9e par l&rsquo;utilisation pr\u00e9alable de peelings superficiels (20000, 20001, 20002, 20005).<\/p>\n<p data-start=\"889\" data-end=\"1135\" data-is-last-node=\"\" data-is-only-node=\"\"><span data-sheets-root=\"1\"><strong>Ingr\u00e9dients :<\/strong><br \/>\nAqua (Eau), Triglyc\u00e9ride Caprylique\/Caprique, Niacinamide &#8211; 2.5%, Extrait de Fucus, Extrait de Ch\u00e2taigne, Glycyrrhizinate d&rsquo;Ammonium, Propyl\u00e8ne Glycol, Gluconate de Zinc, Biotine, Butyl\u00e8ne Glycol, Extrait de Fomes, Caf\u00e9ine, Acide Salicylique\/C10-30 Alkyl Acrylate Crosspolymer, Extrait de Camomille, Coco Glucoside, Acetyl Tetrapeptide-15, Extrait de Bixa Orellana &#8211; 1%, Composition de Parfum, Caprylate Sorbitan, Propanediol, Acide Benzo\u00efque. <\/span><\/p>\n","protected":false},"excerpt":{"rendered":"<p>Anti-Acne Serum Aparat Line &#8211; un s\u00e9rum professionnel pour les peaux \u00e0 probl\u00e8mes visant \u00e0 corriger les principaux facteurs pathog\u00e8nes de l&rsquo;acn\u00e9. Le produit aide \u00e0 r\u00e9duire les \u00e9l\u00e9ments inflammatoires et les com\u00e9dons, nettoie d\u00e9licatement les pores et normalise l&rsquo;activit\u00e9 des glandes s\u00e9bac\u00e9es, am\u00e9liorant ainsi l&rsquo;\u00e9tat g\u00e9n\u00e9ral de la peau. L&rsquo;acide salicylique exerce une action [&hellip;]<\/p>\n","protected":false},"featured_media":7785,"comment_status":"open","ping_status":"closed","template":"","meta":[],"product_brand":[80],"product_cat":[121],"product_tag":[],"class_list":{"0":"post-7784","1":"product","2":"type-product","3":"status-publish","4":"has-post-thumbnail","6":"product_brand-aparat-line","7":"product_cat-apparat-line-esthetique-materielle","9":"first","10":"instock","11":"shipping-taxable","12":"product-type-simple"},"aioseo_notices":[],"_links":{"self":[{"href":"https:\/\/pelartlabbenelux.com\/fr\/wp-json\/wp\/v2\/product\/7784","targetHints":{"allow":["GET"]}}],"collection":[{"href":"https:\/\/pelartlabbenelux.com\/fr\/wp-json\/wp\/v2\/product"}],"about":[{"href":"https:\/\/pelartlabbenelux.com\/fr\/wp-json\/wp\/v2\/types\/product"}],"replies":[{"embeddable":true,"href":"https:\/\/pelartlabbenelux.com\/fr\/wp-json\/wp\/v2\/comments?post=7784"}],"version-history":[{"count":1,"href":"https:\/\/pelartlabbenelux.com\/fr\/wp-json\/wp\/v2\/product\/7784\/revisions"}],"predecessor-version":[{"id":7792,"href":"https:\/\/pelartlabbenelux.com\/fr\/wp-json\/wp\/v2\/product\/7784\/revisions\/7792"}],"wp:featuredmedia":[{"embeddable":true,"href":"https:\/\/pelartlabbenelux.com\/fr\/wp-json\/wp\/v2\/media\/7785"}],"wp:attachment":[{"href":"https:\/\/pelartlabbenelux.com\/fr\/wp-json\/wp\/v2\/media?parent=7784"}],"wp:term":[{"taxonomy":"product_brand","embeddable":true,"href":"https:\/\/pelartlabbenelux.com\/fr\/wp-json\/wp\/v2\/product_brand?post=7784"},{"taxonomy":"product_cat","embeddable":true,"href":"https:\/\/pelartlabbenelux.com\/fr\/wp-json\/wp\/v2\/product_cat?post=7784"},{"taxonomy":"product_tag","embeddable":true,"href":"https:\/\/pelartlabbenelux.com\/fr\/wp-json\/wp\/v2\/product_tag?post=7784"}],"curies":[{"name":"wp","href":"https:\/\/api.w.org\/{rel}","templated":true}]}}