{"id":7782,"date":"2026-01-28T16:07:20","date_gmt":"2026-01-28T16:07:20","guid":{"rendered":"https:\/\/pelartlabbenelux.com\/product\/masque-a-lextrait-de-marron-dinde-pour-peaux-sensibles-et-couperosees-laboratoire-pelart-ligne-abricot-250-ml\/"},"modified":"2026-01-28T16:07:20","modified_gmt":"2026-01-28T16:07:20","slug":"masque-a-lextrait-de-marron-dinde-pour-peaux-sensibles-et-couperosees-laboratoire-pelart-ligne-abricot-250-ml","status":"publish","type":"product","link":"https:\/\/pelartlabbenelux.com\/fr\/produit\/masque-a-lextrait-de-marron-dinde-pour-peaux-sensibles-et-couperosees-laboratoire-pelart-ligne-abricot-250-ml\/","title":{"rendered":"Masque \u00e0 l&rsquo;extrait de marron d&rsquo;Inde pour peaux sensibles et couperos\u00e9es Laboratoire Pelart Ligne Abricot, 250 ml"},"content":{"rendered":"<p data-start=\"91\" data-end=\"451\">Masque professionnel con\u00e7u pour le soin des peaux sensibles et sujettes \u00e0 la couperose, destin\u00e9 \u00e0 renforcer les parois capillaires, \u00e0 r\u00e9duire les irritations et \u00e0 r\u00e9tablir le confort de la peau. La formule est adapt\u00e9e \u00e0 une utilisation r\u00e9guli\u00e8re dans les routines de soins professionnelles et domestiques. <\/p>\n<p data-start=\"453\" data-end=\"766\">Un complexe d&rsquo;extraits v\u00e9g\u00e9taux de marron d&rsquo;Inde, de myrtille, de ruscus, de cassis et de noix contribue \u00e0 renforcer les capillaires, \u00e0 att\u00e9nuer les rougeurs et \u00e0 accro\u00eetre la r\u00e9sistance de la peau aux facteurs externes. Les extraits de camomille, de calendula et de sophora ont des effets apaisants prononc\u00e9s et r\u00e9duisent la r\u00e9activit\u00e9 des peaux sensibles. <\/p>\n<p data-start=\"768\" data-end=\"1173\">L&rsquo;extrait d&rsquo;abricot, riche en vitamines C, PP et du complexe B, stimule la r\u00e9g\u00e9n\u00e9ration naturelle, am\u00e9liore l&rsquo;\u00e9lasticit\u00e9 et la douceur de la peau. L&rsquo;esculine am\u00e9liore la microcirculation, r\u00e9duit les poches, favorise l&rsquo;\u00e9limination de l&rsquo;exc\u00e8s de liquide et restaure la barri\u00e8re lipidique endommag\u00e9e. Un complexe d&rsquo;huiles de tamanu, d&rsquo;\u00e9glantier et de noix renforce les fonctions protectrices de la peau et aide \u00e0 pr\u00e9venir les signes de vieillissement pr\u00e9matur\u00e9.  <\/p>\n<p data-start=\"1175\" data-end=\"1359\"><strong data-start=\"1175\" data-end=\"1192\">Principaux b\u00e9n\u00e9fices :<\/strong><br data-start=\"1192\" data-end=\"1195\">&#8211; Renforce les parois capillaires<br data-start=\"1224\" data-end=\"1227\">&#8211; R\u00e9duit les rougeurs et les irritations<br data-start=\"1259\" data-end=\"1262\">&#8211; Hydratation intensive<br data-start=\"1283\" data-end=\"1286\">&#8211; Am\u00e9liore l&rsquo;\u00e9lasticit\u00e9 de la peau<br data-start=\"1312\" data-end=\"1315\">&#8211; Prot\u00e8ge contre les facteurs de stress externes<\/p>\n<p data-start=\"1361\" data-end=\"1589\"><strong data-start=\"1361\" data-end=\"1384\">Mode d&#8217;emploi :<\/strong><br data-start=\"1384\" data-end=\"1387\">Appliquer sur la peau nettoy\u00e9e du visage pendant 15 \u00e0 20 minutes, puis rincer \u00e0 l&rsquo;eau. Utiliser deux fois par semaine. Recommand\u00e9 en combinaison avec Tera Vitale Vitamin C Serum (art. 10034) et CO\u2082 Complex (art. 10093).  <\/p>\n<p data-start=\"1361\" data-end=\"1589\"><span data-sheets-root=\"1\"><strong>Ingr\u00e9dients :<\/strong><br \/>\nAqua (Eau), Extraits : Ruscus, Camomille, Myrtille, Calendula, Sophora, Kalgan, Marron d&rsquo;Inde, Abricot, D-panth\u00e9nol, Esculine, Dipotassium glycyrrhizinate, Sodium ascorbyl phosphate, Rutine, Huiles : Tamanu, Cynorrhodon, Noix, Composition parfum\u00e9e.<\/span><\/p>\n","protected":false},"excerpt":{"rendered":"<p>Masque professionnel con\u00e7u pour le soin des peaux sensibles et sujettes \u00e0 la couperose, destin\u00e9 \u00e0 renforcer les parois capillaires, \u00e0 r\u00e9duire les irritations et \u00e0 r\u00e9tablir le confort de la peau. La formule est adapt\u00e9e \u00e0 une utilisation r\u00e9guli\u00e8re dans les routines de soins professionnelles et domestiques. Un complexe d&rsquo;extraits v\u00e9g\u00e9taux de marron d&rsquo;Inde, [&hellip;]<\/p>\n","protected":false},"featured_media":7783,"comment_status":"open","ping_status":"closed","template":"","meta":[],"product_brand":[60],"product_cat":[118],"product_tag":[],"class_list":{"0":"post-7782","1":"product","2":"type-product","3":"status-publish","4":"has-post-thumbnail","6":"product_brand-apricot-line","7":"product_cat-apricot-line-cosmetiques-pour-peaux-sensibles-a-la-couperose","9":"first","10":"instock","11":"shipping-taxable","12":"purchasable","13":"product-type-simple"},"aioseo_notices":[],"_links":{"self":[{"href":"https:\/\/pelartlabbenelux.com\/fr\/wp-json\/wp\/v2\/product\/7782","targetHints":{"allow":["GET"]}}],"collection":[{"href":"https:\/\/pelartlabbenelux.com\/fr\/wp-json\/wp\/v2\/product"}],"about":[{"href":"https:\/\/pelartlabbenelux.com\/fr\/wp-json\/wp\/v2\/types\/product"}],"replies":[{"embeddable":true,"href":"https:\/\/pelartlabbenelux.com\/fr\/wp-json\/wp\/v2\/comments?post=7782"}],"version-history":[{"count":0,"href":"https:\/\/pelartlabbenelux.com\/fr\/wp-json\/wp\/v2\/product\/7782\/revisions"}],"wp:featuredmedia":[{"embeddable":true,"href":"https:\/\/pelartlabbenelux.com\/fr\/wp-json\/wp\/v2\/media\/7783"}],"wp:attachment":[{"href":"https:\/\/pelartlabbenelux.com\/fr\/wp-json\/wp\/v2\/media?parent=7782"}],"wp:term":[{"taxonomy":"product_brand","embeddable":true,"href":"https:\/\/pelartlabbenelux.com\/fr\/wp-json\/wp\/v2\/product_brand?post=7782"},{"taxonomy":"product_cat","embeddable":true,"href":"https:\/\/pelartlabbenelux.com\/fr\/wp-json\/wp\/v2\/product_cat?post=7782"},{"taxonomy":"product_tag","embeddable":true,"href":"https:\/\/pelartlabbenelux.com\/fr\/wp-json\/wp\/v2\/product_tag?post=7782"}],"curies":[{"name":"wp","href":"https:\/\/api.w.org\/{rel}","templated":true}]}}