{"id":7778,"date":"2026-01-28T16:09:27","date_gmt":"2026-01-28T16:09:27","guid":{"rendered":"https:\/\/pelartlabbenelux.com\/product\/serum-anti-couperose-pour-la-peau-couperosee-aparat-line-250-ml\/"},"modified":"2026-02-04T15:52:23","modified_gmt":"2026-02-04T15:52:23","slug":"serum-anti-couperose-pour-la-peau-couperosee-aparat-line-250-ml","status":"publish","type":"product","link":"https:\/\/pelartlabbenelux.com\/fr\/produit\/serum-anti-couperose-pour-la-peau-couperosee-aparat-line-250-ml\/","title":{"rendered":"S\u00e9rum anti-couperose pour la peau couperos\u00e9e Aparat Line, 250 ml"},"content":{"rendered":"<p data-start=\"0\" data-end=\"318\"><strong data-start=\"0\" data-end=\"94\">S\u00e9rum professionnel pour le soin des peaux pr\u00e9sentant une couperose et une r\u00e9activit\u00e9 vasculaire accrue<\/strong>, visant \u00e0 renforcer la paroi vasculaire, \u00e0 r\u00e9duire sa perm\u00e9abilit\u00e9 et \u00e0 restaurer la barri\u00e8re \u00e9pidermique. Le produit contribue \u00e0 r\u00e9duire les rougeurs, \u00e0 augmenter la r\u00e9sistance de la peau aux irritants externes et \u00e0 am\u00e9liorer son \u00e9tat g\u00e9n\u00e9ral.<\/p>\n<p data-start=\"320\" data-end=\"812\">La formule contenant le complexe Ipomoea inhibe l&rsquo;activit\u00e9 de la collag\u00e9nase, ralentissant les processus de photovieillissement et pr\u00e9venant la formation des rides, tout en ayant des effets anti-inflammatoires et photoprotecteurs prononc\u00e9s. La centella asiatica stimule la synth\u00e8se du collag\u00e8ne et de l&rsquo;acide hyaluronique, augmentant ainsi la densit\u00e9 et l&rsquo;\u00e9lasticit\u00e9 de la peau. L&rsquo;escine et l&rsquo;extrait de gen\u00eat de boucherie renforcent les capillaires, r\u00e9duisent leur fragilit\u00e9 et favorisent la constriction des vaisseaux dilat\u00e9s, diminuant ainsi l&rsquo;apparence de la couperose.<\/p>\n<p data-start=\"814\" data-end=\"1126\">Le bisabolol et le glycyrrhizinate d&rsquo;ammonium apaisent la peau, r\u00e9duisent les irritations et les rougeurs et contribuent \u00e0 la restauration rapide du manteau hydrolipidique. Le s\u00e9rum a une conductivit\u00e9 \u00e9lev\u00e9e et assure une transmission efficace des impulsions pendant les proc\u00e9dures utilisant des appareils, ce qui en fait un choix optimal pour les traitements professionnels.<\/p>\n<p data-start=\"1128\" data-end=\"1371\"><strong data-start=\"1128\" data-end=\"1144\">Principaux effets :<\/strong><br \/>\n&#8211; renforcement de la paroi vasculaire et des capillaires<br data-start=\"1197\" data-end=\"1200\" \/>&#8211; r\u00e9duction de la couperose et des rougeurs<br data-start=\"1236\" data-end=\"1239\" \/>&#8211; diminution de la perm\u00e9abilit\u00e9 et de la fragilit\u00e9 vasculaires<br data-start=\"1286\" data-end=\"1289\" \/>&#8211; restauration de la barri\u00e8re \u00e9pidermique<br data-start=\"1327\" data-end=\"1330\" \/>&#8211; action anti-inflammatoire et apaisante<\/p>\n<p data-start=\"1373\" data-end=\"1619\" data-is-last-node=\"\" data-is-only-node=\"\"><strong data-start=\"1373\" data-end=\"1388\">Mode d&#8217;emploi :<\/strong><br \/>\nAppliquer sur la peau nettoy\u00e9e du visage et effectuer la proc\u00e9dure en utilisant la technique s\u00e9lectionn\u00e9e. L&rsquo;efficacit\u00e9 de la sonophor\u00e8se et de l&rsquo;\u00e9lectroporation est renforc\u00e9e par l&rsquo;utilisation pr\u00e9alable de peelings superficiels (20000, 20001, 20002, 20005).<\/p>\n<p data-start=\"1373\" data-end=\"1619\" data-is-last-node=\"\" data-is-only-node=\"\"><span data-sheets-root=\"1\"><strong>Ingr\u00e9dients :<\/strong><br \/>\nAqua (Eau), Centella Asiatica Extract &#8211; 1%, Escin &#8211; 1%, Glycerin, Ruscus Extract, Ammonium Glycyrrhizinate,<br \/>\nTocopherol Acetate, Acrylates\/C10-30 Alkyl Acrylate Crosspolymer, Bisabolol, Sodium Hyaluronate, Proline, Lysine, Serine, Fragrance Composition, Caprylate Sorbitan, Propanediol, Benzoic Acid. <\/span><\/p>\n<p data-start=\"1373\" data-end=\"1619\" data-is-last-node=\"\" data-is-only-node=\"\">\n","protected":false},"excerpt":{"rendered":"<p>S\u00e9rum professionnel pour le soin des peaux pr\u00e9sentant une couperose et une r\u00e9activit\u00e9 vasculaire accrue, visant \u00e0 renforcer la paroi vasculaire, \u00e0 r\u00e9duire sa perm\u00e9abilit\u00e9 et \u00e0 restaurer la barri\u00e8re \u00e9pidermique. Le produit contribue \u00e0 r\u00e9duire les rougeurs, \u00e0 augmenter la r\u00e9sistance de la peau aux irritants externes et \u00e0 am\u00e9liorer son \u00e9tat g\u00e9n\u00e9ral. La [&hellip;]<\/p>\n","protected":false},"featured_media":7779,"comment_status":"open","ping_status":"closed","template":"","meta":[],"product_brand":[80],"product_cat":[121],"product_tag":[],"class_list":{"0":"post-7778","1":"product","2":"type-product","3":"status-publish","4":"has-post-thumbnail","6":"product_brand-aparat-line","7":"product_cat-apparat-line-esthetique-materielle","9":"first","10":"instock","11":"shipping-taxable","12":"product-type-simple"},"aioseo_notices":[],"_links":{"self":[{"href":"https:\/\/pelartlabbenelux.com\/fr\/wp-json\/wp\/v2\/product\/7778","targetHints":{"allow":["GET"]}}],"collection":[{"href":"https:\/\/pelartlabbenelux.com\/fr\/wp-json\/wp\/v2\/product"}],"about":[{"href":"https:\/\/pelartlabbenelux.com\/fr\/wp-json\/wp\/v2\/types\/product"}],"replies":[{"embeddable":true,"href":"https:\/\/pelartlabbenelux.com\/fr\/wp-json\/wp\/v2\/comments?post=7778"}],"version-history":[{"count":1,"href":"https:\/\/pelartlabbenelux.com\/fr\/wp-json\/wp\/v2\/product\/7778\/revisions"}],"predecessor-version":[{"id":7793,"href":"https:\/\/pelartlabbenelux.com\/fr\/wp-json\/wp\/v2\/product\/7778\/revisions\/7793"}],"wp:featuredmedia":[{"embeddable":true,"href":"https:\/\/pelartlabbenelux.com\/fr\/wp-json\/wp\/v2\/media\/7779"}],"wp:attachment":[{"href":"https:\/\/pelartlabbenelux.com\/fr\/wp-json\/wp\/v2\/media?parent=7778"}],"wp:term":[{"taxonomy":"product_brand","embeddable":true,"href":"https:\/\/pelartlabbenelux.com\/fr\/wp-json\/wp\/v2\/product_brand?post=7778"},{"taxonomy":"product_cat","embeddable":true,"href":"https:\/\/pelartlabbenelux.com\/fr\/wp-json\/wp\/v2\/product_cat?post=7778"},{"taxonomy":"product_tag","embeddable":true,"href":"https:\/\/pelartlabbenelux.com\/fr\/wp-json\/wp\/v2\/product_tag?post=7778"}],"curies":[{"name":"wp","href":"https:\/\/api.w.org\/{rel}","templated":true}]}}