{"id":7776,"date":"2026-01-28T16:07:20","date_gmt":"2026-01-28T16:07:20","guid":{"rendered":"https:\/\/pelartlabbenelux.com\/product\/creme-reparatrice-spf-15-pour-peaux-sensibles-et-couperosees-laboratoire-pelart-ligne-abricot-50-ml\/"},"modified":"2026-01-28T16:07:20","modified_gmt":"2026-01-28T16:07:20","slug":"creme-reparatrice-spf-15-pour-peaux-sensibles-et-couperosees-laboratoire-pelart-ligne-abricot-50-ml","status":"publish","type":"product","link":"https:\/\/pelartlabbenelux.com\/fr\/produit\/creme-reparatrice-spf-15-pour-peaux-sensibles-et-couperosees-laboratoire-pelart-ligne-abricot-50-ml\/","title":{"rendered":"Cr\u00e8me r\u00e9paratrice SPF 15 pour peaux sensibles et couperos\u00e9es Laboratoire Pelart Ligne Abricot, 50 ml"},"content":{"rendered":"<p data-start=\"91\" data-end=\"433\">Cr\u00e8me professionnelle r\u00e9paratrice avec SPF 15, con\u00e7ue pour les peaux sensibles pr\u00e9sentant des signes de couperose et une fonction barri\u00e8re alt\u00e9r\u00e9e. Sa texture l\u00e9g\u00e8re p\u00e9n\u00e8tre rapidement, ne laisse pas de brillance grasse et assure un port confortable tout au long de la journ\u00e9e. <\/p>\n<p data-start=\"435\" data-end=\"777\">La formule vise \u00e0 renforcer et \u00e0 tonifier les parois capillaires, \u00e0 r\u00e9duire leur perm\u00e9abilit\u00e9 et leur fragilit\u00e9 et \u00e0 prot\u00e9ger la peau contre les facteurs de stress environnementaux. Un complexe d&rsquo;extraits v\u00e9g\u00e9taux de ruscus, de myrtille, de sophora et de calendula exerce des effets vasoprotecteurs et apaisants prononc\u00e9s, r\u00e9duit la sensibilit\u00e9 de la peau et att\u00e9nue les rougeurs. <\/p>\n<p data-start=\"779\" data-end=\"1183\">L&rsquo;huile de p\u00e9pins de raisin, riche en bioflavono\u00efdes et en proanthocyanidines, offre une forte protection antioxydante et am\u00e9liore la microcirculation. Le panth\u00e9nol, le squalane et les huiles de karit\u00e9 et de bourrache restaurent la barri\u00e8re hydrolipidique, renforcent l&rsquo;hydratation et am\u00e9liorent l&rsquo;\u00e9lasticit\u00e9 de la peau. Un complexe de filtres physiques et chimiques SPF 15 prot\u00e8ge la peau des photodommages et aide \u00e0 pr\u00e9venir l&rsquo;aggravation des manifestations vasculaires.  <\/p>\n<p data-start=\"1185\" data-end=\"1414\"><strong data-start=\"1185\" data-end=\"1202\">Principaux b\u00e9n\u00e9fices :<\/strong><br data-start=\"1202\" data-end=\"1205\">&#8211; Renforce les capillaires et r\u00e9duit leur fragilit\u00e9<br data-start=\"1252\" data-end=\"1255\">&#8211; Prot\u00e8ge contre l&rsquo;exposition aux UV et les agressions ext\u00e9rieures<br data-start=\"1309\" data-end=\"1312\">&#8211; R\u00e9duit les rougeurs et les poches<br data-start=\"1343\" data-end=\"1346\">&#8211; Restaure la fonction de barri\u00e8re de la peau<br data-start=\"1378\" data-end=\"1381\">&#8211; Hydrate et apporte du confort<\/p>\n<p data-start=\"1416\" data-end=\"1612\"><strong data-start=\"1416\" data-end=\"1439\">Mode d&#8217;emploi :<\/strong><br data-start=\"1439\" data-end=\"1442\">Appliquez une petite quantit\u00e9 de cr\u00e8me le matin sur la peau nettoy\u00e9e du visage. Recommand\u00e9 en association avec le S\u00e9rum Vitamine C (art. 10034) et le Complexe CO\u2082 (art. 10093). <\/p>\n<p data-start=\"1416\" data-end=\"1612\"><span data-sheets-root=\"1\"><strong>Ingr\u00e9dients :<\/strong><br \/>\nAQUA (Eau), Extraits : Ruscus, Camomille, Myrtille, Calendula, Sophora, Calgan, Algues Cylindrotheca fusiformis, Pin C\u00e8dre, Huiles : P\u00e9pins de raisin, Karit\u00e9, Bourrache, D-Panth\u00e9nol, Caf\u00e9ine, Glyc\u00e9rine, Escine, Tocoph\u00e9rol, Rutine, Sodium Ascorbyl Phosphate, Squalane, Complexe de filtres physiques et chimiques, Composition parfum\u00e9e.  <\/span><\/p>\n","protected":false},"excerpt":{"rendered":"<p>Cr\u00e8me professionnelle r\u00e9paratrice avec SPF 15, con\u00e7ue pour les peaux sensibles pr\u00e9sentant des signes de couperose et une fonction barri\u00e8re alt\u00e9r\u00e9e. Sa texture l\u00e9g\u00e8re p\u00e9n\u00e8tre rapidement, ne laisse pas de brillance grasse et assure un port confortable tout au long de la journ\u00e9e. La formule vise \u00e0 renforcer et \u00e0 tonifier les parois capillaires, \u00e0 [&hellip;]<\/p>\n","protected":false},"featured_media":7777,"comment_status":"open","ping_status":"closed","template":"","meta":[],"product_brand":[60],"product_cat":[118],"product_tag":[],"class_list":{"0":"post-7776","1":"product","2":"type-product","3":"status-publish","4":"has-post-thumbnail","6":"product_brand-apricot-line","7":"product_cat-apricot-line-cosmetiques-pour-peaux-sensibles-a-la-couperose","9":"first","10":"instock","11":"shipping-taxable","12":"purchasable","13":"product-type-simple"},"aioseo_notices":[],"_links":{"self":[{"href":"https:\/\/pelartlabbenelux.com\/fr\/wp-json\/wp\/v2\/product\/7776","targetHints":{"allow":["GET"]}}],"collection":[{"href":"https:\/\/pelartlabbenelux.com\/fr\/wp-json\/wp\/v2\/product"}],"about":[{"href":"https:\/\/pelartlabbenelux.com\/fr\/wp-json\/wp\/v2\/types\/product"}],"replies":[{"embeddable":true,"href":"https:\/\/pelartlabbenelux.com\/fr\/wp-json\/wp\/v2\/comments?post=7776"}],"version-history":[{"count":0,"href":"https:\/\/pelartlabbenelux.com\/fr\/wp-json\/wp\/v2\/product\/7776\/revisions"}],"wp:featuredmedia":[{"embeddable":true,"href":"https:\/\/pelartlabbenelux.com\/fr\/wp-json\/wp\/v2\/media\/7777"}],"wp:attachment":[{"href":"https:\/\/pelartlabbenelux.com\/fr\/wp-json\/wp\/v2\/media?parent=7776"}],"wp:term":[{"taxonomy":"product_brand","embeddable":true,"href":"https:\/\/pelartlabbenelux.com\/fr\/wp-json\/wp\/v2\/product_brand?post=7776"},{"taxonomy":"product_cat","embeddable":true,"href":"https:\/\/pelartlabbenelux.com\/fr\/wp-json\/wp\/v2\/product_cat?post=7776"},{"taxonomy":"product_tag","embeddable":true,"href":"https:\/\/pelartlabbenelux.com\/fr\/wp-json\/wp\/v2\/product_tag?post=7776"}],"curies":[{"name":"wp","href":"https:\/\/api.w.org\/{rel}","templated":true}]}}