{"id":7774,"date":"2026-01-28T16:09:27","date_gmt":"2026-01-28T16:09:27","guid":{"rendered":"https:\/\/pelartlabbenelux.com\/product\/gel-de-contact-de-base-aparat-line-400-ml\/"},"modified":"2026-02-04T15:52:37","modified_gmt":"2026-02-04T15:52:37","slug":"gel-de-contact-de-base-aparat-line-400-ml","status":"publish","type":"product","link":"https:\/\/pelartlabbenelux.com\/fr\/produit\/gel-de-contact-de-base-aparat-line-400-ml\/","title":{"rendered":"Gel de contact de base, Aparat Line, 400 ml"},"content":{"rendered":"<p data-start=\"0\" data-end=\"239\"><strong data-start=\"0\" data-end=\"36\">Gel de contact professionnel de base<\/strong>, con\u00e7u pour les proc\u00e9dures cosm\u00e9tiques utilisant des appareils. Il assure une glisse optimale et une conductivit\u00e9 efficace des impulsions, am\u00e9liorant ainsi l&rsquo;efficacit\u00e9 des ultrasons, du microcourant et d&rsquo;autres techniques bas\u00e9es sur des appareils.<\/p>\n<p data-start=\"241\" data-end=\"518\">La formule gel est con\u00e7ue pour une hydratation profonde de la peau, l&rsquo;am\u00e9lioration de la microcirculation et la normalisation du tonus vasculaire. Les composants actifs favorisent la r\u00e9g\u00e9n\u00e9ration de l&rsquo;\u00e9piderme, lissent la texture de la peau et r\u00e9duisent l&rsquo;apparence des ridules, pour une peau lisse et soign\u00e9e.<\/p>\n<p data-start=\"520\" data-end=\"752\">Le gel soutient le m\u00e9tabolisme cellulaire, stimule la synth\u00e8se du collag\u00e8ne et aide \u00e0 maintenir la fermet\u00e9 de la peau. Il convient \u00e0 une utilisation professionnelle en combinaison avec des m\u00e9thodes bas\u00e9es sur des appareils, ainsi que pour am\u00e9liorer les r\u00e9sultats apr\u00e8s des peelings superficiels.<\/p>\n<p data-start=\"754\" data-end=\"1023\"><strong data-start=\"754\" data-end=\"770\">Effets cl\u00e9s :<\/strong><br \/>\n&#8211; hydratation intensive de la peau<br data-start=\"797\" data-end=\"800\" \/>&#8211; am\u00e9lioration de la microcirculation et du tonus vasculaire<br data-start=\"851\" data-end=\"854\" \/>&#8211; lissage de la texture de la peau et augmentation de la douceur de la peau<br data-start=\"911\" data-end=\"914\" \/>&#8211; stimulation de la r\u00e9g\u00e9n\u00e9ration et de la synth\u00e8se du collag\u00e8ne<br data-start=\"966\" data-end=\"969\" \/>&#8211; conductivit\u00e9 efficace de l&rsquo;appareil \u00e0 base de \u0432\u043e\u0437\u0434\u0435\u0439\u0441\u0442\u0432\u0438\u044f<\/p>\n<p data-start=\"1025\" data-end=\"1275\" data-is-last-node=\"\" data-is-only-node=\"\"><strong data-start=\"1025\" data-end=\"1040\">Mode d&#8217;emploi :<\/strong><br \/>\nAppliquez la quantit\u00e9 n\u00e9cessaire de gel sur la peau nettoy\u00e9e du visage ou du corps. Effectuez la proc\u00e9dure en utilisant la technique bas\u00e9e sur l&rsquo;appareil s\u00e9lectionn\u00e9. Pour renforcer l&rsquo;effet, il est recommand\u00e9 d&rsquo;utiliser le gel apr\u00e8s un peeling superficiel (20000, 20001, 20002, 20005).<\/p>\n<p data-start=\"1025\" data-end=\"1275\" data-is-last-node=\"\" data-is-only-node=\"\"><span data-sheets-root=\"1\"><strong>Ingr\u00e9dients :<\/strong><br \/>\nAqua (Eau), Glyc\u00e9rine, Extrait de Marron d&rsquo;Inde &#8211; 5%, Extrait de Camomille, D-Panth\u00e9nol &#8211; 1.5%, Rutine, Esculine &#8211; 0.5%, Caf\u00e9ine &#8211; 0.5%, Isom\u00e9rat de sucre, Butyl\u00e8ne Glycol, Acide Hyaluronique, Potassium Glycyrrhizinate, Copolym\u00e8re Ammonium Dimethyl Taurate\/MR, Sodium Ascorbyl Phosphate, Caprylate Sorbitan, Propanediol, Acide Benzo\u00efque, Composition du parfum. <\/span><\/p>\n","protected":false},"excerpt":{"rendered":"<p>Gel de contact professionnel de base, con\u00e7u pour les proc\u00e9dures cosm\u00e9tiques utilisant des appareils. Il assure une glisse optimale et une conductivit\u00e9 efficace des impulsions, am\u00e9liorant ainsi l&rsquo;efficacit\u00e9 des ultrasons, du microcourant et d&rsquo;autres techniques bas\u00e9es sur des appareils. La formule gel est con\u00e7ue pour une hydratation profonde de la peau, l&rsquo;am\u00e9lioration de la microcirculation [&hellip;]<\/p>\n","protected":false},"featured_media":7775,"comment_status":"open","ping_status":"closed","template":"","meta":[],"product_brand":[80],"product_cat":[121],"product_tag":[120],"class_list":{"0":"post-7774","1":"product","2":"type-product","3":"status-publish","4":"has-post-thumbnail","6":"product_brand-aparat-line","7":"product_cat-apparat-line-esthetique-materielle","8":"product_tag-enregistrez-vous-en-tant-que-cosmetologue-pour-acheter-cet-article","10":"first","11":"instock","12":"shipping-taxable","13":"product-type-simple"},"aioseo_notices":[],"_links":{"self":[{"href":"https:\/\/pelartlabbenelux.com\/fr\/wp-json\/wp\/v2\/product\/7774","targetHints":{"allow":["GET"]}}],"collection":[{"href":"https:\/\/pelartlabbenelux.com\/fr\/wp-json\/wp\/v2\/product"}],"about":[{"href":"https:\/\/pelartlabbenelux.com\/fr\/wp-json\/wp\/v2\/types\/product"}],"replies":[{"embeddable":true,"href":"https:\/\/pelartlabbenelux.com\/fr\/wp-json\/wp\/v2\/comments?post=7774"}],"version-history":[{"count":1,"href":"https:\/\/pelartlabbenelux.com\/fr\/wp-json\/wp\/v2\/product\/7774\/revisions"}],"predecessor-version":[{"id":7794,"href":"https:\/\/pelartlabbenelux.com\/fr\/wp-json\/wp\/v2\/product\/7774\/revisions\/7794"}],"wp:featuredmedia":[{"embeddable":true,"href":"https:\/\/pelartlabbenelux.com\/fr\/wp-json\/wp\/v2\/media\/7775"}],"wp:attachment":[{"href":"https:\/\/pelartlabbenelux.com\/fr\/wp-json\/wp\/v2\/media?parent=7774"}],"wp:term":[{"taxonomy":"product_brand","embeddable":true,"href":"https:\/\/pelartlabbenelux.com\/fr\/wp-json\/wp\/v2\/product_brand?post=7774"},{"taxonomy":"product_cat","embeddable":true,"href":"https:\/\/pelartlabbenelux.com\/fr\/wp-json\/wp\/v2\/product_cat?post=7774"},{"taxonomy":"product_tag","embeddable":true,"href":"https:\/\/pelartlabbenelux.com\/fr\/wp-json\/wp\/v2\/product_tag?post=7774"}],"curies":[{"name":"wp","href":"https:\/\/api.w.org\/{rel}","templated":true}]}}