{"id":7767,"date":"2026-01-28T16:07:40","date_gmt":"2026-01-28T16:07:40","guid":{"rendered":"https:\/\/pelartlabbenelux.com\/product\/creme-de-nuit-nourrissante-pour-peaux-sensibles-et-couperosees-laboratoire-pelart-ligne-abricot-50-ml\/"},"modified":"2026-01-28T16:07:40","modified_gmt":"2026-01-28T16:07:40","slug":"creme-de-nuit-nourrissante-pour-peaux-sensibles-et-couperosees-laboratoire-pelart-ligne-abricot-50-ml","status":"publish","type":"product","link":"https:\/\/pelartlabbenelux.com\/fr\/produit\/creme-de-nuit-nourrissante-pour-peaux-sensibles-et-couperosees-laboratoire-pelart-ligne-abricot-50-ml\/","title":{"rendered":"Cr\u00e8me de nuit nourrissante pour peaux sensibles et couperos\u00e9es Laboratoire Pelart Ligne Abricot, 50 ml"},"content":{"rendered":"<p data-start=\"69\" data-end=\"430\">Une cr\u00e8me de nuit nourrissante professionnelle con\u00e7ue pour les peaux sensibles sujettes \u00e0 la couperose et \u00e0 une r\u00e9activit\u00e9 vasculaire accrue. La formule favorise la restauration de la peau pendant la r\u00e9g\u00e9n\u00e9ration nocturne, r\u00e9duit les processus inflammatoires et renforce les parois capillaires. <\/p>\n<p data-start=\"432\" data-end=\"806\">Un complexe d&rsquo;huiles et d&rsquo;extraits de plantes procure des effets vasoprotecteurs et apaisants prononc\u00e9s. Les extraits de ruscus, de myrtille, de sophora et de calendula contribuent \u00e0 renforcer les capillaires, \u00e0 r\u00e9duire leur perm\u00e9abilit\u00e9 et \u00e0 att\u00e9nuer les rougeurs. L&rsquo;huile d&rsquo;olive, le beurre de karit\u00e9 et le squalane nourrissent intens\u00e9ment la peau, restaurent la barri\u00e8re lipidique endommag\u00e9e et prot\u00e8gent contre la perte d&rsquo;eau trans\u00e9pidermique.  <\/p>\n<p data-start=\"808\" data-end=\"1018\">Les ingr\u00e9dients actifs assurent une hydratation en profondeur, augmentent la fermet\u00e9 et l&rsquo;\u00e9lasticit\u00e9 de la peau et r\u00e9duisent la sensibilit\u00e9 et l&rsquo;inconfort. Le panth\u00e9nol et la rutine favorisent le r\u00e9tablissement de la peau et renforcent sa r\u00e9sistance aux irritants externes. <\/p>\n<p data-start=\"1020\" data-end=\"1226\"><strong data-start=\"1020\" data-end=\"1037\">Principaux b\u00e9n\u00e9fices :<\/strong><br data-start=\"1037\" data-end=\"1040\">&#8211; Nourriture intensive et restauration de la peau<br data-start=\"1084\" data-end=\"1087\">&#8211; R\u00e9duit les rougeurs et la r\u00e9activit\u00e9 vasculaire<br data-start=\"1128\" data-end=\"1131\">&#8211; Renforce les capillaires<br data-start=\"1156\" data-end=\"1159\">&#8211; Am\u00e9liore la fermet\u00e9 et l&rsquo;\u00e9lasticit\u00e9<br data-start=\"1193\" data-end=\"1196\">&#8211; Diminue la sensibilit\u00e9 de la peau<\/p>\n<p data-start=\"1228\" data-end=\"1423\"><strong data-start=\"1228\" data-end=\"1251\">Mode d&#8217;emploi :<\/strong><br data-start=\"1251\" data-end=\"1254\">Appliquer une petite quantit\u00e9 sur la peau nettoy\u00e9e du visage 2 heures avant le coucher. Recommand\u00e9 en association avec le S\u00e9rum Vitamine C (art. 10034) et le Complexe CO\u2082 (art. 10093). <\/p>\n<p data-start=\"1228\" data-end=\"1423\"><span data-sheets-root=\"1\"><strong>Ingr\u00e9dients :<\/strong><br \/>\nAqua (Eau), Extraits : Ruscus, Camomille, Myrtille, Calendula, Sophora, Calgan, Pin C\u00e8dre, D-Panth\u00e9nol, Huiles : Olive, Karit\u00e9, Squal\u00e8ne, Rutine, Glyc\u00e9rine, Glyc\u00e9rol Glucoside, Caf\u00e9ine, Ac\u00e9tate de Tocoph\u00e9rol, Composition parfum\u00e9e.  <\/span><\/p>\n","protected":false},"excerpt":{"rendered":"<p>Une cr\u00e8me de nuit nourrissante professionnelle con\u00e7ue pour les peaux sensibles sujettes \u00e0 la couperose et \u00e0 une r\u00e9activit\u00e9 vasculaire accrue. La formule favorise la restauration de la peau pendant la r\u00e9g\u00e9n\u00e9ration nocturne, r\u00e9duit les processus inflammatoires et renforce les parois capillaires. Un complexe d&rsquo;huiles et d&rsquo;extraits de plantes procure des effets vasoprotecteurs et apaisants [&hellip;]<\/p>\n","protected":false},"featured_media":7769,"comment_status":"open","ping_status":"closed","template":"","meta":[],"product_brand":[60],"product_cat":[118],"product_tag":[],"class_list":{"0":"post-7767","1":"product","2":"type-product","3":"status-publish","4":"has-post-thumbnail","6":"product_brand-apricot-line","7":"product_cat-apricot-line-cosmetiques-pour-peaux-sensibles-a-la-couperose","9":"first","10":"instock","11":"shipping-taxable","12":"purchasable","13":"product-type-simple"},"aioseo_notices":[],"_links":{"self":[{"href":"https:\/\/pelartlabbenelux.com\/fr\/wp-json\/wp\/v2\/product\/7767","targetHints":{"allow":["GET"]}}],"collection":[{"href":"https:\/\/pelartlabbenelux.com\/fr\/wp-json\/wp\/v2\/product"}],"about":[{"href":"https:\/\/pelartlabbenelux.com\/fr\/wp-json\/wp\/v2\/types\/product"}],"replies":[{"embeddable":true,"href":"https:\/\/pelartlabbenelux.com\/fr\/wp-json\/wp\/v2\/comments?post=7767"}],"version-history":[{"count":0,"href":"https:\/\/pelartlabbenelux.com\/fr\/wp-json\/wp\/v2\/product\/7767\/revisions"}],"wp:featuredmedia":[{"embeddable":true,"href":"https:\/\/pelartlabbenelux.com\/fr\/wp-json\/wp\/v2\/media\/7769"}],"wp:attachment":[{"href":"https:\/\/pelartlabbenelux.com\/fr\/wp-json\/wp\/v2\/media?parent=7767"}],"wp:term":[{"taxonomy":"product_brand","embeddable":true,"href":"https:\/\/pelartlabbenelux.com\/fr\/wp-json\/wp\/v2\/product_brand?post=7767"},{"taxonomy":"product_cat","embeddable":true,"href":"https:\/\/pelartlabbenelux.com\/fr\/wp-json\/wp\/v2\/product_cat?post=7767"},{"taxonomy":"product_tag","embeddable":true,"href":"https:\/\/pelartlabbenelux.com\/fr\/wp-json\/wp\/v2\/product_tag?post=7767"}],"curies":[{"name":"wp","href":"https:\/\/api.w.org\/{rel}","templated":true}]}}