{"id":7766,"date":"2026-01-28T16:10:30","date_gmt":"2026-01-28T16:10:30","guid":{"rendered":"https:\/\/pelartlabbenelux.com\/product\/peeling-anti-age-jaune-retinol-complexes-de-fruits-et-dacides-reguliers-30-ml\/"},"modified":"2026-02-04T16:02:26","modified_gmt":"2026-02-04T16:02:26","slug":"peeling-anti-age-jaune-retinol-complexes-de-fruits-et-dacides-reguliers-30-ml","status":"publish","type":"product","link":"https:\/\/pelartlabbenelux.com\/fr\/produit\/peeling-anti-age-jaune-retinol-complexes-de-fruits-et-dacides-reguliers-30-ml\/","title":{"rendered":"Peeling anti-\u00e2ge Jaune R\u00e9tinol Complexes de fruits et d&rsquo;acides r\u00e9guliers, 30 ml"},"content":{"rendered":"<p data-path-to-node=\"2\">Peeling professionnel au r\u00e9tinol jaune con\u00e7u pour une biorevitalisation intensive de la peau et l&rsquo;activation des processus de r\u00e9g\u00e9n\u00e9ration \u00e0 travers toutes les couches de la peau. Cette formule avanc\u00e9e cible efficacement les changements structurels, assurant un renouvellement complet et une correction visible des imperfections esth\u00e9tiques.<\/p>\n<p data-path-to-node=\"3\">La combinaison active de r\u00e9tinol et d&rsquo;un complexe multi-acide, comprenant les acides lactique, salicylique, mand\u00e9lique, phytique et glycolique, assure une exfoliation en profondeur et stimule le renouvellement cellulaire. L&rsquo;acide az\u00e9la\u00efque contribue \u00e0 unifier le teint et \u00e0 r\u00e9duire l&rsquo;hyperpigmentation superficielle. La formule est enrichie en cire d&rsquo;abeille et en beurre de karit\u00e9 (Butyrospermum Parkii) pour soutenir la barri\u00e8re lipidique et minimiser l&rsquo;irritation pendant la proc\u00e9dure, tandis que la glyc\u00e9rine assure des niveaux d&rsquo;hydratation optimaux.<\/p>\n<p data-path-to-node=\"4\"><b data-path-to-node=\"4\" data-index-in-node=\"0\">Principaux effets :<\/b><br \/>\n&#8211; biorevitalisation intensive de la peau et renouvellement cellulaire<br \/>\n&#8211; activation des processus de r\u00e9g\u00e9n\u00e9ration dans toutes les couches de la peau<br \/>\n&#8211; uniformisation du teint et r\u00e9duction de l&rsquo;hyperpigmentation<br \/>\n&#8211; r\u00e9duction des fines rides actiniques et des irr\u00e9gularit\u00e9s de surface<br \/>\n&#8211; am\u00e9lioration de la texture de la peau et de l&rsquo;\u00e9clat g\u00e9n\u00e9ral<\/p>\n<p data-path-to-node=\"5\"><b data-path-to-node=\"5\" data-index-in-node=\"0\">Mode d&#8217;emploi :<\/b> R\u00e9serv\u00e9 \u00e0 un usage professionnel. Appliquer strictement selon le protocole du sp\u00e9cialiste.<\/p>\n<p data-path-to-node=\"6\"><b data-path-to-node=\"6\" data-index-in-node=\"0\">Ingr\u00e9dients :<\/b> Aqua (eau), acide lactique, alcool d\u00e9natur\u00e9, alcool c\u00e9t\u00e9arylique, propyl\u00e8ne glycol, triglyc\u00e9ride caprylique\/caprique, acide salicylique, glyc\u00e9rine, acide mand\u00e9lique, Cera Alba (cire d&rsquo;abeille), polysorbate 80, beurre de butyrospermum parkii (karit\u00e9), acide az\u00e9la\u00efque, r\u00e9tinol, acide phytique, acide glycolique, hydroxy\u00e9thylcellulose, BHT.<\/p>\n","protected":false},"excerpt":{"rendered":"<p>Peeling professionnel au r\u00e9tinol jaune con\u00e7u pour une biorevitalisation intensive de la peau et l&rsquo;activation des processus de r\u00e9g\u00e9n\u00e9ration \u00e0 travers toutes les couches de la peau. Cette formule avanc\u00e9e cible efficacement les changements structurels, assurant un renouvellement complet et une correction visible des imperfections esth\u00e9tiques. La combinaison active de r\u00e9tinol et d&rsquo;un complexe multi-acide, [&hellip;]<\/p>\n","protected":false},"featured_media":7768,"comment_status":"open","ping_status":"closed","template":"","meta":[],"product_brand":[72],"product_cat":[119],"product_tag":[120],"class_list":{"0":"post-7766","1":"product","2":"type-product","3":"status-publish","4":"has-post-thumbnail","6":"product_brand-fruit-and-acid-complexes","7":"product_cat-laboratoire-azidoak-pelart-ligne-de-peeling-professionnel","8":"product_tag-enregistrez-vous-en-tant-que-cosmetologue-pour-acheter-cet-article","10":"first","11":"instock","12":"shipping-taxable","13":"product-type-simple"},"aioseo_notices":[],"_links":{"self":[{"href":"https:\/\/pelartlabbenelux.com\/fr\/wp-json\/wp\/v2\/product\/7766","targetHints":{"allow":["GET"]}}],"collection":[{"href":"https:\/\/pelartlabbenelux.com\/fr\/wp-json\/wp\/v2\/product"}],"about":[{"href":"https:\/\/pelartlabbenelux.com\/fr\/wp-json\/wp\/v2\/types\/product"}],"replies":[{"embeddable":true,"href":"https:\/\/pelartlabbenelux.com\/fr\/wp-json\/wp\/v2\/comments?post=7766"}],"version-history":[{"count":1,"href":"https:\/\/pelartlabbenelux.com\/fr\/wp-json\/wp\/v2\/product\/7766\/revisions"}],"predecessor-version":[{"id":7815,"href":"https:\/\/pelartlabbenelux.com\/fr\/wp-json\/wp\/v2\/product\/7766\/revisions\/7815"}],"wp:featuredmedia":[{"embeddable":true,"href":"https:\/\/pelartlabbenelux.com\/fr\/wp-json\/wp\/v2\/media\/7768"}],"wp:attachment":[{"href":"https:\/\/pelartlabbenelux.com\/fr\/wp-json\/wp\/v2\/media?parent=7766"}],"wp:term":[{"taxonomy":"product_brand","embeddable":true,"href":"https:\/\/pelartlabbenelux.com\/fr\/wp-json\/wp\/v2\/product_brand?post=7766"},{"taxonomy":"product_cat","embeddable":true,"href":"https:\/\/pelartlabbenelux.com\/fr\/wp-json\/wp\/v2\/product_cat?post=7766"},{"taxonomy":"product_tag","embeddable":true,"href":"https:\/\/pelartlabbenelux.com\/fr\/wp-json\/wp\/v2\/product_tag?post=7766"}],"curies":[{"name":"wp","href":"https:\/\/api.w.org\/{rel}","templated":true}]}}