{"id":7764,"date":"2026-01-28T16:07:20","date_gmt":"2026-01-28T16:07:20","guid":{"rendered":"https:\/\/pelartlabbenelux.com\/product\/narin-emulsion-serum-pour-peaux-sensibles-a-couperose-et-rosacee-laboratoire-pelart-ligne-abricot-30-ml\/"},"modified":"2026-02-11T23:27:04","modified_gmt":"2026-02-11T23:27:04","slug":"narin-emulsion-serum-pour-peaux-sensibles-a-couperose-et-rosacee-laboratoire-pelart-ligne-abricot-30-ml","status":"publish","type":"product","link":"https:\/\/pelartlabbenelux.com\/fr\/produit\/narin-emulsion-serum-pour-peaux-sensibles-a-couperose-et-rosacee-laboratoire-pelart-ligne-abricot-30-ml\/","title":{"rendered":"NARIN Emulsion-S\u00e9rum pour peaux sensibles \u00e0 couperose et rosac\u00e9e Laboratoire Pelart Ligne Abricot, 30 ml"},"content":{"rendered":"<p data-start=\"91\" data-end=\"437\">Une \u00e9mulsion-s\u00e9rum professionnelle con\u00e7ue pour les peaux sensibles sujettes \u00e0 la couperose et \u00e0 la rosac\u00e9e. La formule vise \u00e0 r\u00e9duire les r\u00e9actions inflammatoires, les rougeurs et les manifestations vasculaires, tout en prot\u00e9geant la peau des agressions ext\u00e9rieures.<\/p>\n<p data-start=\"439\" data-end=\"783\">Le principal ingr\u00e9dient actif est la naring\u00e9nine, un flavono\u00efde biologiquement actif qui r\u00e9gule la r\u00e9ponse inflammatoire des k\u00e9ratinocytes, normalise la microcirculation dans les tissus enflamm\u00e9s et aide \u00e0 r\u00e9duire les rougeurs persistantes. Ce composant diminue la r\u00e9activit\u00e9 de la peau, att\u00e9nue les r\u00e9actions allergiques et offre une protection contre l&rsquo;exposition nocive aux UV.<\/p>\n<p data-start=\"785\" data-end=\"1149\">Les extraits de Centella asiatica et de th\u00e9 vert ont des effets apaisants et antioxydants et contribuent \u00e0 renforcer les parois capillaires. La mucine d&rsquo;escargot, l&rsquo;acide hyaluronique et un complexe d&rsquo;acides amin\u00e9s hydratants restaurent la barri\u00e8re hydrolipidique, am\u00e9liorent l&rsquo;\u00e9lasticit\u00e9 de la peau et augmentent les niveaux d&rsquo;hydratation. Le peptide Acetyl Tetrapeptide-15 r\u00e9duit la sensibilit\u00e9 de la peau et am\u00e9liore la tol\u00e9rance.<\/p>\n<p data-start=\"1151\" data-end=\"1328\"><strong data-start=\"1151\" data-end=\"1168\">Principaux b\u00e9n\u00e9fices :<\/strong><br data-start=\"1168\" data-end=\"1171\" \/>&#8211; R\u00e9duit les rougeurs et l&rsquo;inflammation<br data-start=\"1205\" data-end=\"1208\" \/>&#8211; Renforce les capillaires<br data-start=\"1233\" data-end=\"1236\" \/>&#8211; Prot\u00e8ge les peaux sensibles<br data-start=\"1261\" data-end=\"1264\" \/>&#8211; Restaure la fonction de barri\u00e8re<br data-start=\"1291\" data-end=\"1294\" \/>&#8211; Hydrate et augmente le confort<\/p>\n<p data-start=\"1330\" data-end=\"1491\"><strong data-start=\"1330\" data-end=\"1353\">Mode d&#8217;emploi :<\/strong><br data-start=\"1353\" data-end=\"1356\" \/>Appliquer matin et soir sur la peau nettoy\u00e9e du visage et du cou. Recommand\u00e9 en combinaison avec une cr\u00e8me (art. 10037, 10039).<\/p>\n<p data-start=\"1330\" data-end=\"1491\"><span data-sheets-root=\"1\"><strong>Ingr\u00e9dients :<\/strong> Aqua (Eau), Glyc\u00e9rine, Glyc\u00e9ryl Glucoside, Mucine d&rsquo;escargot, Extraits : Centella Asiatica, Th\u00e9 vert, ur\u00e9e, caf\u00e9ine, D-Panth\u00e9nol, huile d&rsquo;avocat, acide hyaluronique, acide lactique, rutine, ac\u00e9tate de tocoph\u00e9rol, valine, lysine, s\u00e9rine, butyl\u00e8ne glycol, prot\u00e9ine d&rsquo;avoine hydrolys\u00e9e, niacinamide, triphosphate d&rsquo;ad\u00e9nosine, mannitol, citrate de sodium, ac\u00e9tyl t\u00e9trapeptide-15, t\u00e9trasodium t\u00e9tracarboxym\u00e9thyl narginin chalcone, composition parfum\u00e9e.<\/span><\/p>\n","protected":false},"excerpt":{"rendered":"<p>Une \u00e9mulsion-s\u00e9rum professionnelle con\u00e7ue pour les peaux sensibles sujettes \u00e0 la couperose et \u00e0 la rosac\u00e9e. La formule vise \u00e0 r\u00e9duire les r\u00e9actions inflammatoires, les rougeurs et les manifestations vasculaires, tout en prot\u00e9geant la peau des agressions ext\u00e9rieures. Le principal ingr\u00e9dient actif est la naring\u00e9nine, un flavono\u00efde biologiquement actif qui r\u00e9gule la r\u00e9ponse inflammatoire des [&hellip;]<\/p>\n","protected":false},"featured_media":7765,"comment_status":"open","ping_status":"closed","template":"","meta":[],"product_brand":[60],"product_cat":[118],"product_tag":[],"class_list":{"0":"post-7764","1":"product","2":"type-product","3":"status-publish","4":"has-post-thumbnail","6":"product_brand-apricot-line","7":"product_cat-apricot-line-cosmetiques-pour-peaux-sensibles-a-la-couperose","9":"first","10":"instock","11":"shipping-taxable","12":"purchasable","13":"product-type-simple"},"aioseo_notices":[],"_links":{"self":[{"href":"https:\/\/pelartlabbenelux.com\/fr\/wp-json\/wp\/v2\/product\/7764","targetHints":{"allow":["GET"]}}],"collection":[{"href":"https:\/\/pelartlabbenelux.com\/fr\/wp-json\/wp\/v2\/product"}],"about":[{"href":"https:\/\/pelartlabbenelux.com\/fr\/wp-json\/wp\/v2\/types\/product"}],"replies":[{"embeddable":true,"href":"https:\/\/pelartlabbenelux.com\/fr\/wp-json\/wp\/v2\/comments?post=7764"}],"version-history":[{"count":1,"href":"https:\/\/pelartlabbenelux.com\/fr\/wp-json\/wp\/v2\/product\/7764\/revisions"}],"predecessor-version":[{"id":10282,"href":"https:\/\/pelartlabbenelux.com\/fr\/wp-json\/wp\/v2\/product\/7764\/revisions\/10282"}],"wp:featuredmedia":[{"embeddable":true,"href":"https:\/\/pelartlabbenelux.com\/fr\/wp-json\/wp\/v2\/media\/7765"}],"wp:attachment":[{"href":"https:\/\/pelartlabbenelux.com\/fr\/wp-json\/wp\/v2\/media?parent=7764"}],"wp:term":[{"taxonomy":"product_brand","embeddable":true,"href":"https:\/\/pelartlabbenelux.com\/fr\/wp-json\/wp\/v2\/product_brand?post=7764"},{"taxonomy":"product_cat","embeddable":true,"href":"https:\/\/pelartlabbenelux.com\/fr\/wp-json\/wp\/v2\/product_cat?post=7764"},{"taxonomy":"product_tag","embeddable":true,"href":"https:\/\/pelartlabbenelux.com\/fr\/wp-json\/wp\/v2\/product_tag?post=7764"}],"curies":[{"name":"wp","href":"https:\/\/api.w.org\/{rel}","templated":true}]}}