{"id":7762,"date":"2026-01-28T16:10:30","date_gmt":"2026-01-28T16:10:30","guid":{"rendered":"https:\/\/pelartlabbenelux.com\/product\/peeling-anti-age-jaune-retinol-forte-complexes-de-fruits-et-dacides-30-ml\/"},"modified":"2026-02-04T16:01:53","modified_gmt":"2026-02-04T16:01:53","slug":"peeling-anti-age-jaune-retinol-forte-complexes-de-fruits-et-dacides-30-ml","status":"publish","type":"product","link":"https:\/\/pelartlabbenelux.com\/fr\/produit\/peeling-anti-age-jaune-retinol-forte-complexes-de-fruits-et-dacides-30-ml\/","title":{"rendered":"Peeling anti-\u00e2ge Jaune R\u00e9tinol Forte Complexes de fruits et d&rsquo;acides, 30 ml"},"content":{"rendered":"<p data-start=\"172\" data-end=\"456\">Peeling professionnel intensif anti-\u00e2ge superficiel au r\u00e9tinol con\u00e7u pour une exfoliation contr\u00f4l\u00e9e et une stimulation du renouvellement actif de la peau. La formule associe le r\u00e9tinol \u00e0 un complexe d&rsquo;acides pour corriger les signes du chronovieillissement et du photovieillissement, les irr\u00e9gularit\u00e9s du teint, l&rsquo;acn\u00e9 et les modifications post-acn\u00e9iques.<\/p>\n<p data-start=\"458\" data-end=\"957\">La combinaison stable de r\u00e9tinol et d&rsquo;acides renforce l&rsquo;activit\u00e9 des composants cl\u00e9s, favorise une r\u00e9g\u00e9n\u00e9ration intensive de la peau, am\u00e9liore la texture et le tonus, et r\u00e9duit l&rsquo;apparence de la pigmentation. Les acides glycolique et lactique assurent une exfoliation efficace et am\u00e9liorent le microrelief de la peau. L&rsquo;acide salicylique aide \u00e0 normaliser la k\u00e9ratinisation et soutient les peaux sujettes \u00e0 l&rsquo;acn\u00e9. L&rsquo;acide az\u00e9la\u00efque contribue \u00e0 la correction du teint et \u00e0 la r\u00e9duction des \u00e9l\u00e9ments inflammatoires. Le peeling favorise le renouvellement et le rajeunissement visibles de la peau.<\/p>\n<p data-start=\"959\" data-end=\"971\"><strong>Effets cl\u00e9s :<\/strong><\/p>\n<p data-start=\"973\" data-end=\"1206\">&#8211; exfoliation et renouvellement intensifs de la peau<br data-start=\"1013\" data-end=\"1016\" \/>&#8211; r\u00e9duction des signes li\u00e9s \u00e0 l&rsquo;\u00e2ge et au photovieillissement<br data-start=\"1063\" data-end=\"1066\" \/>&#8211; am\u00e9lioration de la texture et du teint de la peau<br data-start=\"1104\" data-end=\"1107\" \/>&#8211; correction de la pigmentation, de l&rsquo;acn\u00e9 et des marques post-acn\u00e9iques<br data-start=\"1162\" data-end=\"1165\" \/>&#8211; stimulation des processus de r\u00e9g\u00e9n\u00e9ration<\/p>\n<p data-start=\"1208\" data-end=\"1219\"><strong>Mode d&#8217;emploi :<\/strong><br \/>\nR\u00e9serv\u00e9 \u00e0 un usage professionnel. Appliquer strictement selon le protocole du sp\u00e9cialiste.<\/p>\n<p data-start=\"1304\" data-end=\"1316\"><strong>Ingr\u00e9dients :<\/strong><br \/>\nAqua (Eau), Alcohol Denat, Glycerin, Trichloroacetic Acid, Salicylic Acid, Caprylic\/Capric Triglycerides, Retinol, Azelaic Acid, Hydroxyethylcellulose, Glycolic Acid, Lactic Acid, Butylated Hydroxytoluene.<\/p>\n","protected":false},"excerpt":{"rendered":"<p>Peeling professionnel intensif anti-\u00e2ge superficiel au r\u00e9tinol con\u00e7u pour une exfoliation contr\u00f4l\u00e9e et une stimulation du renouvellement actif de la peau. La formule associe le r\u00e9tinol \u00e0 un complexe d&rsquo;acides pour corriger les signes du chronovieillissement et du photovieillissement, les irr\u00e9gularit\u00e9s du teint, l&rsquo;acn\u00e9 et les modifications post-acn\u00e9iques. La combinaison stable de r\u00e9tinol et d&rsquo;acides [&hellip;]<\/p>\n","protected":false},"featured_media":7763,"comment_status":"open","ping_status":"closed","template":"","meta":[],"product_brand":[72],"product_cat":[119],"product_tag":[120],"class_list":{"0":"post-7762","1":"product","2":"type-product","3":"status-publish","4":"has-post-thumbnail","6":"product_brand-fruit-and-acid-complexes","7":"product_cat-laboratoire-azidoak-pelart-ligne-de-peeling-professionnel","8":"product_tag-enregistrez-vous-en-tant-que-cosmetologue-pour-acheter-cet-article","10":"first","11":"instock","12":"shipping-taxable","13":"product-type-simple"},"aioseo_notices":[],"_links":{"self":[{"href":"https:\/\/pelartlabbenelux.com\/fr\/wp-json\/wp\/v2\/product\/7762","targetHints":{"allow":["GET"]}}],"collection":[{"href":"https:\/\/pelartlabbenelux.com\/fr\/wp-json\/wp\/v2\/product"}],"about":[{"href":"https:\/\/pelartlabbenelux.com\/fr\/wp-json\/wp\/v2\/types\/product"}],"replies":[{"embeddable":true,"href":"https:\/\/pelartlabbenelux.com\/fr\/wp-json\/wp\/v2\/comments?post=7762"}],"version-history":[{"count":1,"href":"https:\/\/pelartlabbenelux.com\/fr\/wp-json\/wp\/v2\/product\/7762\/revisions"}],"predecessor-version":[{"id":7814,"href":"https:\/\/pelartlabbenelux.com\/fr\/wp-json\/wp\/v2\/product\/7762\/revisions\/7814"}],"wp:featuredmedia":[{"embeddable":true,"href":"https:\/\/pelartlabbenelux.com\/fr\/wp-json\/wp\/v2\/media\/7763"}],"wp:attachment":[{"href":"https:\/\/pelartlabbenelux.com\/fr\/wp-json\/wp\/v2\/media?parent=7762"}],"wp:term":[{"taxonomy":"product_brand","embeddable":true,"href":"https:\/\/pelartlabbenelux.com\/fr\/wp-json\/wp\/v2\/product_brand?post=7762"},{"taxonomy":"product_cat","embeddable":true,"href":"https:\/\/pelartlabbenelux.com\/fr\/wp-json\/wp\/v2\/product_cat?post=7762"},{"taxonomy":"product_tag","embeddable":true,"href":"https:\/\/pelartlabbenelux.com\/fr\/wp-json\/wp\/v2\/product_tag?post=7762"}],"curies":[{"name":"wp","href":"https:\/\/api.w.org\/{rel}","templated":true}]}}