{"id":7758,"date":"2026-01-28T16:10:30","date_gmt":"2026-01-28T16:10:30","guid":{"rendered":"https:\/\/pelartlabbenelux.com\/product\/peeling-anti-age-carnopeel-complexes-de-fruits-et-dacides-30-ml\/"},"modified":"2026-02-04T16:02:46","modified_gmt":"2026-02-04T16:02:46","slug":"peeling-anti-age-carnopeel-complexes-de-fruits-et-dacides-30-ml","status":"publish","type":"product","link":"https:\/\/pelartlabbenelux.com\/fr\/produit\/peeling-anti-age-carnopeel-complexes-de-fruits-et-dacides-30-ml\/","title":{"rendered":"Peeling anti-\u00e2ge CarnoPEEL Complexes de fruits et d&rsquo;acides, 30 ml"},"content":{"rendered":"<p data-start=\"140\" data-end=\"389\">Peeling professionnel superficiel con\u00e7u pour une exfoliation contr\u00f4l\u00e9e, un nettoyage en profondeur des pores et une stimulation du renouvellement de l&rsquo;\u00e9piderme. Le complexe d&rsquo;acides assure une action k\u00e9ratolytique efficace, am\u00e9liore la texture de la peau et favorise un rajeunissement intensif de la peau.<\/p>\n<p data-start=\"391\" data-end=\"941\">L&rsquo;acide salicylique assure un nettoyage en profondeur des pores et r\u00e9gule l&rsquo;activit\u00e9 s\u00e9bac\u00e9e. Les acides glycolique et lactique favorisent une exfoliation uniforme, am\u00e9liorent le renouvellement de la peau, la tonicit\u00e9 et le microrelief. L&rsquo;ur\u00e9e intensifie l&rsquo;hydratation et l&rsquo;adoucissement de la peau, r\u00e9duit le risque d&rsquo;irritation et apporte du confort apr\u00e8s la proc\u00e9dure. La formule favorise la synth\u00e8se du collag\u00e8ne et de l&rsquo;\u00e9lastine, contribuant \u00e0 augmenter la fermet\u00e9 de la peau et \u00e0 r\u00e9duire l&rsquo;apparence des rides fines. Il est recommand\u00e9 de l&rsquo;utiliser en combinaison avec la th\u00e9rapie enzymatique pour obtenir un effet rajeunissant prononc\u00e9.<\/p>\n<p data-start=\"943\" data-end=\"955\"><strong>Effets cl\u00e9s :<br \/>\n<\/strong>&#8211; exfoliation contr\u00f4l\u00e9e de la couche corn\u00e9e<br data-start=\"1004\" data-end=\"1007\" \/>&#8211; nettoyage en profondeur des pores et renouvellement de l&rsquo;\u00e9piderme<br data-start=\"1057\" data-end=\"1060\" \/>&#8211; stimulation de la synth\u00e8se du collag\u00e8ne et de l&rsquo;\u00e9lastine<br data-start=\"1107\" data-end=\"1110\" \/>&#8211; augmentation de la fermet\u00e9 et de l&rsquo;\u00e9lasticit\u00e9 de la peau<br data-start=\"1150\" data-end=\"1153\" \/>&#8211; r\u00e9duction des rides fines et de la texture irr\u00e9guli\u00e8re<br data-start=\"1200\" data-end=\"1203\" \/>&#8211; am\u00e9lioration de l&rsquo;hydratation et du confort post-proc\u00e9dure<\/p>\n<p data-start=\"1254\" data-end=\"1265\"><strong>Mode d&#8217;emploi :<br \/>\n<\/strong>R\u00e9serv\u00e9 \u00e0 un usage professionnel. Appliquer strictement selon le protocole du sp\u00e9cialiste.<\/p>\n<p data-start=\"1350\" data-end=\"1362\"><strong>Ingr\u00e9dients :<br \/>\n<\/strong>Alcool d\u00e9natur\u00e9, Aqua (eau), Propyl\u00e8ne Glycol, Glyc\u00e9rine, Acide salicylique, Ur\u00e9e, Acide glycolique, Acide lactique, Hydroxy\u00e9thylcellulose, Vanillyl Butyl Ether.<\/p>\n","protected":false},"excerpt":{"rendered":"<p>Peeling professionnel superficiel con\u00e7u pour une exfoliation contr\u00f4l\u00e9e, un nettoyage en profondeur des pores et une stimulation du renouvellement de l&rsquo;\u00e9piderme. Le complexe d&rsquo;acides assure une action k\u00e9ratolytique efficace, am\u00e9liore la texture de la peau et favorise un rajeunissement intensif de la peau. L&rsquo;acide salicylique assure un nettoyage en profondeur des pores et r\u00e9gule l&rsquo;activit\u00e9 [&hellip;]<\/p>\n","protected":false},"featured_media":7759,"comment_status":"open","ping_status":"closed","template":"","meta":[],"product_brand":[72],"product_cat":[119],"product_tag":[120],"class_list":{"0":"post-7758","1":"product","2":"type-product","3":"status-publish","4":"has-post-thumbnail","6":"product_brand-fruit-and-acid-complexes","7":"product_cat-laboratoire-azidoak-pelart-ligne-de-peeling-professionnel","8":"product_tag-enregistrez-vous-en-tant-que-cosmetologue-pour-acheter-cet-article","10":"first","11":"instock","12":"shipping-taxable","13":"product-type-simple"},"aioseo_notices":[],"_links":{"self":[{"href":"https:\/\/pelartlabbenelux.com\/fr\/wp-json\/wp\/v2\/product\/7758","targetHints":{"allow":["GET"]}}],"collection":[{"href":"https:\/\/pelartlabbenelux.com\/fr\/wp-json\/wp\/v2\/product"}],"about":[{"href":"https:\/\/pelartlabbenelux.com\/fr\/wp-json\/wp\/v2\/types\/product"}],"replies":[{"embeddable":true,"href":"https:\/\/pelartlabbenelux.com\/fr\/wp-json\/wp\/v2\/comments?post=7758"}],"version-history":[{"count":1,"href":"https:\/\/pelartlabbenelux.com\/fr\/wp-json\/wp\/v2\/product\/7758\/revisions"}],"predecessor-version":[{"id":7816,"href":"https:\/\/pelartlabbenelux.com\/fr\/wp-json\/wp\/v2\/product\/7758\/revisions\/7816"}],"wp:featuredmedia":[{"embeddable":true,"href":"https:\/\/pelartlabbenelux.com\/fr\/wp-json\/wp\/v2\/media\/7759"}],"wp:attachment":[{"href":"https:\/\/pelartlabbenelux.com\/fr\/wp-json\/wp\/v2\/media?parent=7758"}],"wp:term":[{"taxonomy":"product_brand","embeddable":true,"href":"https:\/\/pelartlabbenelux.com\/fr\/wp-json\/wp\/v2\/product_brand?post=7758"},{"taxonomy":"product_cat","embeddable":true,"href":"https:\/\/pelartlabbenelux.com\/fr\/wp-json\/wp\/v2\/product_cat?post=7758"},{"taxonomy":"product_tag","embeddable":true,"href":"https:\/\/pelartlabbenelux.com\/fr\/wp-json\/wp\/v2\/product_tag?post=7758"}],"curies":[{"name":"wp","href":"https:\/\/api.w.org\/{rel}","templated":true}]}}