{"id":7756,"date":"2026-01-28T16:09:04","date_gmt":"2026-01-28T16:09:04","guid":{"rendered":"https:\/\/pelartlabbenelux.com\/product\/peeling-anti-age-complexes-de-fruits-et-dacides-10-ml\/"},"modified":"2026-02-04T15:56:28","modified_gmt":"2026-02-04T15:56:28","slug":"peeling-anti-age-complexes-de-fruits-et-dacides-10-ml","status":"publish","type":"product","link":"https:\/\/pelartlabbenelux.com\/fr\/produit\/peeling-anti-age-complexes-de-fruits-et-dacides-10-ml\/","title":{"rendered":"Peeling anti-\u00e2ge Complexes de fruits et d&rsquo;acides, 10 ml"},"content":{"rendered":"<p data-start=\"0\" data-end=\"324\">Peeling professionnel anti-\u00e2ge superficiel con\u00e7u pour corriger les signes du photovieillissement et du vieillissement chronologique de la peau. Le complexe d&rsquo;acides AHA, BHA et PHA vise \u00e0 am\u00e9liorer la tonicit\u00e9 et l&rsquo;\u00e9lasticit\u00e9 de la peau, \u00e0 lisser le microrelief, \u00e0 r\u00e9duire l&rsquo;hyperk\u00e9ratose et \u00e0 pr\u00e9parer la peau aux proc\u00e9dures cosm\u00e9tiques ult\u00e9rieures.<\/p>\n<p data-start=\"326\" data-end=\"713\">L&rsquo;acide glycolique aide \u00e0 corriger les marques post-acn\u00e9iques et stimule le renouvellement de la peau. L&rsquo;acide lactique assure une p\u00e9n\u00e9tration uniforme des principes actifs, active la r\u00e9g\u00e9n\u00e9ration, am\u00e9liore la microcirculation et maintient une hydratation optimale. L&rsquo;acide salicylique renforce l&rsquo;effet des acides AHA et corrige les signes d&rsquo;hyperk\u00e9ratose. La formule est enrichie en Acetyl Hexapeptide-8 pour renforcer l&rsquo;effet anti-\u00e2ge.<\/p>\n<p data-start=\"715\" data-end=\"965\"><strong>Principaux effets :<\/strong><br data-start=\"727\" data-end=\"730\" \/>&#8211; r\u00e9duction des signes de vieillissement et de photodommages<br data-start=\"772\" data-end=\"775\" \/>&#8211; augmentation de la fermet\u00e9 et de l&rsquo;\u00e9lasticit\u00e9 de la peau<br data-start=\"815\" data-end=\"818\" \/>&#8211; lissage du microrelief et de la tonicit\u00e9 de la peau<br data-start=\"858\" data-end=\"861\" \/>&#8211; stimulation du renouvellement et de la r\u00e9g\u00e9n\u00e9ration de la peau<br data-start=\"907\" data-end=\"910\" \/>&#8211; pr\u00e9paration de la peau pour d&rsquo;autres proc\u00e9dures cosm\u00e9tiques<\/p>\n<p data-start=\"967\" data-end=\"1063\" data-is-last-node=\"\" data-is-only-node=\"\"><strong>Mode d&#8217;emploi :<\/strong><br data-start=\"978\" data-end=\"981\" \/>R\u00e9serv\u00e9 \u00e0 un usage professionnel. Appliquer strictement selon le protocole du sp\u00e9cialiste.<\/p>\n<p data-start=\"967\" data-end=\"1063\" data-is-last-node=\"\" data-is-only-node=\"\"><span data-sheets-root=\"1\"><strong>Ingr\u00e9dients :<\/strong><br \/>\nAqua (eau), alcool, acide glycolique, acide lactique, acide phytique, acide citrique, acide salicylique, acide lactobionique, acide kojique, acide tartrique, glyc\u00e9rine, Acetyl Hexapeptide-8, hydroxy\u00e9thylcellulose. <\/span><\/p>\n","protected":false},"excerpt":{"rendered":"<p>Peeling professionnel anti-\u00e2ge superficiel con\u00e7u pour corriger les signes du photovieillissement et du vieillissement chronologique de la peau. Le complexe d&rsquo;acides AHA, BHA et PHA vise \u00e0 am\u00e9liorer la tonicit\u00e9 et l&rsquo;\u00e9lasticit\u00e9 de la peau, \u00e0 lisser le microrelief, \u00e0 r\u00e9duire l&rsquo;hyperk\u00e9ratose et \u00e0 pr\u00e9parer la peau aux proc\u00e9dures cosm\u00e9tiques ult\u00e9rieures. L&rsquo;acide glycolique aide \u00e0 [&hellip;]<\/p>\n","protected":false},"featured_media":7757,"comment_status":"open","ping_status":"closed","template":"","meta":[],"product_brand":[72],"product_cat":[119],"product_tag":[120],"class_list":{"0":"post-7756","1":"product","2":"type-product","3":"status-publish","4":"has-post-thumbnail","6":"product_brand-fruit-and-acid-complexes","7":"product_cat-laboratoire-azidoak-pelart-ligne-de-peeling-professionnel","8":"product_tag-enregistrez-vous-en-tant-que-cosmetologue-pour-acheter-cet-article","10":"first","11":"instock","12":"shipping-taxable","13":"product-type-simple"},"aioseo_notices":[],"_links":{"self":[{"href":"https:\/\/pelartlabbenelux.com\/fr\/wp-json\/wp\/v2\/product\/7756","targetHints":{"allow":["GET"]}}],"collection":[{"href":"https:\/\/pelartlabbenelux.com\/fr\/wp-json\/wp\/v2\/product"}],"about":[{"href":"https:\/\/pelartlabbenelux.com\/fr\/wp-json\/wp\/v2\/types\/product"}],"replies":[{"embeddable":true,"href":"https:\/\/pelartlabbenelux.com\/fr\/wp-json\/wp\/v2\/comments?post=7756"}],"version-history":[{"count":1,"href":"https:\/\/pelartlabbenelux.com\/fr\/wp-json\/wp\/v2\/product\/7756\/revisions"}],"predecessor-version":[{"id":7801,"href":"https:\/\/pelartlabbenelux.com\/fr\/wp-json\/wp\/v2\/product\/7756\/revisions\/7801"}],"wp:featuredmedia":[{"embeddable":true,"href":"https:\/\/pelartlabbenelux.com\/fr\/wp-json\/wp\/v2\/media\/7757"}],"wp:attachment":[{"href":"https:\/\/pelartlabbenelux.com\/fr\/wp-json\/wp\/v2\/media?parent=7756"}],"wp:term":[{"taxonomy":"product_brand","embeddable":true,"href":"https:\/\/pelartlabbenelux.com\/fr\/wp-json\/wp\/v2\/product_brand?post=7756"},{"taxonomy":"product_cat","embeddable":true,"href":"https:\/\/pelartlabbenelux.com\/fr\/wp-json\/wp\/v2\/product_cat?post=7756"},{"taxonomy":"product_tag","embeddable":true,"href":"https:\/\/pelartlabbenelux.com\/fr\/wp-json\/wp\/v2\/product_tag?post=7756"}],"curies":[{"name":"wp","href":"https:\/\/api.w.org\/{rel}","templated":true}]}}