{"id":7754,"date":"2026-01-28T16:10:30","date_gmt":"2026-01-28T16:10:30","guid":{"rendered":"https:\/\/pelartlabbenelux.com\/product\/oxy-peel-complexes-de-fruits-et-dacides-10-ml\/"},"modified":"2026-02-04T16:01:05","modified_gmt":"2026-02-04T16:01:05","slug":"oxy-peel-complexes-de-fruits-et-dacides-10-ml","status":"publish","type":"product","link":"https:\/\/pelartlabbenelux.com\/fr\/produit\/oxy-peel-complexes-de-fruits-et-dacides-10-ml\/","title":{"rendered":"OXY PEEL Complexes de fruits et d&rsquo;acides, 10 ml"},"content":{"rendered":"<p data-path-to-node=\"2\">Peeling professionnel superficiel-bior\u00e9parateur con\u00e7u pour la revitalisation et le renouvellement en profondeur de la peau sans longue p\u00e9riode de r\u00e9adaptation. Cette formule multi-acide stimule efficacement les processus de r\u00e9g\u00e9n\u00e9ration, procurant un effet lifting imm\u00e9diat et am\u00e9liorant la sant\u00e9 globale de la peau.<\/p>\n<p data-path-to-node=\"3\">Le complexe d&rsquo;acides glycolique, lactique et citrique exfolie en douceur la couche corn\u00e9e, stimulant la synth\u00e8se du collag\u00e8ne et de l&rsquo;\u00e9lastine. Les acides tartrique et kojique ciblent l&rsquo;hyperpigmentation, unifient le teint de la peau et lui redonnent un \u00e9clat sain. L&rsquo;acide salicylique nettoie les pores en profondeur et favorise la p\u00e9n\u00e9tration des composants actifs. La formule est enrichie en prot\u00e9ines de soja hydrolys\u00e9es, qui exercent un puissant effet r\u00e9parateur, renforcent la barri\u00e8re cutan\u00e9e et stimulent l&rsquo;\u00e9lasticit\u00e9.<\/p>\n<p data-path-to-node=\"4\"><b data-path-to-node=\"4\" data-index-in-node=\"0\">Principaux effets :<\/b><br \/>\n&#8211; lifting prononc\u00e9 et raffermissement de la peau<br \/>\n&#8211; stimulation de la r\u00e9g\u00e9n\u00e9ration et de la r\u00e9paration de la peau en profondeur<br \/>\n&#8211; am\u00e9lioration de la douceur de la peau et du microrelief<br \/>\n&#8211; restauration d&rsquo;un teint sain et uniforme<br \/>\n&#8211; pas de temps d&rsquo;arr\u00eat ni de dommages visibles sur la peau<\/p>\n<p data-path-to-node=\"5\"><b data-path-to-node=\"5\" data-index-in-node=\"0\">Mode d&#8217;emploi :<\/b> R\u00e9serv\u00e9 \u00e0 un usage professionnel. Appliquer strictement selon le protocole du sp\u00e9cialiste.<\/p>\n<p data-path-to-node=\"6\"><b data-path-to-node=\"6\" data-index-in-node=\"0\">Ingr\u00e9dients :<\/b> Aqua (eau), acide glycolique, acide lactique, propyl\u00e8ne glycol, acide citrique, acide tartrique, acide kojique, acide salicylique, alcool, butyl\u00e8ne glycol, Dimonium Hydroxypropyl Hydrolyzed Soy Protein.<\/p>\n","protected":false},"excerpt":{"rendered":"<p>Peeling professionnel superficiel-bior\u00e9parateur con\u00e7u pour la revitalisation et le renouvellement en profondeur de la peau sans longue p\u00e9riode de r\u00e9adaptation. Cette formule multi-acide stimule efficacement les processus de r\u00e9g\u00e9n\u00e9ration, procurant un effet lifting imm\u00e9diat et am\u00e9liorant la sant\u00e9 globale de la peau. Le complexe d&rsquo;acides glycolique, lactique et citrique exfolie en douceur la couche corn\u00e9e, [&hellip;]<\/p>\n","protected":false},"featured_media":7755,"comment_status":"open","ping_status":"closed","template":"","meta":[],"product_brand":[72],"product_cat":[119],"product_tag":[120],"class_list":{"0":"post-7754","1":"product","2":"type-product","3":"status-publish","4":"has-post-thumbnail","6":"product_brand-fruit-and-acid-complexes","7":"product_cat-laboratoire-azidoak-pelart-ligne-de-peeling-professionnel","8":"product_tag-enregistrez-vous-en-tant-que-cosmetologue-pour-acheter-cet-article","10":"first","11":"instock","12":"shipping-taxable","13":"product-type-simple"},"aioseo_notices":[],"_links":{"self":[{"href":"https:\/\/pelartlabbenelux.com\/fr\/wp-json\/wp\/v2\/product\/7754","targetHints":{"allow":["GET"]}}],"collection":[{"href":"https:\/\/pelartlabbenelux.com\/fr\/wp-json\/wp\/v2\/product"}],"about":[{"href":"https:\/\/pelartlabbenelux.com\/fr\/wp-json\/wp\/v2\/types\/product"}],"replies":[{"embeddable":true,"href":"https:\/\/pelartlabbenelux.com\/fr\/wp-json\/wp\/v2\/comments?post=7754"}],"version-history":[{"count":1,"href":"https:\/\/pelartlabbenelux.com\/fr\/wp-json\/wp\/v2\/product\/7754\/revisions"}],"predecessor-version":[{"id":7813,"href":"https:\/\/pelartlabbenelux.com\/fr\/wp-json\/wp\/v2\/product\/7754\/revisions\/7813"}],"wp:featuredmedia":[{"embeddable":true,"href":"https:\/\/pelartlabbenelux.com\/fr\/wp-json\/wp\/v2\/media\/7755"}],"wp:attachment":[{"href":"https:\/\/pelartlabbenelux.com\/fr\/wp-json\/wp\/v2\/media?parent=7754"}],"wp:term":[{"taxonomy":"product_brand","embeddable":true,"href":"https:\/\/pelartlabbenelux.com\/fr\/wp-json\/wp\/v2\/product_brand?post=7754"},{"taxonomy":"product_cat","embeddable":true,"href":"https:\/\/pelartlabbenelux.com\/fr\/wp-json\/wp\/v2\/product_cat?post=7754"},{"taxonomy":"product_tag","embeddable":true,"href":"https:\/\/pelartlabbenelux.com\/fr\/wp-json\/wp\/v2\/product_tag?post=7754"}],"curies":[{"name":"wp","href":"https:\/\/api.w.org\/{rel}","templated":true}]}}