{"id":7752,"date":"2026-01-28T16:09:04","date_gmt":"2026-01-28T16:09:04","guid":{"rendered":"https:\/\/pelartlabbenelux.com\/product\/peeling-eclaircissant-complexes-de-fruits-et-dacides-10-ml\/"},"modified":"2026-02-04T15:56:51","modified_gmt":"2026-02-04T15:56:51","slug":"peeling-eclaircissant-complexes-de-fruits-et-dacides-10-ml","status":"publish","type":"product","link":"https:\/\/pelartlabbenelux.com\/fr\/produit\/peeling-eclaircissant-complexes-de-fruits-et-dacides-10-ml\/","title":{"rendered":"Peeling \u00e9claircissant Complexes de fruits et d&rsquo;acides, 10 ml"},"content":{"rendered":"<p data-start=\"0\" data-end=\"311\">Peeling professionnel \u00e9claircissant superficiel con\u00e7u pour corriger l&rsquo;hyperpigmentation, le teint in\u00e9gal et les signes du photovieillissement et du vieillissement chronologique. Le complexe multifonctionnel d&rsquo;acides AHA, BHA et PHA favorise le renouvellement de l&rsquo;\u00e9piderme, lisse le microrelief et pr\u00e9pare la peau aux proc\u00e9dures cosm\u00e9tiques ult\u00e9rieures.<\/p>\n<p data-start=\"313\" data-end=\"781\">L&rsquo;acide glycolique traite efficacement les marques post-acn\u00e9iques et le teint terne. L&rsquo;acide lactique assure une p\u00e9n\u00e9tration uniforme des principes actifs, stimule le renouvellement cellulaire, am\u00e9liore la microcirculation et maintient une hydratation optimale. Les acides kojique et phytique ont un effet \u00e9claircissant prononc\u00e9 et contribuent \u00e0 r\u00e9duire les taches pigmentaires. L&rsquo;acide salicylique am\u00e9liore l&rsquo;exfoliation et corrige l&rsquo;hyperk\u00e9ratose. La formule est enrichie en Acetyl Hexapeptide-8 pour renforcer l&rsquo;effet anti-\u00e2ge.<\/p>\n<p data-start=\"783\" data-end=\"1045\"><strong>Principaux effets :<\/strong><br data-start=\"795\" data-end=\"798\" \/>&#8211; \u00e9claircissement de la pigmentation et uniformisation du teint<br data-start=\"852\" data-end=\"855\" \/>&#8211; am\u00e9lioration de la texture de la peau et microrelief<br data-start=\"900\" data-end=\"903\" \/>&#8211; stimulation du renouvellement et de la r\u00e9g\u00e9n\u00e9ration de la peau<br data-start=\"949\" data-end=\"952\" \/>&#8211; augmentation de la fermet\u00e9 et de l&rsquo;\u00e9lasticit\u00e9<br data-start=\"987\" data-end=\"990\" \/>&#8211; pr\u00e9paration de la peau pour d&rsquo;autres proc\u00e9dures cosm\u00e9tiques<\/p>\n<p data-start=\"1047\" data-end=\"1143\" data-is-last-node=\"\" data-is-only-node=\"\"><strong>Mode d&#8217;emploi :<\/strong><br data-start=\"1058\" data-end=\"1061\" \/>R\u00e9serv\u00e9 \u00e0 un usage professionnel. Appliquer strictement selon le protocole du sp\u00e9cialiste.<\/p>\n<p data-start=\"1047\" data-end=\"1143\" data-is-last-node=\"\" data-is-only-node=\"\"><span data-sheets-root=\"1\"><strong>Ingr\u00e9dients :<\/strong><br \/>\nAqua (eau), alcool, acide glycolique, acide lactique, acide phytique, acide citrique, acide salicylique, acide lactobionique, acide kojique, acide tartrique, glyc\u00e9rine, Acetyl Hexapeptide-8, hydroxy\u00e9thylcellulose. <\/span><\/p>\n","protected":false},"excerpt":{"rendered":"<p>Peeling professionnel \u00e9claircissant superficiel con\u00e7u pour corriger l&rsquo;hyperpigmentation, le teint in\u00e9gal et les signes du photovieillissement et du vieillissement chronologique. Le complexe multifonctionnel d&rsquo;acides AHA, BHA et PHA favorise le renouvellement de l&rsquo;\u00e9piderme, lisse le microrelief et pr\u00e9pare la peau aux proc\u00e9dures cosm\u00e9tiques ult\u00e9rieures. L&rsquo;acide glycolique traite efficacement les marques post-acn\u00e9iques et le teint terne. [&hellip;]<\/p>\n","protected":false},"featured_media":7753,"comment_status":"open","ping_status":"closed","template":"","meta":[],"product_brand":[72],"product_cat":[119],"product_tag":[120],"class_list":{"0":"post-7752","1":"product","2":"type-product","3":"status-publish","4":"has-post-thumbnail","6":"product_brand-fruit-and-acid-complexes","7":"product_cat-laboratoire-azidoak-pelart-ligne-de-peeling-professionnel","8":"product_tag-enregistrez-vous-en-tant-que-cosmetologue-pour-acheter-cet-article","10":"first","11":"instock","12":"shipping-taxable","13":"product-type-simple"},"aioseo_notices":[],"_links":{"self":[{"href":"https:\/\/pelartlabbenelux.com\/fr\/wp-json\/wp\/v2\/product\/7752","targetHints":{"allow":["GET"]}}],"collection":[{"href":"https:\/\/pelartlabbenelux.com\/fr\/wp-json\/wp\/v2\/product"}],"about":[{"href":"https:\/\/pelartlabbenelux.com\/fr\/wp-json\/wp\/v2\/types\/product"}],"replies":[{"embeddable":true,"href":"https:\/\/pelartlabbenelux.com\/fr\/wp-json\/wp\/v2\/comments?post=7752"}],"version-history":[{"count":1,"href":"https:\/\/pelartlabbenelux.com\/fr\/wp-json\/wp\/v2\/product\/7752\/revisions"}],"predecessor-version":[{"id":7802,"href":"https:\/\/pelartlabbenelux.com\/fr\/wp-json\/wp\/v2\/product\/7752\/revisions\/7802"}],"wp:featuredmedia":[{"embeddable":true,"href":"https:\/\/pelartlabbenelux.com\/fr\/wp-json\/wp\/v2\/media\/7753"}],"wp:attachment":[{"href":"https:\/\/pelartlabbenelux.com\/fr\/wp-json\/wp\/v2\/media?parent=7752"}],"wp:term":[{"taxonomy":"product_brand","embeddable":true,"href":"https:\/\/pelartlabbenelux.com\/fr\/wp-json\/wp\/v2\/product_brand?post=7752"},{"taxonomy":"product_cat","embeddable":true,"href":"https:\/\/pelartlabbenelux.com\/fr\/wp-json\/wp\/v2\/product_cat?post=7752"},{"taxonomy":"product_tag","embeddable":true,"href":"https:\/\/pelartlabbenelux.com\/fr\/wp-json\/wp\/v2\/product_tag?post=7752"}],"curies":[{"name":"wp","href":"https:\/\/api.w.org\/{rel}","templated":true}]}}