{"id":7749,"date":"2026-01-28T16:09:04","date_gmt":"2026-01-28T16:09:04","guid":{"rendered":"https:\/\/pelartlabbenelux.com\/product\/peeling-a-lacide-pyruvique-pyruvate-complexes-de-fruits-et-dacides-10-ml\/"},"modified":"2026-02-04T15:57:06","modified_gmt":"2026-02-04T15:57:06","slug":"peeling-a-lacide-pyruvique-pyruvate-complexes-de-fruits-et-dacides-10-ml","status":"publish","type":"product","link":"https:\/\/pelartlabbenelux.com\/fr\/produit\/peeling-a-lacide-pyruvique-pyruvate-complexes-de-fruits-et-dacides-10-ml\/","title":{"rendered":"Peeling \u00e0 l&rsquo;acide pyruvique PYRUVATE Complexes de fruits et d&rsquo;acides, 10 ml"},"content":{"rendered":"<p data-start=\"0\" data-end=\"250\">Peeling professionnel superficiel \u00e0 base d&rsquo;acide pyruvique, qui a une forte p\u00e9n\u00e9tration gr\u00e2ce \u00e0 sa petite taille mol\u00e9culaire et \u00e0 sa forte lipophilie. Offre une profondeur d&rsquo;action contr\u00f4l\u00e9e, un renouvellement intensif de la peau et un effet s\u00e9bor\u00e9gulateur prononc\u00e9.<\/p>\n<p data-start=\"252\" data-end=\"629\">L&rsquo;acide pyruvique est un composant du facteur naturel d&rsquo;hydratation de la peau, favorisant l&rsquo;hydratation profonde de l&rsquo;\u00e9piderme et r\u00e9duisant la coh\u00e9sion des corn\u00e9ocytes sans risque d&rsquo;irritation. Il poss\u00e8de des propri\u00e9t\u00e9s antiseptiques, bact\u00e9riostatiques, com\u00e9dolytiques et d\u00e9pigmentantes. Il stimule activement la synth\u00e8se du collag\u00e8ne, de l&rsquo;\u00e9lastine et des glycoprot\u00e9ines dermiques, am\u00e9liorant ainsi la texture de la peau et unifiant le teint.<\/p>\n<p data-start=\"631\" data-end=\"766\">La formule est enrichie d&rsquo;acide lactique, de panth\u00e9nol et d&rsquo;allanto\u00efne pour am\u00e9liorer le confort de la proc\u00e9dure et soutenir les processus de r\u00e9cup\u00e9ration de la peau.<\/p>\n<p data-start=\"768\" data-end=\"995\"><strong>Principaux effets :<\/strong><br data-start=\"780\" data-end=\"783\" \/>&#8211; renouvellement intensif de la peau et exfoliation<br data-start=\"823\" data-end=\"826\" \/>&#8211; normalisation de la production de s\u00e9bum<br data-start=\"861\" data-end=\"864\" \/>&#8211; am\u00e9lioration de la texture et du teint de la peau<br data-start=\"902\" data-end=\"905\" \/>&#8211; stimulation de la synth\u00e8se du collag\u00e8ne et de l&rsquo;\u00e9lastine<br data-start=\"952\" data-end=\"955\" \/>&#8211; hydratation et augmentation de la densit\u00e9 de la peau<\/p>\n<p data-start=\"997\" data-end=\"1093\" data-is-last-node=\"\" data-is-only-node=\"\"><strong>Mode d&#8217;emploi :<\/strong><br data-start=\"1008\" data-end=\"1011\" \/>R\u00e9serv\u00e9 \u00e0 un usage professionnel. Appliquer strictement selon le protocole du sp\u00e9cialiste.<\/p>\n","protected":false},"excerpt":{"rendered":"<p>Peeling professionnel superficiel \u00e0 base d&rsquo;acide pyruvique, qui a une forte p\u00e9n\u00e9tration gr\u00e2ce \u00e0 sa petite taille mol\u00e9culaire et \u00e0 sa forte lipophilie. Offre une profondeur d&rsquo;action contr\u00f4l\u00e9e, un renouvellement intensif de la peau et un effet s\u00e9bor\u00e9gulateur prononc\u00e9. L&rsquo;acide pyruvique est un composant du facteur naturel d&rsquo;hydratation de la peau, favorisant l&rsquo;hydratation profonde de [&hellip;]<\/p>\n","protected":false},"featured_media":7751,"comment_status":"open","ping_status":"closed","template":"","meta":[],"product_brand":[72],"product_cat":[119],"product_tag":[120],"class_list":{"0":"post-7749","1":"product","2":"type-product","3":"status-publish","4":"has-post-thumbnail","6":"product_brand-fruit-and-acid-complexes","7":"product_cat-laboratoire-azidoak-pelart-ligne-de-peeling-professionnel","8":"product_tag-enregistrez-vous-en-tant-que-cosmetologue-pour-acheter-cet-article","10":"first","11":"instock","12":"shipping-taxable","13":"product-type-simple"},"aioseo_notices":[],"_links":{"self":[{"href":"https:\/\/pelartlabbenelux.com\/fr\/wp-json\/wp\/v2\/product\/7749","targetHints":{"allow":["GET"]}}],"collection":[{"href":"https:\/\/pelartlabbenelux.com\/fr\/wp-json\/wp\/v2\/product"}],"about":[{"href":"https:\/\/pelartlabbenelux.com\/fr\/wp-json\/wp\/v2\/types\/product"}],"replies":[{"embeddable":true,"href":"https:\/\/pelartlabbenelux.com\/fr\/wp-json\/wp\/v2\/comments?post=7749"}],"version-history":[{"count":1,"href":"https:\/\/pelartlabbenelux.com\/fr\/wp-json\/wp\/v2\/product\/7749\/revisions"}],"predecessor-version":[{"id":7803,"href":"https:\/\/pelartlabbenelux.com\/fr\/wp-json\/wp\/v2\/product\/7749\/revisions\/7803"}],"wp:featuredmedia":[{"embeddable":true,"href":"https:\/\/pelartlabbenelux.com\/fr\/wp-json\/wp\/v2\/media\/7751"}],"wp:attachment":[{"href":"https:\/\/pelartlabbenelux.com\/fr\/wp-json\/wp\/v2\/media?parent=7749"}],"wp:term":[{"taxonomy":"product_brand","embeddable":true,"href":"https:\/\/pelartlabbenelux.com\/fr\/wp-json\/wp\/v2\/product_brand?post=7749"},{"taxonomy":"product_cat","embeddable":true,"href":"https:\/\/pelartlabbenelux.com\/fr\/wp-json\/wp\/v2\/product_cat?post=7749"},{"taxonomy":"product_tag","embeddable":true,"href":"https:\/\/pelartlabbenelux.com\/fr\/wp-json\/wp\/v2\/product_tag?post=7749"}],"curies":[{"name":"wp","href":"https:\/\/api.w.org\/{rel}","templated":true}]}}