{"id":7746,"date":"2026-01-28T16:09:04","date_gmt":"2026-01-28T16:09:04","guid":{"rendered":"https:\/\/pelartlabbenelux.com\/product\/peeling-gess-gess-r-complexes-de-fruits-et-dacides-10-ml\/"},"modified":"2026-02-04T15:57:22","modified_gmt":"2026-02-04T15:57:22","slug":"peeling-gess-gess-r-complexes-de-fruits-et-dacides-10-ml","status":"publish","type":"product","link":"https:\/\/pelartlabbenelux.com\/fr\/produit\/peeling-gess-gess-r-complexes-de-fruits-et-dacides-10-ml\/","title":{"rendered":"Peeling \u00ab\u00a0GESS\u00a0\u00bb (GESS + R) Complexes de fruits et d&rsquo;acides, 10 ml"},"content":{"rendered":"<p data-start=\"0\" data-end=\"311\">Le peeling professionnel de profondeur moyenne \u00ab\u00a0GESS\u00a0\u00bb (peeling Jessner + R modifi\u00e9) est l&rsquo;une des m\u00e9thodes les plus efficaces et les plus rapides pour le rajeunissement et la revitalisation en profondeur de la peau. Le complexe d&rsquo;acides a des effets renouvel\u00e9s, s\u00e9bor\u00e9gulateurs et lissants prononc\u00e9s sur la peau, ce qui r\u00e9pond aux principales pr\u00e9occupations esth\u00e9tiques et dermatologiques.<\/p>\n<p data-start=\"313\" data-end=\"597\">Le peeling agit efficacement sur l&rsquo;acn\u00e9 et la post-acn\u00e9, l&rsquo;hyperpigmentation, l&rsquo;hyperk\u00e9ratose, la diminution de la fermet\u00e9 et de l&rsquo;\u00e9lasticit\u00e9 de la peau, ainsi que sur les signes du photovieillissement et du vieillissement chronologique. Recommand\u00e9 pour les peaux denses et grasses, les peaux \u00e0 pores dilat\u00e9s, les rides prononc\u00e9es et les textures irr\u00e9guli\u00e8res.<\/p>\n<p data-start=\"599\" data-end=\"843\">La combinaison des acides lactique, salicylique, az\u00e9la\u00efque et glycolique renforce l&rsquo;exfoliation, stimule le renouvellement cellulaire, am\u00e9liore la texture de la peau et unifie le teint. L&rsquo;hexylr\u00e9sorcinol renforce l&rsquo;effet \u00e9claircissant et r\u00e9duit l&rsquo;intensit\u00e9 de la pigmentation.<\/p>\n<p data-start=\"845\" data-end=\"873\">Pour un usage professionnel uniquement.<\/p>\n<p data-start=\"875\" data-end=\"1133\"><strong>Principaux effets :<\/strong><br data-start=\"887\" data-end=\"890\" \/>&#8211; renouvellement et rajeunissement prononc\u00e9s de la peau<br data-start=\"932\" data-end=\"935\" \/>&#8211; correction de l&rsquo;acn\u00e9, de la post-acn\u00e9 et de l&rsquo;hyperk\u00e9ratose<br data-start=\"986\" data-end=\"989\" \/>&#8211; uniformisation du teint et r\u00e9duction de la pigmentation<br data-start=\"1041\" data-end=\"1044\" data-is-only-node=\"\" \/>&#8211; augmentation de la fermet\u00e9 et de l&rsquo;\u00e9lasticit\u00e9<br data-start=\"1079\" data-end=\"1082\" \/>&#8211; am\u00e9lioration de la texture de la peau et de la qualit\u00e9 g\u00e9n\u00e9rale de l&rsquo;\u00e9piderme<\/p>\n<p data-start=\"1135\" data-end=\"1231\" data-is-last-node=\"\" data-is-only-node=\"\"><strong>Mode d&#8217;emploi :<\/strong><br data-start=\"1146\" data-end=\"1149\" \/>R\u00e9serv\u00e9 \u00e0 un usage professionnel. Appliquer strictement selon le protocole du sp\u00e9cialiste.<\/p>\n<p data-start=\"1135\" data-end=\"1231\" data-is-last-node=\"\" data-is-only-node=\"\"><span data-sheets-root=\"1\"><strong>Ingr\u00e9dients :<\/strong><br \/>\nAlcohol, Butylene Glycol, Lactic Acid, Salicylic Acid, Azelaic Acid, Glycerin, Hexylresorcinol, Glycolic Acid.<\/span><\/p>\n","protected":false},"excerpt":{"rendered":"<p>Le peeling professionnel de profondeur moyenne \u00ab\u00a0GESS\u00a0\u00bb (peeling Jessner + R modifi\u00e9) est l&rsquo;une des m\u00e9thodes les plus efficaces et les plus rapides pour le rajeunissement et la revitalisation en profondeur de la peau. Le complexe d&rsquo;acides a des effets renouvel\u00e9s, s\u00e9bor\u00e9gulateurs et lissants prononc\u00e9s sur la peau, ce qui r\u00e9pond aux principales pr\u00e9occupations esth\u00e9tiques [&hellip;]<\/p>\n","protected":false},"featured_media":7748,"comment_status":"open","ping_status":"closed","template":"","meta":[],"product_brand":[72],"product_cat":[119],"product_tag":[120],"class_list":{"0":"post-7746","1":"product","2":"type-product","3":"status-publish","4":"has-post-thumbnail","6":"product_brand-fruit-and-acid-complexes","7":"product_cat-laboratoire-azidoak-pelart-ligne-de-peeling-professionnel","8":"product_tag-enregistrez-vous-en-tant-que-cosmetologue-pour-acheter-cet-article","10":"first","11":"instock","12":"shipping-taxable","13":"product-type-simple"},"aioseo_notices":[],"_links":{"self":[{"href":"https:\/\/pelartlabbenelux.com\/fr\/wp-json\/wp\/v2\/product\/7746","targetHints":{"allow":["GET"]}}],"collection":[{"href":"https:\/\/pelartlabbenelux.com\/fr\/wp-json\/wp\/v2\/product"}],"about":[{"href":"https:\/\/pelartlabbenelux.com\/fr\/wp-json\/wp\/v2\/types\/product"}],"replies":[{"embeddable":true,"href":"https:\/\/pelartlabbenelux.com\/fr\/wp-json\/wp\/v2\/comments?post=7746"}],"version-history":[{"count":1,"href":"https:\/\/pelartlabbenelux.com\/fr\/wp-json\/wp\/v2\/product\/7746\/revisions"}],"predecessor-version":[{"id":7804,"href":"https:\/\/pelartlabbenelux.com\/fr\/wp-json\/wp\/v2\/product\/7746\/revisions\/7804"}],"wp:featuredmedia":[{"embeddable":true,"href":"https:\/\/pelartlabbenelux.com\/fr\/wp-json\/wp\/v2\/media\/7748"}],"wp:attachment":[{"href":"https:\/\/pelartlabbenelux.com\/fr\/wp-json\/wp\/v2\/media?parent=7746"}],"wp:term":[{"taxonomy":"product_brand","embeddable":true,"href":"https:\/\/pelartlabbenelux.com\/fr\/wp-json\/wp\/v2\/product_brand?post=7746"},{"taxonomy":"product_cat","embeddable":true,"href":"https:\/\/pelartlabbenelux.com\/fr\/wp-json\/wp\/v2\/product_cat?post=7746"},{"taxonomy":"product_tag","embeddable":true,"href":"https:\/\/pelartlabbenelux.com\/fr\/wp-json\/wp\/v2\/product_tag?post=7746"}],"curies":[{"name":"wp","href":"https:\/\/api.w.org\/{rel}","templated":true}]}}