{"id":7745,"date":"2026-01-28T16:10:30","date_gmt":"2026-01-28T16:10:30","guid":{"rendered":"https:\/\/pelartlabbenelux.com\/product\/azelaic-peeling-35-complexes-de-fruits-et-dacides-30-ml\/"},"modified":"2026-02-04T16:00:06","modified_gmt":"2026-02-04T16:00:06","slug":"azelaic-peeling-35-complexes-de-fruits-et-dacides-30-ml","status":"publish","type":"product","link":"https:\/\/pelartlabbenelux.com\/fr\/produit\/azelaic-peeling-35-complexes-de-fruits-et-dacides-30-ml\/","title":{"rendered":"Azelaic peeling 35% Complexes de fruits et d&rsquo;acides, 30 ml"},"content":{"rendered":"<p data-start=\"0\" data-end=\"289\">Peeling professionnel superficiel \u00e0 l&rsquo;acide az\u00e9la\u00efque avec une concentration de 35% dans une solution alcool-eau. La formule est con\u00e7ue pour la correction intensive de l&rsquo;acn\u00e9 et de la post-acn\u00e9, de la rosac\u00e9e, de la d\u00e9mod\u00e9cie, de l&rsquo;hyperpigmentation d&rsquo;origines diverses, du m\u00e9lasma, du photovieillissement et des changements cutan\u00e9s li\u00e9s \u00e0 l&rsquo;\u00e2ge.<\/p>\n<p data-start=\"291\" data-end=\"658\">Le peeling a des effets k\u00e9ratolytiques, anti-inflammatoires et antimicrobiens prononc\u00e9s, normalisant la k\u00e9ratinisation et la r\u00e9gulation du s\u00e9bum. L&rsquo;acide az\u00e9la\u00efque agit sur l&rsquo;ADN des k\u00e9ratinocytes, ralentissant la croissance et la division excessives, ce qui contribue \u00e0 r\u00e9duire l&rsquo;hyperk\u00e9ratose et les manifestations inflammatoires. Le produit est \u00e9galement utilis\u00e9 pour pr\u00e9parer la peau aux proc\u00e9dures laser et aux appareils.<\/p>\n<p data-start=\"660\" data-end=\"925\"><strong>Principaux effets :<\/strong><br data-start=\"672\" data-end=\"675\" \/>&#8211; r\u00e9duction de l&rsquo;inflammation, de l&rsquo;acn\u00e9 et de la post-acn\u00e9<br data-start=\"723\" data-end=\"726\" \/>&#8211; effet d\u00e9pigmentant prononc\u00e9<br data-start=\"758\" data-end=\"761\" \/>&#8211; normalisation de la k\u00e9ratinisation et r\u00e9gulation du s\u00e9bum<br data-start=\"815\" data-end=\"818\" \/>&#8211; action antimicrobienne et anti-inflammatoire<br data-start=\"862\" data-end=\"865\" \/>&#8211; am\u00e9lioration de la texture de la peau et pr\u00e9vention du photovieillissement<\/p>\n<p data-start=\"927\" data-end=\"1023\" data-is-last-node=\"\" data-is-only-node=\"\"><strong>Mode d&#8217;emploi :<\/strong><br data-start=\"938\" data-end=\"941\" \/>R\u00e9serv\u00e9 \u00e0 un usage professionnel. Appliquer strictement selon le protocole du sp\u00e9cialiste.<\/p>\n<p data-start=\"927\" data-end=\"1023\" data-is-last-node=\"\" data-is-only-node=\"\"><span data-sheets-root=\"1\"><strong>Ingr\u00e9dients :<\/strong><br \/>\nButyl\u00e8ne glycol, alcool, acide az\u00e9la\u00efque, propyl\u00e8ne glycol.<\/span><\/p>\n","protected":false},"excerpt":{"rendered":"<p>Peeling professionnel superficiel \u00e0 l&rsquo;acide az\u00e9la\u00efque avec une concentration de 35% dans une solution alcool-eau. La formule est con\u00e7ue pour la correction intensive de l&rsquo;acn\u00e9 et de la post-acn\u00e9, de la rosac\u00e9e, de la d\u00e9mod\u00e9cie, de l&rsquo;hyperpigmentation d&rsquo;origines diverses, du m\u00e9lasma, du photovieillissement et des changements cutan\u00e9s li\u00e9s \u00e0 l&rsquo;\u00e2ge. Le peeling a des effets [&hellip;]<\/p>\n","protected":false},"featured_media":7747,"comment_status":"open","ping_status":"closed","template":"","meta":[],"product_brand":[72],"product_cat":[119],"product_tag":[120],"class_list":{"0":"post-7745","1":"product","2":"type-product","3":"status-publish","4":"has-post-thumbnail","6":"product_brand-fruit-and-acid-complexes","7":"product_cat-laboratoire-azidoak-pelart-ligne-de-peeling-professionnel","8":"product_tag-enregistrez-vous-en-tant-que-cosmetologue-pour-acheter-cet-article","10":"first","11":"instock","12":"shipping-taxable","13":"product-type-simple"},"aioseo_notices":[],"_links":{"self":[{"href":"https:\/\/pelartlabbenelux.com\/fr\/wp-json\/wp\/v2\/product\/7745","targetHints":{"allow":["GET"]}}],"collection":[{"href":"https:\/\/pelartlabbenelux.com\/fr\/wp-json\/wp\/v2\/product"}],"about":[{"href":"https:\/\/pelartlabbenelux.com\/fr\/wp-json\/wp\/v2\/types\/product"}],"replies":[{"embeddable":true,"href":"https:\/\/pelartlabbenelux.com\/fr\/wp-json\/wp\/v2\/comments?post=7745"}],"version-history":[{"count":1,"href":"https:\/\/pelartlabbenelux.com\/fr\/wp-json\/wp\/v2\/product\/7745\/revisions"}],"predecessor-version":[{"id":7810,"href":"https:\/\/pelartlabbenelux.com\/fr\/wp-json\/wp\/v2\/product\/7745\/revisions\/7810"}],"wp:featuredmedia":[{"embeddable":true,"href":"https:\/\/pelartlabbenelux.com\/fr\/wp-json\/wp\/v2\/media\/7747"}],"wp:attachment":[{"href":"https:\/\/pelartlabbenelux.com\/fr\/wp-json\/wp\/v2\/media?parent=7745"}],"wp:term":[{"taxonomy":"product_brand","embeddable":true,"href":"https:\/\/pelartlabbenelux.com\/fr\/wp-json\/wp\/v2\/product_brand?post=7745"},{"taxonomy":"product_cat","embeddable":true,"href":"https:\/\/pelartlabbenelux.com\/fr\/wp-json\/wp\/v2\/product_cat?post=7745"},{"taxonomy":"product_tag","embeddable":true,"href":"https:\/\/pelartlabbenelux.com\/fr\/wp-json\/wp\/v2\/product_tag?post=7745"}],"curies":[{"name":"wp","href":"https:\/\/api.w.org\/{rel}","templated":true}]}}