{"id":7743,"date":"2026-01-28T16:08:44","date_gmt":"2026-01-28T16:08:44","guid":{"rendered":"https:\/\/pelartlabbenelux.com\/product\/peeling-enzymatique-a-la-papaine-complexes-de-fruits-et-dacides-50-ml\/"},"modified":"2026-02-04T15:54:01","modified_gmt":"2026-02-04T15:54:01","slug":"peeling-enzymatique-a-la-papaine-complexes-de-fruits-et-dacides-50-ml","status":"publish","type":"product","link":"https:\/\/pelartlabbenelux.com\/fr\/produit\/peeling-enzymatique-a-la-papaine-complexes-de-fruits-et-dacides-50-ml\/","title":{"rendered":"Peeling enzymatique \u00e0 la papa\u00efne Complexes de fruits et d&rsquo;acides, 50 ml"},"content":{"rendered":"<p data-start=\"0\" data-end=\"544\">Le peeling enzymatique \u00e0 la papa\u00efne est con\u00e7u pour un renouvellement cutan\u00e9 doux et efficace pour tous les types de peau, y compris les peaux sensibles. La formule \u00e0 base d&rsquo;enzymes dissout d\u00e9licatement les impuret\u00e9s prot\u00e9iques et les cellules mortes de la peau, offrant un effet plus doux que les acides AHA sans risque d&rsquo;irritation. Le peeling a des propri\u00e9t\u00e9s hypoallerg\u00e9niques, am\u00e9liore la perm\u00e9abilit\u00e9 de la peau et la pr\u00e9pare pour les \u00e9tapes suivantes de soins de la peau et les proc\u00e9dures cosm\u00e9tiques. Il est utilis\u00e9 pour corriger le photovieillissement, l&rsquo;hyperk\u00e9ratose folliculaire et comme \u00e9tape auxiliaire dans les peelings combin\u00e9s.<\/p>\n<p data-start=\"546\" data-end=\"592\">Convient aussi bien \u00e0 un usage professionnel qu&rsquo;\u00e0 un usage domestique.<\/p>\n<p data-start=\"594\" data-end=\"840\"><strong>Effets cl\u00e9s :<\/strong><br data-start=\"606\" data-end=\"609\" \/>&#8211; exfoliation douce sans irritation<br data-start=\"648\" data-end=\"651\" \/>&#8211; lissage de la texture de la peau et microrelief<br data-start=\"691\" data-end=\"694\" \/>&#8211; correction des signes de photovieillissement<br data-start=\"729\" data-end=\"732\" \/>&#8211; augmentation de la perm\u00e9abilit\u00e9 de la peau aux principes actifs<br data-start=\"784\" data-end=\"787\" \/>&#8211; am\u00e9lioration de la qualit\u00e9 et de la fra\u00eecheur g\u00e9n\u00e9rales de la peau<\/p>\n<p data-start=\"842\" data-end=\"941\" data-is-last-node=\"\" data-is-only-node=\"\"><strong>Mode d&#8217;emploi :<\/strong><br data-start=\"853\" data-end=\"856\" \/>Destin\u00e9 \u00e0 \u00eatre utilis\u00e9 dans les proc\u00e9dures de soins professionnels et \u00e0 domicile conform\u00e9ment au protocole.<\/p>\n<p data-start=\"842\" data-end=\"941\" data-is-last-node=\"\" data-is-only-node=\"\"><span data-sheets-root=\"1\"><strong>Ingr\u00e9dients :<\/strong><br \/>\nAqua (eau), acide glycolique, papa\u00efne, acide lactique, acide citrique, acide tartrique, acide mand\u00e9lique, acide pyruvique, hydroxy\u00e9thylcellulose, alcool de b\u00e9h\u00e9nyle, huile de ricin hydrog\u00e9n\u00e9e, alcool st\u00e9arylique, prot\u00e9ase, subtilisine. <\/span><\/p>\n","protected":false},"excerpt":{"rendered":"<p>Le peeling enzymatique \u00e0 la papa\u00efne est con\u00e7u pour un renouvellement cutan\u00e9 doux et efficace pour tous les types de peau, y compris les peaux sensibles. La formule \u00e0 base d&rsquo;enzymes dissout d\u00e9licatement les impuret\u00e9s prot\u00e9iques et les cellules mortes de la peau, offrant un effet plus doux que les acides AHA sans risque d&rsquo;irritation. [&hellip;]<\/p>\n","protected":false},"featured_media":7744,"comment_status":"open","ping_status":"closed","template":"","meta":[],"product_brand":[72],"product_cat":[119],"product_tag":[],"class_list":{"0":"post-7743","1":"product","2":"type-product","3":"status-publish","4":"has-post-thumbnail","6":"product_brand-fruit-and-acid-complexes","7":"product_cat-laboratoire-azidoak-pelart-ligne-de-peeling-professionnel","9":"first","10":"instock","11":"shipping-taxable","12":"purchasable","13":"product-type-simple"},"aioseo_notices":[],"_links":{"self":[{"href":"https:\/\/pelartlabbenelux.com\/fr\/wp-json\/wp\/v2\/product\/7743","targetHints":{"allow":["GET"]}}],"collection":[{"href":"https:\/\/pelartlabbenelux.com\/fr\/wp-json\/wp\/v2\/product"}],"about":[{"href":"https:\/\/pelartlabbenelux.com\/fr\/wp-json\/wp\/v2\/types\/product"}],"replies":[{"embeddable":true,"href":"https:\/\/pelartlabbenelux.com\/fr\/wp-json\/wp\/v2\/comments?post=7743"}],"version-history":[{"count":1,"href":"https:\/\/pelartlabbenelux.com\/fr\/wp-json\/wp\/v2\/product\/7743\/revisions"}],"predecessor-version":[{"id":7795,"href":"https:\/\/pelartlabbenelux.com\/fr\/wp-json\/wp\/v2\/product\/7743\/revisions\/7795"}],"wp:featuredmedia":[{"embeddable":true,"href":"https:\/\/pelartlabbenelux.com\/fr\/wp-json\/wp\/v2\/media\/7744"}],"wp:attachment":[{"href":"https:\/\/pelartlabbenelux.com\/fr\/wp-json\/wp\/v2\/media?parent=7743"}],"wp:term":[{"taxonomy":"product_brand","embeddable":true,"href":"https:\/\/pelartlabbenelux.com\/fr\/wp-json\/wp\/v2\/product_brand?post=7743"},{"taxonomy":"product_cat","embeddable":true,"href":"https:\/\/pelartlabbenelux.com\/fr\/wp-json\/wp\/v2\/product_cat?post=7743"},{"taxonomy":"product_tag","embeddable":true,"href":"https:\/\/pelartlabbenelux.com\/fr\/wp-json\/wp\/v2\/product_tag?post=7743"}],"curies":[{"name":"wp","href":"https:\/\/api.w.org\/{rel}","templated":true}]}}