{"id":7741,"date":"2026-01-28T16:09:04","date_gmt":"2026-01-28T16:09:04","guid":{"rendered":"https:\/\/pelartlabbenelux.com\/product\/peeling-tca-15-trichloracetique-peeling-complexes-de-fruits-et-dacides-10-ml\/"},"modified":"2026-02-04T15:58:50","modified_gmt":"2026-02-04T15:58:50","slug":"peeling-tca-15-trichloracetique-peeling-complexes-de-fruits-et-dacides-10-ml","status":"publish","type":"product","link":"https:\/\/pelartlabbenelux.com\/fr\/produit\/peeling-tca-15-trichloracetique-peeling-complexes-de-fruits-et-dacides-10-ml\/","title":{"rendered":"Peeling TCA 15% trichlorac\u00e9tique peeling Complexes de fruits et d&rsquo;acides, 10 ml"},"content":{"rendered":"<p data-start=\"0\" data-end=\"395\">Peeling professionnel TCA de profondeur moyenne avec une concentration de 15 % d&rsquo;acide trichlorac\u00e9tique, con\u00e7u pour un renouvellement et un remodelage prononc\u00e9s de la peau. Le peeling traite efficacement les signes du photovieillissement et du vieillissement chronologique, les rides superficielles et profondes, les modifications du tissu cicatriciel, ainsi que diverses formes de troubles pigmentaires, notamment le m\u00e9lasma, l&rsquo;hyperpigmentation post-inflammatoire, les lentigines et les taches de rousseur.<\/p>\n<p data-start=\"397\" data-end=\"738\">Le peeling TCA stimule le renouvellement actif de l&rsquo;\u00e9piderme et renforce l&rsquo;activit\u00e9 des fibroblastes, responsables de la synth\u00e8se des composants de la matrice extracellulaire &#8211; glycosaminoglycanes et prot\u00e9oglycanes structurels. Il en r\u00e9sulte une r\u00e9organisation des fibres de collag\u00e8ne et d&rsquo;\u00e9lastine, ce qui am\u00e9liore consid\u00e9rablement la densit\u00e9, la fermet\u00e9 et les propri\u00e9t\u00e9s physiologiques de la peau.<\/p>\n<p data-start=\"740\" data-end=\"864\">\u00c9galement utilis\u00e9 pour la correction de la k\u00e9ratose actinique et s\u00e9borrh\u00e9ique, de l&rsquo;acn\u00e9 et de la post-acn\u00e9. R\u00e9serv\u00e9 \u00e0 un usage professionnel.<\/p>\n<p data-start=\"866\" data-end=\"1110\"><strong>Principaux effets :<\/strong><br data-start=\"878\" data-end=\"881\" \/>&#8211; renouvellement et remodelage intensifs de la peau<br data-start=\"920\" data-end=\"923\" \/>&#8211; r\u00e9duction des rides et du tissu cicatriciel<br data-start=\"962\" data-end=\"965\" \/>&#8211; correction de la pigmentation et uniformisation du teint<br data-start=\"1018\" data-end=\"1021\" \/>&#8211; augmentation de la densit\u00e9 et de la fermet\u00e9 de la peau<br data-start=\"1058\" data-end=\"1061\" \/>&#8211; stimulation de la synth\u00e8se du collag\u00e8ne et de l&rsquo;\u00e9lastine<\/p>\n<p data-start=\"1112\" data-end=\"1208\" data-is-last-node=\"\" data-is-only-node=\"\"><strong>Mode d&#8217;emploi :<\/strong><br data-start=\"1123\" data-end=\"1126\" \/>R\u00e9serv\u00e9 \u00e0 un usage professionnel. Appliquer strictement selon le protocole du sp\u00e9cialiste.<\/p>\n<p data-start=\"1112\" data-end=\"1208\" data-is-last-node=\"\" data-is-only-node=\"\"><span data-sheets-root=\"1\"><strong>Ingr\u00e9dients :<\/strong><br \/>\nAqua (eau), alcool, acide trichlorac\u00e9tique, ur\u00e9e, acide citrique, propyl\u00e8ne glycol. <\/span><\/p>\n","protected":false},"excerpt":{"rendered":"<p>Peeling professionnel TCA de profondeur moyenne avec une concentration de 15 % d&rsquo;acide trichlorac\u00e9tique, con\u00e7u pour un renouvellement et un remodelage prononc\u00e9s de la peau. Le peeling traite efficacement les signes du photovieillissement et du vieillissement chronologique, les rides superficielles et profondes, les modifications du tissu cicatriciel, ainsi que diverses formes de troubles pigmentaires, notamment [&hellip;]<\/p>\n","protected":false},"featured_media":7742,"comment_status":"open","ping_status":"closed","template":"","meta":[],"product_brand":[72],"product_cat":[119],"product_tag":[120],"class_list":{"0":"post-7741","1":"product","2":"type-product","3":"status-publish","4":"has-post-thumbnail","6":"product_brand-fruit-and-acid-complexes","7":"product_cat-laboratoire-azidoak-pelart-ligne-de-peeling-professionnel","8":"product_tag-enregistrez-vous-en-tant-que-cosmetologue-pour-acheter-cet-article","10":"first","11":"instock","12":"shipping-taxable","13":"product-type-simple"},"aioseo_notices":[],"_links":{"self":[{"href":"https:\/\/pelartlabbenelux.com\/fr\/wp-json\/wp\/v2\/product\/7741","targetHints":{"allow":["GET"]}}],"collection":[{"href":"https:\/\/pelartlabbenelux.com\/fr\/wp-json\/wp\/v2\/product"}],"about":[{"href":"https:\/\/pelartlabbenelux.com\/fr\/wp-json\/wp\/v2\/types\/product"}],"replies":[{"embeddable":true,"href":"https:\/\/pelartlabbenelux.com\/fr\/wp-json\/wp\/v2\/comments?post=7741"}],"version-history":[{"count":1,"href":"https:\/\/pelartlabbenelux.com\/fr\/wp-json\/wp\/v2\/product\/7741\/revisions"}],"predecessor-version":[{"id":7806,"href":"https:\/\/pelartlabbenelux.com\/fr\/wp-json\/wp\/v2\/product\/7741\/revisions\/7806"}],"wp:featuredmedia":[{"embeddable":true,"href":"https:\/\/pelartlabbenelux.com\/fr\/wp-json\/wp\/v2\/media\/7742"}],"wp:attachment":[{"href":"https:\/\/pelartlabbenelux.com\/fr\/wp-json\/wp\/v2\/media?parent=7741"}],"wp:term":[{"taxonomy":"product_brand","embeddable":true,"href":"https:\/\/pelartlabbenelux.com\/fr\/wp-json\/wp\/v2\/product_brand?post=7741"},{"taxonomy":"product_cat","embeddable":true,"href":"https:\/\/pelartlabbenelux.com\/fr\/wp-json\/wp\/v2\/product_cat?post=7741"},{"taxonomy":"product_tag","embeddable":true,"href":"https:\/\/pelartlabbenelux.com\/fr\/wp-json\/wp\/v2\/product_tag?post=7741"}],"curies":[{"name":"wp","href":"https:\/\/api.w.org\/{rel}","templated":true}]}}