{"id":7738,"date":"2026-01-28T16:09:04","date_gmt":"2026-01-28T16:09:04","guid":{"rendered":"https:\/\/pelartlabbenelux.com\/product\/pate-creme-lait-peeling-complexes-de-fruits-et-dacides-250-ml\/"},"modified":"2026-02-04T15:59:06","modified_gmt":"2026-02-04T15:59:06","slug":"pate-creme-lait-peeling-complexes-de-fruits-et-dacides-250-ml","status":"publish","type":"product","link":"https:\/\/pelartlabbenelux.com\/fr\/produit\/pate-creme-lait-peeling-complexes-de-fruits-et-dacides-250-ml\/","title":{"rendered":"P\u00e2te-cr\u00e8me \u00ab\u00a0Lait Peeling\u00a0\u00bb Complexes de fruits et d&rsquo;acides, 250 ml"},"content":{"rendered":"<p data-start=\"0\" data-end=\"268\">Le peeling au lait sous forme de cr\u00e8me-p\u00e2te est l&rsquo;une des m\u00e9thodes d&rsquo;exfoliation les plus douces et les moins traumatisantes, qui convient aux peaux sensibles, s\u00e8ches, grasses et \u00e0 probl\u00e8mes. Gr\u00e2ce \u00e0 l&rsquo;acide lactique, il permet une action uniforme et d\u00e9licate sur toute la surface de la peau, sans irritation.<\/p>\n<p data-start=\"270\" data-end=\"647\">Le peeling active le renouvellement cellulaire \u00e9pidermique, am\u00e9liore la microcirculation et stimule la synth\u00e8se des glycosaminoglycanes et du collag\u00e8ne dans le derme, contribuant \u00e0 un effet lifting prononc\u00e9 gr\u00e2ce \u00e0 l&rsquo;activation des fibroblastes. L&rsquo;acide lactique, qui est un composant du facteur naturel d&rsquo;hydratation de la peau (NMF), a des propri\u00e9t\u00e9s antioxydantes et aide \u00e0 maintenir des niveaux d&rsquo;hydratation optimaux.<\/p>\n<p data-start=\"649\" data-end=\"987\">La formule r\u00e9gule la production de s\u00e9bum, r\u00e9duit la coh\u00e9sion des corn\u00e9ocytes, facilite le nettoyage des pores et diminue les com\u00e9dons. Les prot\u00e9ines de lait hydrolys\u00e9es enrichissent la peau en acides amin\u00e9s, restaurent sa physiologie et r\u00e9duisent la r\u00e9activit\u00e9 et l&rsquo;inflammation. La peau devient mate, lisse et velout\u00e9e, avec un teint visiblement uniforme et une pigmentation r\u00e9duite.<\/p>\n<p data-start=\"989\" data-end=\"1214\"><strong>Principaux effets :<\/strong><br data-start=\"1001\" data-end=\"1004\" \/>&#8211; exfoliation douce et uniforme<br data-start=\"1033\" data-end=\"1036\" \/>&#8211; stimulation du renouvellement et de la r\u00e9g\u00e9n\u00e9ration de la peau<br data-start=\"1079\" data-end=\"1082\" \/>&#8211; am\u00e9lioration de la microcirculation et effet lifting<br data-start=\"1128\" data-end=\"1131\" \/>&#8211; action s\u00e9bor\u00e9gulatrice et matifiante<br data-start=\"1171\" data-end=\"1174\" \/>&#8211; \u00e9claircissement et uniformisation du teint de la peau<\/p>\n<p data-start=\"1216\" data-end=\"1330\" data-is-last-node=\"\" data-is-only-node=\"\"><strong>Mode d&#8217;emploi :<\/strong><br data-start=\"1227\" data-end=\"1230\" \/>Peeling-gommage superficiel. Convient \u00e0 l&rsquo;usage domestique et professionnel. Suivez le protocole de la proc\u00e9dure.<\/p>\n<p data-start=\"1216\" data-end=\"1330\" data-is-last-node=\"\" data-is-only-node=\"\"><span data-sheets-root=\"1\"><strong>Ingr\u00e9dients :<\/strong><br \/>\nKaolin, blanc d&rsquo;\u0153uf sec, hydrolysat de prot\u00e9ines de lait, cas\u00e9ine, acide lactique, m\u00e9thylcellulose, cas\u00e9inate de calcium. <\/span><\/p>\n","protected":false},"excerpt":{"rendered":"<p>Le peeling au lait sous forme de cr\u00e8me-p\u00e2te est l&rsquo;une des m\u00e9thodes d&rsquo;exfoliation les plus douces et les moins traumatisantes, qui convient aux peaux sensibles, s\u00e8ches, grasses et \u00e0 probl\u00e8mes. Gr\u00e2ce \u00e0 l&rsquo;acide lactique, il permet une action uniforme et d\u00e9licate sur toute la surface de la peau, sans irritation. Le peeling active le renouvellement [&hellip;]<\/p>\n","protected":false},"featured_media":7740,"comment_status":"open","ping_status":"closed","template":"","meta":[],"product_brand":[72],"product_cat":[119],"product_tag":[120],"class_list":{"0":"post-7738","1":"product","2":"type-product","3":"status-publish","4":"has-post-thumbnail","6":"product_brand-fruit-and-acid-complexes","7":"product_cat-laboratoire-azidoak-pelart-ligne-de-peeling-professionnel","8":"product_tag-enregistrez-vous-en-tant-que-cosmetologue-pour-acheter-cet-article","10":"first","11":"instock","12":"shipping-taxable","13":"product-type-simple"},"aioseo_notices":[],"_links":{"self":[{"href":"https:\/\/pelartlabbenelux.com\/fr\/wp-json\/wp\/v2\/product\/7738","targetHints":{"allow":["GET"]}}],"collection":[{"href":"https:\/\/pelartlabbenelux.com\/fr\/wp-json\/wp\/v2\/product"}],"about":[{"href":"https:\/\/pelartlabbenelux.com\/fr\/wp-json\/wp\/v2\/types\/product"}],"replies":[{"embeddable":true,"href":"https:\/\/pelartlabbenelux.com\/fr\/wp-json\/wp\/v2\/comments?post=7738"}],"version-history":[{"count":1,"href":"https:\/\/pelartlabbenelux.com\/fr\/wp-json\/wp\/v2\/product\/7738\/revisions"}],"predecessor-version":[{"id":7807,"href":"https:\/\/pelartlabbenelux.com\/fr\/wp-json\/wp\/v2\/product\/7738\/revisions\/7807"}],"wp:featuredmedia":[{"embeddable":true,"href":"https:\/\/pelartlabbenelux.com\/fr\/wp-json\/wp\/v2\/media\/7740"}],"wp:attachment":[{"href":"https:\/\/pelartlabbenelux.com\/fr\/wp-json\/wp\/v2\/media?parent=7738"}],"wp:term":[{"taxonomy":"product_brand","embeddable":true,"href":"https:\/\/pelartlabbenelux.com\/fr\/wp-json\/wp\/v2\/product_brand?post=7738"},{"taxonomy":"product_cat","embeddable":true,"href":"https:\/\/pelartlabbenelux.com\/fr\/wp-json\/wp\/v2\/product_cat?post=7738"},{"taxonomy":"product_tag","embeddable":true,"href":"https:\/\/pelartlabbenelux.com\/fr\/wp-json\/wp\/v2\/product_tag?post=7738"}],"curies":[{"name":"wp","href":"https:\/\/api.w.org\/{rel}","templated":true}]}}