{"id":7737,"date":"2026-01-28T16:08:44","date_gmt":"2026-01-28T16:08:44","guid":{"rendered":"https:\/\/pelartlabbenelux.com\/product\/pate-creme-milk-peeling-complexes-de-fruits-et-dacides-50-ml\/"},"modified":"2026-02-04T15:54:37","modified_gmt":"2026-02-04T15:54:37","slug":"pate-creme-milk-peeling-complexes-de-fruits-et-dacides-50-ml","status":"publish","type":"product","link":"https:\/\/pelartlabbenelux.com\/fr\/produit\/pate-creme-milk-peeling-complexes-de-fruits-et-dacides-50-ml\/","title":{"rendered":"P\u00e2te-cr\u00e8me \u00ab\u00a0Milk Peeling\u00a0\u00bb Complexes de fruits et d&rsquo;acides, 50 ml"},"content":{"rendered":"<p data-start=\"0\" data-end=\"299\">La cr\u00e8me-p\u00e2te \u00ab\u00a0Milk Peeling\u00a0\u00bb est un produit exfoliant d\u00e9licat \u00e0 base d&rsquo;acide lactique et de prot\u00e9ines de lait, con\u00e7u pour le peeling superficiel \u00e0 domicile et en milieu professionnel. La formule a un effet doux et convient \u00e0 tous les types de peau, y compris les peaux sensibles, s\u00e8ches, grasses et \u00e0 probl\u00e8mes.<\/p>\n<p data-start=\"301\" data-end=\"708\">L&rsquo;acide lactique p\u00e9n\u00e8tre uniform\u00e9ment dans la peau, stimule le renouvellement des cellules \u00e9pidermiques, am\u00e9liore la microcirculation et favorise la synth\u00e8se du collag\u00e8ne et des glycosaminoglycanes, d&rsquo;o\u00f9 un effet lifting prononc\u00e9. Le kaolin et les composants s\u00e9bostatiques aident \u00e0 nettoyer les pores, \u00e0 r\u00e9duire la production de s\u00e9bum et \u00e0 matifier la peau, tandis que les prot\u00e9ines de lait hydrolys\u00e9es r\u00e9duisent la r\u00e9activit\u00e9 et l&rsquo;inflammation et r\u00e9tablissent l&rsquo;\u00e9quilibre physiologique de la peau.<\/p>\n<p data-start=\"710\" data-end=\"838\">En cons\u00e9quence, la peau devient plus lisse, plus lumineuse et plus velout\u00e9e, avec un teint uniforme et une r\u00e9duction de la pigmentation et des imperfections.<\/p>\n<p data-start=\"840\" data-end=\"1094\"><strong>Effets cl\u00e9s :<\/strong><br data-start=\"852\" data-end=\"855\" \/>&#8211; exfoliation douce et uniforme sans traumatisme<br data-start=\"899\" data-end=\"902\" \/>&#8211; \u00e9claircissement et r\u00e9duction de la pigmentation<br data-start=\"945\" data-end=\"948\" \/>&#8211; lifting et stimulation de la synth\u00e8se du collag\u00e8ne<br data-start=\"995\" data-end=\"998\" \/>&#8211; r\u00e9gulation du s\u00e9bum et nettoyage des pores<br data-start=\"1035\" data-end=\"1038\" \/>&#8211; augmentation de la douceur et de la texture velout\u00e9e de la peau<\/p>\n<p data-start=\"1096\" data-end=\"1215\" data-is-last-node=\"\" data-is-only-node=\"\"><strong>Mode d&#8217;emploi :<\/strong><br data-start=\"1107\" data-end=\"1110\" \/>Utiliser comme peeling-gommage superficiel dans les proc\u00e9dures de soins domestiques et professionnels selon le protocole.<\/p>\n<p data-start=\"1096\" data-end=\"1215\" data-is-last-node=\"\" data-is-only-node=\"\"><strong>Ingr\u00e9dients :<\/strong><br \/>\nKaolin, blanc d&rsquo;\u0153uf s\u00e9ch\u00e9, prot\u00e9ines de lait hydrolys\u00e9es, cas\u00e9ine, acide lactique, m\u00e9thylcellulose, cas\u00e9inate de calcium.<\/p>\n","protected":false},"excerpt":{"rendered":"<p>La cr\u00e8me-p\u00e2te \u00ab\u00a0Milk Peeling\u00a0\u00bb est un produit exfoliant d\u00e9licat \u00e0 base d&rsquo;acide lactique et de prot\u00e9ines de lait, con\u00e7u pour le peeling superficiel \u00e0 domicile et en milieu professionnel. La formule a un effet doux et convient \u00e0 tous les types de peau, y compris les peaux sensibles, s\u00e8ches, grasses et \u00e0 probl\u00e8mes. L&rsquo;acide lactique [&hellip;]<\/p>\n","protected":false},"featured_media":7739,"comment_status":"open","ping_status":"closed","template":"","meta":[],"product_brand":[72],"product_cat":[119],"product_tag":[],"class_list":{"0":"post-7737","1":"product","2":"type-product","3":"status-publish","4":"has-post-thumbnail","6":"product_brand-fruit-and-acid-complexes","7":"product_cat-laboratoire-azidoak-pelart-ligne-de-peeling-professionnel","9":"first","10":"instock","11":"shipping-taxable","12":"purchasable","13":"product-type-simple"},"aioseo_notices":[],"_links":{"self":[{"href":"https:\/\/pelartlabbenelux.com\/fr\/wp-json\/wp\/v2\/product\/7737","targetHints":{"allow":["GET"]}}],"collection":[{"href":"https:\/\/pelartlabbenelux.com\/fr\/wp-json\/wp\/v2\/product"}],"about":[{"href":"https:\/\/pelartlabbenelux.com\/fr\/wp-json\/wp\/v2\/types\/product"}],"replies":[{"embeddable":true,"href":"https:\/\/pelartlabbenelux.com\/fr\/wp-json\/wp\/v2\/comments?post=7737"}],"version-history":[{"count":1,"href":"https:\/\/pelartlabbenelux.com\/fr\/wp-json\/wp\/v2\/product\/7737\/revisions"}],"predecessor-version":[{"id":7797,"href":"https:\/\/pelartlabbenelux.com\/fr\/wp-json\/wp\/v2\/product\/7737\/revisions\/7797"}],"wp:featuredmedia":[{"embeddable":true,"href":"https:\/\/pelartlabbenelux.com\/fr\/wp-json\/wp\/v2\/media\/7739"}],"wp:attachment":[{"href":"https:\/\/pelartlabbenelux.com\/fr\/wp-json\/wp\/v2\/media?parent=7737"}],"wp:term":[{"taxonomy":"product_brand","embeddable":true,"href":"https:\/\/pelartlabbenelux.com\/fr\/wp-json\/wp\/v2\/product_brand?post=7737"},{"taxonomy":"product_cat","embeddable":true,"href":"https:\/\/pelartlabbenelux.com\/fr\/wp-json\/wp\/v2\/product_cat?post=7737"},{"taxonomy":"product_tag","embeddable":true,"href":"https:\/\/pelartlabbenelux.com\/fr\/wp-json\/wp\/v2\/product_tag?post=7737"}],"curies":[{"name":"wp","href":"https:\/\/api.w.org\/{rel}","templated":true}]}}